{"id":5629,"date":"2021-10-01T07:22:54","date_gmt":"2021-10-01T07:22:54","guid":{"rendered":"https:\/\/www.cnctech.ro\/?page_id=5629"},"modified":"2022-02-01T10:57:18","modified_gmt":"2022-02-01T10:57:18","slug":"controlul-calitatii-si-livrare","status":"publish","type":"page","link":"https:\/\/www.cnctech.ro\/en\/quality-control\/","title":{"rendered":"Quality control &#038; delivery"},"content":{"rendered":"<p>[vc_row][vc_column][vc_column_text]Quality control is absolutely necessary in any organization in order to generate confidence, that the product will meet the requirements and expectations of customers, regarding quality.<br \/>\nCNC Tech products are made in accordance with the European quality standards, our company being ISO 9001: 2015 certified for all activities carried out within it.<br \/>\nFrom the design phase to delivery, CNC Tech ensures the verification of projects and products at every stage of the production process, successfully combining the measuring instruments with the experience and professionalism of the staff dealing with CTC.<br \/>\nQuality control is performed using a large number of instruments for measurement and control. We generally use Mytutoyo tools because they are of high quality and they ensure precision, repeatability and quality. All measurement and control instruments have up-to-date verification reports, as we are being constantly making sure that we get zero errors in the production process.<br \/>\nWe measure the dimensions using a 2D Tesa Hite Magna 700 altimeter, which is enough for us at the moment to measure all the parts we produce.<br \/>\nCNC Tech pays special attention to the quality of the welds and in this sense, we perform several types of control:<\/p>\n<ul>\n<li>100% visual<\/li>\n<li>Penetrating Liquid<\/li>\n<li>US, etc<\/li>\n<\/ul>\n<p>Painting is one of the key points of the QC Department. With the equipment, we can measure the thickness of the dry layer (DFT) and its adhesion, in accordance with ISO 2409. For this purpose, we use an Elcometer 2SM paint control kit.<br \/>\nIn the company`s efforts to permanently optimize the working conditions and to continuously improve the quality of the obtained products, exhausting installations were installed during 2021. With their help, it was possible to increase the productivity rate, by reducing the pollution of the workshop with micro-dust and fog. At the same time, it has increased the efficiency of machine tools by eliminating the stratification of pollutants.<br \/>\nThe degree of difficulty of the products that are made in CNC Tech is medium-high, therefore the tolerances we work with are tight, and the quality component is of significant importance.<br \/>\nOnce the production process is completed, the products made within the company are ready for delivery, just as provided in each placed order. They are packaged according to their size and characteristics, so that they are protected throughout transport, but also easy to identify once they reach their destination.<br \/>\nThe transport is carried out according to the provisions of each contract, but always respecting the INCOTERMS indications. CNC Tech has a wide network of partners with which you can perform any type of transport, at any distance. For local partners, located at short distances, we provide transportation with the company&#8217;s own cars.<\/p>\n<p><strong>CONTACT US by e-mail or telephone, to obtain more details regarding the machining operations performed by our professionals or COME VISIT CNC Tech!<\/strong>[\/vc_column_text][\/vc_column][\/vc_row][vc_row][vc_column][vc_gallery type=&#8221;image_grid&#8221; images=&#8221;5821,5818,5820,5819,5823,5822&#8243; img_size=&#8221;150&#215;100&#8243;][\/vc_column][\/vc_row]<\/p>\n","protected":false},"excerpt":{"rendered":"<p>[vc_row][vc_column][vc_column_text]Quality control is absolutely necessary in any organization in order to generate confidence, that the product will meet the requirements and expectations of customers, regarding quality.<span class=\"excerpt-hellip\"> [\u2026]<\/span><\/p>\n","protected":false},"author":1,"featured_media":0,"parent":0,"menu_order":0,"comment_status":"closed","ping_status":"closed","template":"","meta":{"footnotes":""},"class_list":["post-5629","page","type-page","status-publish","hentry"],"yoast_head":"<!-- This site is optimized with the Yoast SEO plugin v27.5 - https:\/\/yoast.com\/product\/yoast-seo-wordpress\/ -->\n<title>Delivery and quality control at CNC Tech<\/title>\n<meta name=\"description\" content=\"Our products are made in accordance with the quality standards in force at European level, the company being ISO 9001: 2015 certified.\" \/>\n<meta name=\"robots\" content=\"index, follow, max-snippet:-1, max-image-preview:large, max-video-preview:-1\" \/>\n<link rel=\"canonical\" href=\"https:\/\/www.cnctech.ro\/controlul-calitatii\/\" \/>\n<meta property=\"og:locale\" content=\"en_US\" \/>\n<meta property=\"og:type\" content=\"article\" \/>\n<meta property=\"og:title\" content=\"Delivery and quality control at CNC Tech\" \/>\n<meta property=\"og:description\" content=\"Our products are made in accordance with the quality standards in force at European level, the company being ISO 9001: 2015 certified.\" \/>\n<meta property=\"og:url\" content=\"https:\/\/www.cnctech.ro\/controlul-calitatii\/\" \/>\n<meta property=\"og:site_name\" content=\"CNC Tech\" \/>\n<meta property=\"article:modified_time\" content=\"2022-02-01T10:57:18+00:00\" \/>\n<meta name=\"twitter:card\" content=\"summary_large_image\" \/>\n<meta name=\"twitter:label1\" content=\"Est. reading time\" \/>\n\t<meta name=\"twitter:data1\" content=\"3 minutes\" \/>\n<script type=\"application\/ld+json\" class=\"yoast-schema-graph\">{\"@context\":\"https:\\\/\\\/schema.org\",\"@graph\":[{\"@type\":\"WebPage\",\"@id\":\"https:\\\/\\\/www.cnctech.ro\\\/controlul-calitatii\\\/\",\"url\":\"https:\\\/\\\/www.cnctech.ro\\\/controlul-calitatii\\\/\",\"name\":\"[:ro]Controlul calit\u0103\u021bii \u0219i livrare la CNC Tech[:en]Delivery and quality control at CNC Tech[:de]Qualit\u00e4tskontrolle und Lieferung bei CNC Tech[:]\",\"isPartOf\":{\"@id\":\"https:\\\/\\\/www.cnctech.ro\\\/#website\"},\"datePublished\":\"2021-10-01T07:22:54+00:00\",\"dateModified\":\"2022-02-01T10:57:18+00:00\",\"description\":\"[:ro]Produsele sunt realizate in conformitate cu standardele de calitate in vigoare la nivel european, societatea fiind certificata ISO 9001:2015.[:en]Our products are made in accordance with the quality standards in force at European level, the company being ISO 9001: 2015 certified.[:de]Die Produkte werden in \u00dcbereinstimmung mit den auf europ\u00e4ischer Ebene geltenden Qualit\u00e4tsstandards hergestellt, das Unternehmen ist nach ISO 9001:2015 zertifiziert.[:]\",\"breadcrumb\":{\"@id\":\"https:\\\/\\\/www.cnctech.ro\\\/controlul-calitatii\\\/#breadcrumb\"},\"inLanguage\":\"en-US\",\"potentialAction\":[{\"@type\":\"ReadAction\",\"target\":[\"https:\\\/\\\/www.cnctech.ro\\\/controlul-calitatii\\\/\"]}]},{\"@type\":\"BreadcrumbList\",\"@id\":\"https:\\\/\\\/www.cnctech.ro\\\/controlul-calitatii\\\/#breadcrumb\",\"itemListElement\":[{\"@type\":\"ListItem\",\"position\":1,\"name\":\"Prima pagin\u0103\",\"item\":\"https:\\\/\\\/www.cnctech.ro\\\/\"},{\"@type\":\"ListItem\",\"position\":2,\"name\":\"Controlul calit\u0103\u021bii \u0219i livrare\"}]},{\"@type\":\"WebSite\",\"@id\":\"https:\\\/\\\/www.cnctech.ro\\\/#website\",\"url\":\"https:\\\/\\\/www.cnctech.ro\\\/\",\"name\":\"CNC Tech\",\"description\":\"Prelucrari mecanice cu CNC Tech\",\"potentialAction\":[{\"@type\":\"SearchAction\",\"target\":{\"@type\":\"EntryPoint\",\"urlTemplate\":\"https:\\\/\\\/www.cnctech.ro\\\/?s={search_term_string}\"},\"query-input\":{\"@type\":\"PropertyValueSpecification\",\"valueRequired\":true,\"valueName\":\"search_term_string\"}}],\"inLanguage\":\"en-US\"}]}<\/script>\n<!-- \/ Yoast SEO plugin. -->","yoast_head_json":{"title":"Delivery and quality control at CNC Tech","description":"Our products are made in accordance with the quality standards in force at European level, the company being ISO 9001: 2015 certified.","robots":{"index":"index","follow":"follow","max-snippet":"max-snippet:-1","max-image-preview":"max-image-preview:large","max-video-preview":"max-video-preview:-1"},"canonical":"https:\/\/www.cnctech.ro\/controlul-calitatii\/","og_locale":"en_US","og_type":"article","og_title":"Delivery and quality control at CNC Tech","og_description":"Our products are made in accordance with the quality standards in force at European level, the company being ISO 9001: 2015 certified.","og_url":"https:\/\/www.cnctech.ro\/controlul-calitatii\/","og_site_name":"CNC Tech","article_modified_time":"2022-02-01T10:57:18+00:00","twitter_card":"summary_large_image","twitter_misc":{"Est. reading time":"3 minutes"},"schema":{"@context":"https:\/\/schema.org","@graph":[{"@type":"WebPage","@id":"https:\/\/www.cnctech.ro\/controlul-calitatii\/","url":"https:\/\/www.cnctech.ro\/controlul-calitatii\/","name":"[:ro]Controlul calit\u0103\u021bii \u0219i livrare la CNC Tech[:en]Delivery and quality control at CNC Tech[:de]Qualit\u00e4tskontrolle und Lieferung bei CNC Tech[:]","isPartOf":{"@id":"https:\/\/www.cnctech.ro\/#website"},"datePublished":"2021-10-01T07:22:54+00:00","dateModified":"2022-02-01T10:57:18+00:00","description":"[:ro]Produsele sunt realizate in conformitate cu standardele de calitate in vigoare la nivel european, societatea fiind certificata ISO 9001:2015.[:en]Our products are made in accordance with the quality standards in force at European level, the company being ISO 9001: 2015 certified.[:de]Die Produkte werden in \u00dcbereinstimmung mit den auf europ\u00e4ischer Ebene geltenden Qualit\u00e4tsstandards hergestellt, das Unternehmen ist nach ISO 9001:2015 zertifiziert.[:]","breadcrumb":{"@id":"https:\/\/www.cnctech.ro\/controlul-calitatii\/#breadcrumb"},"inLanguage":"en-US","potentialAction":[{"@type":"ReadAction","target":["https:\/\/www.cnctech.ro\/controlul-calitatii\/"]}]},{"@type":"BreadcrumbList","@id":"https:\/\/www.cnctech.ro\/controlul-calitatii\/#breadcrumb","itemListElement":[{"@type":"ListItem","position":1,"name":"Prima pagin\u0103","item":"https:\/\/www.cnctech.ro\/"},{"@type":"ListItem","position":2,"name":"Controlul calit\u0103\u021bii \u0219i livrare"}]},{"@type":"WebSite","@id":"https:\/\/www.cnctech.ro\/#website","url":"https:\/\/www.cnctech.ro\/","name":"CNC Tech","description":"Prelucrari mecanice cu CNC Tech","potentialAction":[{"@type":"SearchAction","target":{"@type":"EntryPoint","urlTemplate":"https:\/\/www.cnctech.ro\/?s={search_term_string}"},"query-input":{"@type":"PropertyValueSpecification","valueRequired":true,"valueName":"search_term_string"}}],"inLanguage":"en-US"}]}},"_links":{"self":[{"href":"https:\/\/www.cnctech.ro\/en\/wp-json\/wp\/v2\/pages\/5629","targetHints":{"allow":["GET"]}}],"collection":[{"href":"https:\/\/www.cnctech.ro\/en\/wp-json\/wp\/v2\/pages"}],"about":[{"href":"https:\/\/www.cnctech.ro\/en\/wp-json\/wp\/v2\/types\/page"}],"author":[{"embeddable":true,"href":"https:\/\/www.cnctech.ro\/en\/wp-json\/wp\/v2\/users\/1"}],"replies":[{"embeddable":true,"href":"https:\/\/www.cnctech.ro\/en\/wp-json\/wp\/v2\/comments?post=5629"}],"version-history":[{"count":15,"href":"https:\/\/www.cnctech.ro\/en\/wp-json\/wp\/v2\/pages\/5629\/revisions"}],"predecessor-version":[{"id":6132,"href":"https:\/\/www.cnctech.ro\/en\/wp-json\/wp\/v2\/pages\/5629\/revisions\/6132"}],"wp:attachment":[{"href":"https:\/\/www.cnctech.ro\/en\/wp-json\/wp\/v2\/media?parent=5629"}],"curies":[{"name":"wp","href":"https:\/\/api.w.org\/{rel}","templated":true}]}}