{"id":5507,"date":"2021-07-28T08:43:42","date_gmt":"2021-07-28T08:43:42","guid":{"rendered":"https:\/\/www.cnctech.ro\/?page_id=5507"},"modified":"2022-02-01T11:26:10","modified_gmt":"2022-02-01T11:26:10","slug":"sablare-3","status":"publish","type":"page","link":"https:\/\/www.cnctech.ro\/en\/en-sablare-vopsire\/","title":{"rendered":"Blasting &#038; Painting"},"content":{"rendered":"<p>[vc_row][vc_column][vc_column_text]<strong>Blasting<\/strong><\/p>\n<p>CNC TECH equipment allows manual blasting with metal pliers for metal parts. Our blasting booth has the dimensions of L-12m, l-5.5m, H-3m. We have equipment for measuring the roughness and quality of the surface after the blasting operation. We thus ensure compliance with the quality standards imposed by our customers, in collaboration with the Internal Quality Department of CNC Tech.<\/p>\n<p>Blasting is the process of cleaning or finishing by abrasive blowing the surfaces of metal, stone, glass or other solid material. This type of technological operation is performed with the help of metal pliers, electrocorundum, sand or other granular abrasive materials that are propelled by speed by mechanical centrifugation or by a jet of gas (compressed air) or liquid (pressurized water) to the processed surfaces.<\/p>\n<p>This process is used when, in order to paint, it is necessary to clean complex metal surfaces that do not allow the use of other methods. It is performed indoors due to the high degree of danger posed by the jet of compressed air and sand at very high speeds. The operation is used in the metallurgical industry, shipyards and in general wherever it is necessary to quickly clean surfaces.<\/p>\n<p><strong>Painting<\/strong><\/p>\n<p>Our company also offers industrial painting services for steel metal parts. Our painting \/ drying booth has the dimensions of L-12m, l-5.5m, H-3m. Industrial painting refers, first of all, to functionality and only secondly to appearance. Painting prevents seepage and corrosion, which are two of the most important purposes of industrial coatings, but they are far from the only ones. The result of industrial painting is a protective layer of paint that will withstand the harsh working conditions to which it will be exposed.<\/p>\n<p>In addition to the possibility of painting with classic guns, we also have a paint pump with Mercur 45: 1 pneumatically operated fully equipped with 15ml paint hose, airless spray gun, which gives us the opportunity to paint with a very high productivity in a while short and of a special quality.<\/p>\n<p>We have equipment for measuring the thickness of dry film paint (DFT) and its adhesion, according to ISO 2409. We use for painting two-component (epoxy and polyurethane) and one-component (alkyd-melamine) anticorrosive film-forming products, depending on customer specifications. Our paint manufacturer and supplier is SOVECORD INT SA.<\/p>\n<p>We can thus ensure compliance with the quality standards imposed by our customers, in collaboration with the Internal Quality Department of CNC Tech.<\/p>\n<p><strong>CONTACT US for more information about the painting and blasting services we can offer you!<\/strong>[\/vc_column_text][\/vc_column][\/vc_row][vc_row][vc_column][vc_gallery type=&#8221;image_grid&#8221; images=&#8221;4683,4682,4681,4680,4677,4693&#8243; img_size=&#8221;150&#215;100&#8243;][\/vc_column][\/vc_row]<\/p>\n","protected":false},"excerpt":{"rendered":"<p>[vc_row][vc_column][vc_column_text]Blasting CNC TECH equipment allows manual blasting with metal pliers for metal parts. Our blasting booth has the dimensions of L-12m, l-5.5m, H-3m. We have equipment<span class=\"excerpt-hellip\"> [\u2026]<\/span><\/p>\n","protected":false},"author":1,"featured_media":0,"parent":0,"menu_order":0,"comment_status":"closed","ping_status":"closed","template":"","meta":{"footnotes":""},"class_list":["post-5507","page","type-page","status-publish","hentry"],"yoast_head":"<!-- This site is optimized with the Yoast SEO plugin v27.5 - https:\/\/yoast.com\/product\/yoast-seo-wordpress\/ -->\n<title>Sandblasting and painting - CNC Tech<\/title>\n<meta name=\"description\" content=\"CNC Tech performs manual sandblasting with metal pliers for parts. We also offer industrial painting services for steel metal parts.\" \/>\n<meta name=\"robots\" content=\"index, follow, max-snippet:-1, max-image-preview:large, max-video-preview:-1\" \/>\n<link rel=\"canonical\" href=\"https:\/\/www.cnctech.ro\/sablare-vopsire\/\" \/>\n<meta property=\"og:locale\" content=\"en_US\" \/>\n<meta property=\"og:type\" content=\"article\" \/>\n<meta property=\"og:title\" content=\"Sandblasting and painting - CNC Tech\" \/>\n<meta property=\"og:description\" content=\"CNC Tech performs manual sandblasting with metal pliers for parts. We also offer industrial painting services for steel metal parts.\" \/>\n<meta property=\"og:url\" content=\"https:\/\/www.cnctech.ro\/sablare-vopsire\/\" \/>\n<meta property=\"og:site_name\" content=\"CNC Tech\" \/>\n<meta property=\"article:modified_time\" content=\"2022-02-01T11:26:10+00:00\" \/>\n<meta name=\"twitter:card\" content=\"summary_large_image\" \/>\n<meta name=\"twitter:label1\" content=\"Est. reading time\" \/>\n\t<meta name=\"twitter:data1\" content=\"10 minutes\" \/>\n<script type=\"application\/ld+json\" class=\"yoast-schema-graph\">{\"@context\":\"https:\\\/\\\/schema.org\",\"@graph\":[{\"@type\":\"WebPage\",\"@id\":\"https:\\\/\\\/www.cnctech.ro\\\/sablare-vopsire\\\/\",\"url\":\"https:\\\/\\\/www.cnctech.ro\\\/sablare-vopsire\\\/\",\"name\":\"[:ro]Sablare si vopsire - CNC Tech[:en]Sandblasting and painting - CNC Tech[:de]CNC Tech - Sandstrahlen und Lackieren[:]\",\"isPartOf\":{\"@id\":\"https:\\\/\\\/www.cnctech.ro\\\/#website\"},\"datePublished\":\"2021-07-28T08:43:42+00:00\",\"dateModified\":\"2022-02-01T11:26:10+00:00\",\"description\":\"[:ro]CNC Tech executa sablarea manuala cu alice metalice pentru piese. Oferim si servicii de vopsire industriala pentru repere metalice din otel.[:en]CNC Tech performs manual sandblasting with metal pliers for parts. We also offer industrial painting services for steel metal parts.[:de]CNC Tech f\u00fchrt manuelles Sandstrahlen mit Metallklingen f\u00fcr Teile. Wir bieten auch industrielle Lackierarbeiten f\u00fcr Metallteile aus Stahl an.[:]\",\"breadcrumb\":{\"@id\":\"https:\\\/\\\/www.cnctech.ro\\\/sablare-vopsire\\\/#breadcrumb\"},\"inLanguage\":\"en-US\",\"potentialAction\":[{\"@type\":\"ReadAction\",\"target\":[\"https:\\\/\\\/www.cnctech.ro\\\/sablare-vopsire\\\/\"]}]},{\"@type\":\"BreadcrumbList\",\"@id\":\"https:\\\/\\\/www.cnctech.ro\\\/sablare-vopsire\\\/#breadcrumb\",\"itemListElement\":[{\"@type\":\"ListItem\",\"position\":1,\"name\":\"Prima pagin\u0103\",\"item\":\"https:\\\/\\\/www.cnctech.ro\\\/\"},{\"@type\":\"ListItem\",\"position\":2,\"name\":\"Sablare \u0219i vopsire\"}]},{\"@type\":\"WebSite\",\"@id\":\"https:\\\/\\\/www.cnctech.ro\\\/#website\",\"url\":\"https:\\\/\\\/www.cnctech.ro\\\/\",\"name\":\"CNC Tech\",\"description\":\"Prelucrari mecanice cu CNC Tech\",\"potentialAction\":[{\"@type\":\"SearchAction\",\"target\":{\"@type\":\"EntryPoint\",\"urlTemplate\":\"https:\\\/\\\/www.cnctech.ro\\\/?s={search_term_string}\"},\"query-input\":{\"@type\":\"PropertyValueSpecification\",\"valueRequired\":true,\"valueName\":\"search_term_string\"}}],\"inLanguage\":\"en-US\"}]}<\/script>\n<!-- \/ Yoast SEO plugin. -->","yoast_head_json":{"title":"Sandblasting and painting - CNC Tech","description":"CNC Tech performs manual sandblasting with metal pliers for parts. We also offer industrial painting services for steel metal parts.","robots":{"index":"index","follow":"follow","max-snippet":"max-snippet:-1","max-image-preview":"max-image-preview:large","max-video-preview":"max-video-preview:-1"},"canonical":"https:\/\/www.cnctech.ro\/sablare-vopsire\/","og_locale":"en_US","og_type":"article","og_title":"Sandblasting and painting - CNC Tech","og_description":"CNC Tech performs manual sandblasting with metal pliers for parts. We also offer industrial painting services for steel metal parts.","og_url":"https:\/\/www.cnctech.ro\/sablare-vopsire\/","og_site_name":"CNC Tech","article_modified_time":"2022-02-01T11:26:10+00:00","twitter_card":"summary_large_image","twitter_misc":{"Est. reading time":"10 minutes"},"schema":{"@context":"https:\/\/schema.org","@graph":[{"@type":"WebPage","@id":"https:\/\/www.cnctech.ro\/sablare-vopsire\/","url":"https:\/\/www.cnctech.ro\/sablare-vopsire\/","name":"[:ro]Sablare si vopsire - CNC Tech[:en]Sandblasting and painting - CNC Tech[:de]CNC Tech - Sandstrahlen und Lackieren[:]","isPartOf":{"@id":"https:\/\/www.cnctech.ro\/#website"},"datePublished":"2021-07-28T08:43:42+00:00","dateModified":"2022-02-01T11:26:10+00:00","description":"[:ro]CNC Tech executa sablarea manuala cu alice metalice pentru piese. Oferim si servicii de vopsire industriala pentru repere metalice din otel.[:en]CNC Tech performs manual sandblasting with metal pliers for parts. We also offer industrial painting services for steel metal parts.[:de]CNC Tech f\u00fchrt manuelles Sandstrahlen mit Metallklingen f\u00fcr Teile. Wir bieten auch industrielle Lackierarbeiten f\u00fcr Metallteile aus Stahl an.[:]","breadcrumb":{"@id":"https:\/\/www.cnctech.ro\/sablare-vopsire\/#breadcrumb"},"inLanguage":"en-US","potentialAction":[{"@type":"ReadAction","target":["https:\/\/www.cnctech.ro\/sablare-vopsire\/"]}]},{"@type":"BreadcrumbList","@id":"https:\/\/www.cnctech.ro\/sablare-vopsire\/#breadcrumb","itemListElement":[{"@type":"ListItem","position":1,"name":"Prima pagin\u0103","item":"https:\/\/www.cnctech.ro\/"},{"@type":"ListItem","position":2,"name":"Sablare \u0219i vopsire"}]},{"@type":"WebSite","@id":"https:\/\/www.cnctech.ro\/#website","url":"https:\/\/www.cnctech.ro\/","name":"CNC Tech","description":"Prelucrari mecanice cu CNC Tech","potentialAction":[{"@type":"SearchAction","target":{"@type":"EntryPoint","urlTemplate":"https:\/\/www.cnctech.ro\/?s={search_term_string}"},"query-input":{"@type":"PropertyValueSpecification","valueRequired":true,"valueName":"search_term_string"}}],"inLanguage":"en-US"}]}},"_links":{"self":[{"href":"https:\/\/www.cnctech.ro\/en\/wp-json\/wp\/v2\/pages\/5507","targetHints":{"allow":["GET"]}}],"collection":[{"href":"https:\/\/www.cnctech.ro\/en\/wp-json\/wp\/v2\/pages"}],"about":[{"href":"https:\/\/www.cnctech.ro\/en\/wp-json\/wp\/v2\/types\/page"}],"author":[{"embeddable":true,"href":"https:\/\/www.cnctech.ro\/en\/wp-json\/wp\/v2\/users\/1"}],"replies":[{"embeddable":true,"href":"https:\/\/www.cnctech.ro\/en\/wp-json\/wp\/v2\/comments?post=5507"}],"version-history":[{"count":21,"href":"https:\/\/www.cnctech.ro\/en\/wp-json\/wp\/v2\/pages\/5507\/revisions"}],"predecessor-version":[{"id":6138,"href":"https:\/\/www.cnctech.ro\/en\/wp-json\/wp\/v2\/pages\/5507\/revisions\/6138"}],"wp:attachment":[{"href":"https:\/\/www.cnctech.ro\/en\/wp-json\/wp\/v2\/media?parent=5507"}],"curies":[{"name":"wp","href":"https:\/\/api.w.org\/{rel}","templated":true}]}}