{"id":5481,"date":"2021-07-28T07:30:30","date_gmt":"2021-07-28T07:30:30","guid":{"rendered":"https:\/\/www.cnctech.ro\/?page_id=5481"},"modified":"2022-02-01T11:15:25","modified_gmt":"2022-02-01T11:15:25","slug":"prelucrari-mecanice-2","status":"publish","type":"page","link":"https:\/\/www.cnctech.ro\/en\/en-prelucrari-mecanice\/","title":{"rendered":"Machining"},"content":{"rendered":"<p>[vc_row css=&#8221;.vc_custom_1627463040689{padding-top: 30px !important;padding-bottom: 30px !important;}&#8221;][vc_column][vc_column_text]<strong>Machining services<\/strong><\/p>\n<p>The foundations of a society are based on being able to create the very devices that make the world run. If you walk into a factory or machine shop where durable objects are made, there&#8217;s a good chance you&#8217;ll see a mill or lathe. These machines shape blocks of materials into parts.<\/p>\n<p>From start to finish we provide a &#8220;one stop machine shop&#8221; solution for all aspects of component manufacture.<\/p>\n<p>CNC Tech wants to be your reliable manufacturing partner, who you can trust with all of your custom machining needs. We will send you the quotes within 24-72 hours and we will ship you the products ON TIME, EVERYTIME.<\/p>\n<p>Beside obtaining correct dimensions, machining is about achieving the correct finish or surface smoothness on the workpiece. Our operators know how to avoid inferior finish found on the machined surface of a workpiece, that may be caused by incorrect clamping, a dull tool, or inappropriate presentation of a tool.<\/p>\n<p>CNC Tech produces mechanically machined parts, on centers and lathes with numerical control. We have 8 processing centers, 6 vertical and 2 horizontals.<\/p>\n<p><strong>Milling<\/strong><\/p>\n<p>We have the possibility to perform CNC milling operations, up to the dimensions of:<\/p>\n<p>1000 * 500 * 500 mm with an accuracy of +\/- 0.02 mm<\/p>\n<p>3000 * 1200 * 1000 mm with an accuracy of +\/- 0.5 mm.<\/p>\n<p><strong>Turning<\/strong><\/p>\n<p>On lathes we perform CNC turning operations up to diameters of 250 mm on a length of 550 mm, precision +\/- 0.02 mm. These machining operations are performed on 2 lathes with CNC.<\/p>\n<p><strong>Materials<\/strong><\/p>\n<p>We perform CNC machining on various materials: steel, aluminum, stainless steel, plastic.<\/p>\n<p>Our company has been working for international clients from day 1, thus it has relevant experience in machining.<\/p>\n<p>Among the products produced by us under the ISO 9001:2015 Quality standard, we can mention FABRICATION LINES for:<\/p>\n<ul>\n<li>packaging industry<\/li>\n<li>printing industry<\/li>\n<li>plastics injection molding<\/li>\n<li>cigarettes production<\/li>\n<li>adult diapers industry.<\/li>\n<\/ul>\n<p><strong>Surface Treatments\u00a0\u00a0\u00a0\u00a0\u00a0\u00a0\u00a0\u00a0\u00a0\u00a0\u00a0\u00a0\u00a0\u00a0 <\/strong><\/p>\n<p>Together with our partners, we can also offer surface treatments so as to deliver ready for use spare parts.<\/p>\n<p><strong>CONTACT US by e-mail or telephone, to obtain more details regarding the machining operations performed by our professionals or COME VISIT CNC Tech!<\/strong>[\/vc_column_text][\/vc_column][\/vc_row][vc_row][vc_column][vc_gallery type=&#8221;image_grid&#8221; images=&#8221;5382,5374,5373,5359,5371,5372&#8243; img_size=&#8221;150&#215;100&#8243;][\/vc_column][\/vc_row]<\/p>\n","protected":false},"excerpt":{"rendered":"<p>[vc_row css=&#8221;.vc_custom_1627463040689{padding-top: 30px !important;padding-bottom: 30px !important;}&#8221;][vc_column][vc_column_text]Machining services The foundations of a society are based on being able to create the very devices that make the world<span class=\"excerpt-hellip\"> [\u2026]<\/span><\/p>\n","protected":false},"author":1,"featured_media":0,"parent":0,"menu_order":0,"comment_status":"closed","ping_status":"closed","template":"","meta":{"footnotes":""},"class_list":["post-5481","page","type-page","status-publish","hentry"],"yoast_head":"<!-- This site is optimized with the Yoast SEO plugin v27.5 - https:\/\/yoast.com\/product\/yoast-seo-wordpress\/ -->\n<title>Professional mechanical machining at CNC Tech<\/title>\n<meta name=\"description\" content=\"CNC Tech makes mechanically machined parts, on centers and lathes with numerical control. Visit our website for more details!\" \/>\n<meta name=\"robots\" content=\"index, follow, max-snippet:-1, max-image-preview:large, max-video-preview:-1\" \/>\n<link rel=\"canonical\" href=\"https:\/\/www.cnctech.ro\/prelucrari-mecanice-cnc\/\" \/>\n<meta property=\"og:locale\" content=\"en_US\" \/>\n<meta property=\"og:type\" content=\"article\" \/>\n<meta property=\"og:title\" content=\"Professional mechanical machining at CNC Tech\" \/>\n<meta property=\"og:description\" content=\"CNC Tech makes mechanically machined parts, on centers and lathes with numerical control. Visit our website for more details!\" \/>\n<meta property=\"og:url\" content=\"https:\/\/www.cnctech.ro\/prelucrari-mecanice-cnc\/\" \/>\n<meta property=\"og:site_name\" content=\"CNC Tech\" \/>\n<meta property=\"article:modified_time\" content=\"2022-02-01T11:15:25+00:00\" \/>\n<meta name=\"twitter:card\" content=\"summary_large_image\" \/>\n<meta name=\"twitter:label1\" content=\"Est. reading time\" \/>\n\t<meta name=\"twitter:data1\" content=\"3 minutes\" \/>\n<script type=\"application\/ld+json\" class=\"yoast-schema-graph\">{\"@context\":\"https:\\\/\\\/schema.org\",\"@graph\":[{\"@type\":\"WebPage\",\"@id\":\"https:\\\/\\\/www.cnctech.ro\\\/prelucrari-mecanice-cnc\\\/\",\"url\":\"https:\\\/\\\/www.cnctech.ro\\\/prelucrari-mecanice-cnc\\\/\",\"name\":\"[:ro]Prelucr\u0103ri mecanice profesionale la CNC Tech[:en]Professional mechanical machining at CNC Tech[:de]Professionelle mechanische Bearbeitung bei CNC Tech[:]\",\"isPartOf\":{\"@id\":\"https:\\\/\\\/www.cnctech.ro\\\/#website\"},\"datePublished\":\"2021-07-28T07:30:30+00:00\",\"dateModified\":\"2022-02-01T11:15:25+00:00\",\"description\":\"[:ro]CNC Tech realizeaza prelucr\u0103ri mecanice pe centre si strunguri cu comanda numerica. Va asteptam pe site pentru detalii![:en]CNC Tech makes mechanically machined parts, on centers and lathes with numerical control. Visit our website for more details![:de]Der CNC-Tech f\u00fchrt mechanische Bearbeitungen auf numerisch gesteuerten Zentren und Drehb\u00e4nken durch. Wir erwarten Sie auf der Website f\u00fcr Details![:]\",\"breadcrumb\":{\"@id\":\"https:\\\/\\\/www.cnctech.ro\\\/prelucrari-mecanice-cnc\\\/#breadcrumb\"},\"inLanguage\":\"en-US\",\"potentialAction\":[{\"@type\":\"ReadAction\",\"target\":[\"https:\\\/\\\/www.cnctech.ro\\\/prelucrari-mecanice-cnc\\\/\"]}]},{\"@type\":\"BreadcrumbList\",\"@id\":\"https:\\\/\\\/www.cnctech.ro\\\/prelucrari-mecanice-cnc\\\/#breadcrumb\",\"itemListElement\":[{\"@type\":\"ListItem\",\"position\":1,\"name\":\"Prima pagin\u0103\",\"item\":\"https:\\\/\\\/www.cnctech.ro\\\/\"},{\"@type\":\"ListItem\",\"position\":2,\"name\":\"Prelucr\u0103ri mecanice\"}]},{\"@type\":\"WebSite\",\"@id\":\"https:\\\/\\\/www.cnctech.ro\\\/#website\",\"url\":\"https:\\\/\\\/www.cnctech.ro\\\/\",\"name\":\"CNC Tech\",\"description\":\"Prelucrari mecanice cu CNC Tech\",\"potentialAction\":[{\"@type\":\"SearchAction\",\"target\":{\"@type\":\"EntryPoint\",\"urlTemplate\":\"https:\\\/\\\/www.cnctech.ro\\\/?s={search_term_string}\"},\"query-input\":{\"@type\":\"PropertyValueSpecification\",\"valueRequired\":true,\"valueName\":\"search_term_string\"}}],\"inLanguage\":\"en-US\"}]}<\/script>\n<!-- \/ Yoast SEO plugin. -->","yoast_head_json":{"title":"Professional mechanical machining at CNC Tech","description":"CNC Tech makes mechanically machined parts, on centers and lathes with numerical control. Visit our website for more details!","robots":{"index":"index","follow":"follow","max-snippet":"max-snippet:-1","max-image-preview":"max-image-preview:large","max-video-preview":"max-video-preview:-1"},"canonical":"https:\/\/www.cnctech.ro\/prelucrari-mecanice-cnc\/","og_locale":"en_US","og_type":"article","og_title":"Professional mechanical machining at CNC Tech","og_description":"CNC Tech makes mechanically machined parts, on centers and lathes with numerical control. Visit our website for more details!","og_url":"https:\/\/www.cnctech.ro\/prelucrari-mecanice-cnc\/","og_site_name":"CNC Tech","article_modified_time":"2022-02-01T11:15:25+00:00","twitter_card":"summary_large_image","twitter_misc":{"Est. reading time":"3 minutes"},"schema":{"@context":"https:\/\/schema.org","@graph":[{"@type":"WebPage","@id":"https:\/\/www.cnctech.ro\/prelucrari-mecanice-cnc\/","url":"https:\/\/www.cnctech.ro\/prelucrari-mecanice-cnc\/","name":"[:ro]Prelucr\u0103ri mecanice profesionale la CNC Tech[:en]Professional mechanical machining at CNC Tech[:de]Professionelle mechanische Bearbeitung bei CNC Tech[:]","isPartOf":{"@id":"https:\/\/www.cnctech.ro\/#website"},"datePublished":"2021-07-28T07:30:30+00:00","dateModified":"2022-02-01T11:15:25+00:00","description":"[:ro]CNC Tech realizeaza prelucr\u0103ri mecanice pe centre si strunguri cu comanda numerica. Va asteptam pe site pentru detalii![:en]CNC Tech makes mechanically machined parts, on centers and lathes with numerical control. Visit our website for more details![:de]Der CNC-Tech f\u00fchrt mechanische Bearbeitungen auf numerisch gesteuerten Zentren und Drehb\u00e4nken durch. Wir erwarten Sie auf der Website f\u00fcr Details![:]","breadcrumb":{"@id":"https:\/\/www.cnctech.ro\/prelucrari-mecanice-cnc\/#breadcrumb"},"inLanguage":"en-US","potentialAction":[{"@type":"ReadAction","target":["https:\/\/www.cnctech.ro\/prelucrari-mecanice-cnc\/"]}]},{"@type":"BreadcrumbList","@id":"https:\/\/www.cnctech.ro\/prelucrari-mecanice-cnc\/#breadcrumb","itemListElement":[{"@type":"ListItem","position":1,"name":"Prima pagin\u0103","item":"https:\/\/www.cnctech.ro\/"},{"@type":"ListItem","position":2,"name":"Prelucr\u0103ri mecanice"}]},{"@type":"WebSite","@id":"https:\/\/www.cnctech.ro\/#website","url":"https:\/\/www.cnctech.ro\/","name":"CNC Tech","description":"Prelucrari mecanice cu CNC Tech","potentialAction":[{"@type":"SearchAction","target":{"@type":"EntryPoint","urlTemplate":"https:\/\/www.cnctech.ro\/?s={search_term_string}"},"query-input":{"@type":"PropertyValueSpecification","valueRequired":true,"valueName":"search_term_string"}}],"inLanguage":"en-US"}]}},"_links":{"self":[{"href":"https:\/\/www.cnctech.ro\/en\/wp-json\/wp\/v2\/pages\/5481","targetHints":{"allow":["GET"]}}],"collection":[{"href":"https:\/\/www.cnctech.ro\/en\/wp-json\/wp\/v2\/pages"}],"about":[{"href":"https:\/\/www.cnctech.ro\/en\/wp-json\/wp\/v2\/types\/page"}],"author":[{"embeddable":true,"href":"https:\/\/www.cnctech.ro\/en\/wp-json\/wp\/v2\/users\/1"}],"replies":[{"embeddable":true,"href":"https:\/\/www.cnctech.ro\/en\/wp-json\/wp\/v2\/comments?post=5481"}],"version-history":[{"count":33,"href":"https:\/\/www.cnctech.ro\/en\/wp-json\/wp\/v2\/pages\/5481\/revisions"}],"predecessor-version":[{"id":6070,"href":"https:\/\/www.cnctech.ro\/en\/wp-json\/wp\/v2\/pages\/5481\/revisions\/6070"}],"wp:attachment":[{"href":"https:\/\/www.cnctech.ro\/en\/wp-json\/wp\/v2\/media?parent=5481"}],"curies":[{"name":"wp","href":"https:\/\/api.w.org\/{rel}","templated":true}]}}