{"id":4167,"date":"2016-02-26T09:52:56","date_gmt":"2016-02-26T09:52:56","guid":{"rendered":"https:\/\/www.cnctech.ro\/v2\/?page_id=4167"},"modified":"2024-04-08T09:28:06","modified_gmt":"2024-04-08T09:28:06","slug":"dotarile-noastre-cnc-tech-bumbesti-jiu","status":"publish","type":"page","link":"https:\/\/www.cnctech.ro\/en\/features\/","title":{"rendered":"Equipment"},"content":{"rendered":"<p>[vc_row][vc_column][vc_tta_tabs active_section=&#8221;1&#8243; title=&#8221;1. Mechanical activity:&#8221;][vc_tta_section title=&#8221;1.1. Milling department&#8221; tab_id=&#8221;1627637076234-8d1ccb4d-5a3d&#8221;][vc_column_text]<\/p>\n<ul>\n<li>Vertical Center DOOSAN DNM6700, Fanuc i-series control, tools storeroom 30 jobs, ISO40<br \/>\nsizes: x = 1.300mm, y = 670mm, Z = 625mm;<\/li>\n<li>Vertical Center VICTOR V center, Fanuc i-series control, tools storeroom 3 jobs, ISO40sizes: x =2.050mm, y=550mm, z=560mm; equipped with 2 axes 4 (A and B)<\/li>\n<li>Vertical Center DOOSAN DNM6700, Fanuc i-series control, tools storeroom 30 jobs, ISO40<br \/>\nsizes: x = 1.300mm, y = 670mm, Z = 625mm;<\/li>\n<li>Vertical Center KAFO, Fanuc control, tools storeroom 28 jobs, ISO50<br \/>\nsizes: x = 1.200mm, y = 600mm, Z = 600mm;<\/li>\n<li>NOVAR milling, ECS control, vertical and horizontal (indexable milling head), ISO50<br \/>\nsizeS: x = 3.000mm, y = 900mm, Z = 1.200mm;<\/li>\n<li>SECMU milling, FAS command, horizontal (if necessary vertical milling head is mounted), ISO50<br \/>\nsizes: x = 1.300mm, 1.100mm = y, z = 650mm;<\/li>\n<li>SECMU milling, FAS Z16 command, horizontal (if necessary vertical milling head is mounted) ISO50<br \/>\nsize: x = 2.000mm, 1.100mm = y, z = 700mm;<\/li>\n<li>JHV1200 vertical center, FANUC command Series Oi-MF, tools storeroom 30 jobs, ISO40<br \/>\nsizes: x=1200mm, y = 500mm, z = 550mm;<\/li>\n<li>JHV1020 vertical center, FANUC command Series Oi-MD, tools storeroom 24 jobs, ISO40<br \/>\nsizes: x = 1020mm, y = 500mm, z = 550mm;<\/li>\n<li>JHV1020 vertical center, FANUC command Series Oi-MD, tools storeroom 24 jobs, ISO40<br \/>\nsizes: x = 1020mm, y = 500mm, z = 550mm;<\/li>\n<\/ul>\n<p>[\/vc_column_text][\/vc_tta_section][vc_tta_section title=&#8221;1.2. Turning department&#8221; tab_id=&#8221;1627637076268-2156dc1a-86c8&#8243;][vc_column_text]<\/p>\n<ul>\n<li>DAEWOO PUMA 8S lathe, Fanuc command, turning diameter 200mm, length 300mm.<\/li>\n<li>DOOSAN Lynx 210LB lathe, Fanuc command, turning diameter 250mm, length 550mm.<\/li>\n<li>DOOSAN Lynx 2100LB lathe, Fanuc command, turning diameter 250mm, length 560mm.<\/li>\n<\/ul>\n<p>[\/vc_column_text][\/vc_tta_section][vc_tta_section title=&#8221;1.3. Quality control department&#8221; tab_id=&#8221;1627637216580-370ec0f4-3bda&#8221;][vc_column_text]<\/p>\n<ul>\n<li>Control \u2013 TESA L Altimeter max 700mm<\/li>\n<li>Calibration \u2013 Calipers, micrometres, bore kits<\/li>\n<\/ul>\n<p>[\/vc_column_text][\/vc_tta_section][\/vc_tta_tabs][\/vc_column][\/vc_row][vc_row][vc_column][vc_tta_tabs active_section=&#8221;1&#8243; title=&#8221;2. Welded structures activity:&#8221;][vc_tta_section title=&#8221;2.1. Production and Assembly&#8221; tab_id=&#8221;1627637311945-dd442fb3-cb13&#8243;][vc_column_text]<\/p>\n<ul>\n<li>plasma and oxyfuel cutting installation with numerical control, mass 2m*6m, equipped with power Hypertherm plasma 260XD;<\/li>\n<li>the possibility of cutting steel up to 32mm thick with accuracy and high quality,<br \/>\npossibility of maximum cutting 60mm;<\/li>\n<li>scissor cutting sheet metal FDT 8*2500, with the possibility of cutting sheet metal with a maximum thickness of 8mm and width of 2500mm;<\/li>\n<li>mechanical saws with infinite canvas with a maximum size of 400 * 250mm;<\/li>\n<li>welding installations MIG \/ MAG 500A, air-cooled and water;<\/li>\n<li>welding installation WIG \/ TIG;<\/li>\n<li>radial drilling machine;<\/li>\n<li>various drills;<\/li>\n<li>hydraulic press of 40Tf;<\/li>\n<li>mechanical press of 100Tf;<\/li>\n<\/ul>\n<p>[\/vc_column_text][\/vc_tta_section][vc_tta_section title=&#8221;2.2. Blasting and Painting Activity&#8221; tab_id=&#8221;1627637311970-93e20738-7a1e&#8221;][vc_column_text]<\/p>\n<ul>\n<li>Blasting cabin measuring 12m long, 5.5 m wide, and 3m high;<\/li>\n<li>\u00a0Painting\/drying cabin measuring 12m long, 5.5 m wide, and 3m high;<\/li>\n<\/ul>\n<p>[\/vc_column_text][\/vc_tta_section][\/vc_tta_tabs][\/vc_column][\/vc_row]<\/p>\n","protected":false},"excerpt":{"rendered":"<p>[vc_row][vc_column][vc_tta_tabs active_section=&#8221;1&#8243; title=&#8221;1. Mechanical activity:&#8221;][vc_tta_section title=&#8221;1.1. Milling department&#8221; tab_id=&#8221;1627637076234-8d1ccb4d-5a3d&#8221;][vc_column_text] Vertical Center DOOSAN DNM6700, Fanuc i-series control, tools storeroom 30 jobs, ISO40 sizes: x = 1.300mm, y<span class=\"excerpt-hellip\"> [\u2026]<\/span><\/p>\n","protected":false},"author":1,"featured_media":0,"parent":0,"menu_order":0,"comment_status":"closed","ping_status":"closed","template":"","meta":{"footnotes":""},"class_list":["post-4167","page","type-page","status-publish","hentry"],"yoast_head":"<!-- This site is optimized with the Yoast SEO plugin v27.5 - https:\/\/yoast.com\/product\/yoast-seo-wordpress\/ -->\n<title>Equipment - SC CNC Tech SRL Bumbesti-Jiu<\/title>\n<meta name=\"description\" content=\"CNC Tech equipment for the milling, turning and quality control department. Visit the CNC Tech website NOW!\" \/>\n<meta name=\"robots\" content=\"index, follow, max-snippet:-1, max-image-preview:large, max-video-preview:-1\" \/>\n<link rel=\"canonical\" href=\"https:\/\/www.cnctech.ro\/dotari\/\" \/>\n<meta property=\"og:locale\" content=\"en_US\" \/>\n<meta property=\"og:type\" content=\"article\" \/>\n<meta property=\"og:title\" content=\"Equipment - SC CNC Tech SRL Bumbesti-Jiu\" \/>\n<meta property=\"og:description\" content=\"CNC Tech equipment for the milling, turning and quality control department. Visit the CNC Tech website NOW!\" \/>\n<meta property=\"og:url\" content=\"https:\/\/www.cnctech.ro\/dotari\/\" \/>\n<meta property=\"og:site_name\" content=\"CNC Tech\" \/>\n<meta property=\"article:modified_time\" content=\"2024-04-08T09:28:06+00:00\" \/>\n<meta property=\"og:image\" content=\"https:\/\/www.cnctech.ro\/wp-content\/uploads\/2016\/02\/Sigma-1_resize-150x150.jpg\" \/>\n<meta name=\"twitter:card\" content=\"summary_large_image\" \/>\n<meta name=\"twitter:label1\" content=\"Est. reading time\" \/>\n\t<meta name=\"twitter:data1\" content=\"3 minutes\" \/>\n<script type=\"application\/ld+json\" class=\"yoast-schema-graph\">{\"@context\":\"https:\\\/\\\/schema.org\",\"@graph\":[{\"@type\":\"WebPage\",\"@id\":\"https:\\\/\\\/www.cnctech.ro\\\/dotari\\\/\",\"url\":\"https:\\\/\\\/www.cnctech.ro\\\/dotari\\\/\",\"name\":\"[:ro]Dot\u0103ri - SC CNC Tech SRL Bumbesti-Jiu[:en]Equipment - SC CNC Tech SRL Bumbesti-Jiu[:de]Ausr\u00fcstung - SC CNC Tech SRL Bumbesti-Jiu[:]\",\"isPartOf\":{\"@id\":\"https:\\\/\\\/www.cnctech.ro\\\/#website\"},\"datePublished\":\"2016-02-26T09:52:56+00:00\",\"dateModified\":\"2024-04-08T09:28:06+00:00\",\"description\":\"[:ro]Dotari CNC Tech pentru departamentul de frezare, strunjire si controlul calitatii. Va asteptam pe site pentru mai multe detalii![:en]CNC Tech equipment for the milling, turning and quality control department. Visit the CNC Tech website NOW![:de]CNC-Tech-Ausr\u00fcstung f\u00fcr die Abteilung Fr\u00e4sen, Drehen und Qualit\u00e4tskontrolle. Wir erwarten Sie auf der Website f\u00fcr weitere Informationen![:]\",\"breadcrumb\":{\"@id\":\"https:\\\/\\\/www.cnctech.ro\\\/dotari\\\/#breadcrumb\"},\"inLanguage\":\"en-US\",\"potentialAction\":[{\"@type\":\"ReadAction\",\"target\":[\"https:\\\/\\\/www.cnctech.ro\\\/dotari\\\/\"]}]},{\"@type\":\"BreadcrumbList\",\"@id\":\"https:\\\/\\\/www.cnctech.ro\\\/dotari\\\/#breadcrumb\",\"itemListElement\":[{\"@type\":\"ListItem\",\"position\":1,\"name\":\"Prima pagin\u0103\",\"item\":\"https:\\\/\\\/www.cnctech.ro\\\/\"},{\"@type\":\"ListItem\",\"position\":2,\"name\":\"Dot\u0103ri\"}]},{\"@type\":\"WebSite\",\"@id\":\"https:\\\/\\\/www.cnctech.ro\\\/#website\",\"url\":\"https:\\\/\\\/www.cnctech.ro\\\/\",\"name\":\"CNC Tech\",\"description\":\"Prelucrari mecanice cu CNC Tech\",\"potentialAction\":[{\"@type\":\"SearchAction\",\"target\":{\"@type\":\"EntryPoint\",\"urlTemplate\":\"https:\\\/\\\/www.cnctech.ro\\\/?s={search_term_string}\"},\"query-input\":{\"@type\":\"PropertyValueSpecification\",\"valueRequired\":true,\"valueName\":\"search_term_string\"}}],\"inLanguage\":\"en-US\"}]}<\/script>\n<!-- \/ Yoast SEO plugin. -->","yoast_head_json":{"title":"Equipment - SC CNC Tech SRL Bumbesti-Jiu","description":"CNC Tech equipment for the milling, turning and quality control department. Visit the CNC Tech website NOW!","robots":{"index":"index","follow":"follow","max-snippet":"max-snippet:-1","max-image-preview":"max-image-preview:large","max-video-preview":"max-video-preview:-1"},"canonical":"https:\/\/www.cnctech.ro\/dotari\/","og_locale":"en_US","og_type":"article","og_title":"Equipment - SC CNC Tech SRL Bumbesti-Jiu","og_description":"CNC Tech equipment for the milling, turning and quality control department. Visit the CNC Tech website NOW!","og_url":"https:\/\/www.cnctech.ro\/dotari\/","og_site_name":"CNC Tech","article_modified_time":"2024-04-08T09:28:06+00:00","og_image":[{"url":"https:\/\/www.cnctech.ro\/wp-content\/uploads\/2016\/02\/Sigma-1_resize-150x150.jpg","type":"","width":"","height":""}],"twitter_card":"summary_large_image","twitter_misc":{"Est. reading time":"3 minutes"},"schema":{"@context":"https:\/\/schema.org","@graph":[{"@type":"WebPage","@id":"https:\/\/www.cnctech.ro\/dotari\/","url":"https:\/\/www.cnctech.ro\/dotari\/","name":"[:ro]Dot\u0103ri - SC CNC Tech SRL Bumbesti-Jiu[:en]Equipment - SC CNC Tech SRL Bumbesti-Jiu[:de]Ausr\u00fcstung - SC CNC Tech SRL Bumbesti-Jiu[:]","isPartOf":{"@id":"https:\/\/www.cnctech.ro\/#website"},"datePublished":"2016-02-26T09:52:56+00:00","dateModified":"2024-04-08T09:28:06+00:00","description":"[:ro]Dotari CNC Tech pentru departamentul de frezare, strunjire si controlul calitatii. Va asteptam pe site pentru mai multe detalii![:en]CNC Tech equipment for the milling, turning and quality control department. Visit the CNC Tech website NOW![:de]CNC-Tech-Ausr\u00fcstung f\u00fcr die Abteilung Fr\u00e4sen, Drehen und Qualit\u00e4tskontrolle. Wir erwarten Sie auf der Website f\u00fcr weitere Informationen![:]","breadcrumb":{"@id":"https:\/\/www.cnctech.ro\/dotari\/#breadcrumb"},"inLanguage":"en-US","potentialAction":[{"@type":"ReadAction","target":["https:\/\/www.cnctech.ro\/dotari\/"]}]},{"@type":"BreadcrumbList","@id":"https:\/\/www.cnctech.ro\/dotari\/#breadcrumb","itemListElement":[{"@type":"ListItem","position":1,"name":"Prima pagin\u0103","item":"https:\/\/www.cnctech.ro\/"},{"@type":"ListItem","position":2,"name":"Dot\u0103ri"}]},{"@type":"WebSite","@id":"https:\/\/www.cnctech.ro\/#website","url":"https:\/\/www.cnctech.ro\/","name":"CNC Tech","description":"Prelucrari mecanice cu CNC Tech","potentialAction":[{"@type":"SearchAction","target":{"@type":"EntryPoint","urlTemplate":"https:\/\/www.cnctech.ro\/?s={search_term_string}"},"query-input":{"@type":"PropertyValueSpecification","valueRequired":true,"valueName":"search_term_string"}}],"inLanguage":"en-US"}]}},"_links":{"self":[{"href":"https:\/\/www.cnctech.ro\/en\/wp-json\/wp\/v2\/pages\/4167","targetHints":{"allow":["GET"]}}],"collection":[{"href":"https:\/\/www.cnctech.ro\/en\/wp-json\/wp\/v2\/pages"}],"about":[{"href":"https:\/\/www.cnctech.ro\/en\/wp-json\/wp\/v2\/types\/page"}],"author":[{"embeddable":true,"href":"https:\/\/www.cnctech.ro\/en\/wp-json\/wp\/v2\/users\/1"}],"replies":[{"embeddable":true,"href":"https:\/\/www.cnctech.ro\/en\/wp-json\/wp\/v2\/comments?post=4167"}],"version-history":[{"count":44,"href":"https:\/\/www.cnctech.ro\/en\/wp-json\/wp\/v2\/pages\/4167\/revisions"}],"predecessor-version":[{"id":9968,"href":"https:\/\/www.cnctech.ro\/en\/wp-json\/wp\/v2\/pages\/4167\/revisions\/9968"}],"wp:attachment":[{"href":"https:\/\/www.cnctech.ro\/en\/wp-json\/wp\/v2\/media?parent=4167"}],"curies":[{"name":"wp","href":"https:\/\/api.w.org\/{rel}","templated":true}]}}