{"id":1122,"date":"2013-12-11T07:21:51","date_gmt":"2013-12-11T07:21:51","guid":{"rendered":"http:\/\/themes.goodlayers2.com\/flawless\/?page_id=1122"},"modified":"2023-10-12T09:03:15","modified_gmt":"2023-10-12T09:03:15","slug":"despre-prelucrari-mecanice-cu-cnc-tech-bumbesti-jiu","status":"publish","type":"page","link":"https:\/\/www.cnctech.ro\/en\/about\/","title":{"rendered":"About us"},"content":{"rendered":"<p>[vc_row][vc_column][vc_column_text]<img fetchpriority=\"high\" decoding=\"async\" class=\"alignleft wp-image-5683\" src=\"https:\/\/www.cnctech.ro\/wp-content\/uploads\/2021\/11\/hala1-300x200.jpg\" alt=\"\" width=\"355\" height=\"237\" srcset=\"https:\/\/www.cnctech.ro\/wp-content\/uploads\/2021\/11\/hala1-300x200.jpg 300w, https:\/\/www.cnctech.ro\/wp-content\/uploads\/2021\/11\/hala1-219x146.jpg 219w, https:\/\/www.cnctech.ro\/wp-content\/uploads\/2021\/11\/hala1-50x33.jpg 50w, https:\/\/www.cnctech.ro\/wp-content\/uploads\/2021\/11\/hala1-113x75.jpg 113w, https:\/\/www.cnctech.ro\/wp-content\/uploads\/2021\/11\/hala1.jpg 600w\" sizes=\"(max-width: 355px) 100vw, 355px\" \/><\/p>\n<p>CNC Tech &#8211; a company specializing in mechanical machining and metal structures &#8211; ISO 9001:2015 compliant &#8211; was founded in 2005. Right from the start, the new company has been able to draw on its extensive experience in both fields, because CNC Tech is the symbiotic product of two companies specialising in mechanical machining and metal structures.<\/p>\n<p>SC SERES PROD COM SRL, the Romanian component of CNC Tech, was established in 1998, with the production of welded structures and mechanical constructions as its business. Over time, the company has specialized in the production of metal structures for industrial scales, with addressability in the automotive and clothing industry.<\/p>\n<p>In 2005, MIMO SRL started its collaboration with the company MIMO, founded in 1984 in the region of Padua, Italy. MIMO is specialized in mechanical machining by chipping. From the very beginning the partnership between the two companies was successful, so that in the same year CNC Tech SRL was founded, by opening a small mechanical machining workshop.<\/p>\n<p>When CNC Tech was founded, its main field of activity was to be the machining of metals with the help of CNC machines, by turning and milling operations.<\/p>\n<p>Two years after setting up the small machine shop, the company&#8217;s growth required relocation to a larger space. Since 2007 CNC Tech has moved to a newly built hall with a usable area of 500 sqm, equipped with 2 overhead travelling cranes with a lifting capacity of 2 tons each.<\/p>\n<p>SC SERES PROD COM SRL continues its activity in its own production hall. It has a production area of 650 square meters, equipped with 2 overhead travelling cranes with a lifting capacity of 3.2 tons each.<\/p>\n<p>CNC Tech and SERES PROD operate independently, having separate business objects, but collaborate very well whenever necessary.<\/p>\n<p><strong>CNC Tech team<\/strong><\/p>\n<p>CNC Tech supports the pro-equality policy adopted at EU level, which emphasizes the role of women in industry and encourages their promotion while respecting equal pay, working conditions, career opportunities, training, and respect for motherhood and fatherhood as fundamental social values. CNC Tech recognizes and supports the need for an industrial policy that reflects the indispensable driving force of competitiveness, while guaranteeing the social and economic rights of workers.<\/p>\n<p>In an attempt to respect and in the assent of the above, the CNC Tech company makes constant efforts to balance the share among the company\u2019s staff, having today no less than 18 women employed, out of a staff of 53 people. All staff enjoy equal treatment of working conditions and pay.<\/p>\n<p>Moreover, the company\u2019s management understands the importance and value of experience \u2013 experience that comes with the long exercise of a profession; so the average age in the company is 46 years.<\/p>\n<p>At the same time, CNC Tech, which celebrates 16 years since its founding this year, maintains an average seniority in the company of 9 years, a figure that says a lot about the work environment offered to employees, about the organizational culture based on respect and appreciation of each person\u2019s work.<\/p>\n<p><img decoding=\"async\" class=\"alignright wp-image-5684\" src=\"https:\/\/www.cnctech.ro\/wp-content\/uploads\/2021\/11\/hala2-300x200.jpg\" alt=\"\" width=\"355\" height=\"237\" srcset=\"https:\/\/www.cnctech.ro\/wp-content\/uploads\/2021\/11\/hala2-300x200.jpg 300w, https:\/\/www.cnctech.ro\/wp-content\/uploads\/2021\/11\/hala2-219x146.jpg 219w, https:\/\/www.cnctech.ro\/wp-content\/uploads\/2021\/11\/hala2-50x33.jpg 50w, https:\/\/www.cnctech.ro\/wp-content\/uploads\/2021\/11\/hala2-113x75.jpg 113w, https:\/\/www.cnctech.ro\/wp-content\/uploads\/2021\/11\/hala2.jpg 600w\" sizes=\"(max-width: 355px) 100vw, 355px\" \/>Of course, efforts are being made to train a well-prepared young human resource, therefore, the company always responds promptly to requests coming from educational institutions. Unfortunately, there are also problems at the company level that are reflected at the macro-economic level, the most pressing of which is the need of a large number of young people, well-prepared or with the desire and availability to train at work.<\/p>\n<p>CNC Tech tries to solve, punctually, this shortcoming, transparently expressing its desire to constantly hire young staff with experience in the fields of traditional machining and especially CNC, programming in industrial software, welding and assembly of welded metal constructions.<\/p>\n<p>Moreover, the gates of society are wide open and for those who, although not yet experienced in the fields mentioned above, demonstrate during the interview, rapid learning skills, analysis and synthesis of information received, so that they can be formed on the spot. under the careful guidance of qualified personnel with decades of experience in the manufacturing industry.[\/vc_column_text][\/vc_column][\/vc_row][vc_row][vc_column][vc_column_text]<\/p>\n<p>[\/vc_column_text][\/vc_column][\/vc_row][vc_row][vc_column][vc_column_text]<\/p>\n<p>[\/vc_column_text][vc_gallery type=&#8221;image_grid&#8221; images=&#8221;5332,5331,5330,5329,5328,5327&#8243; img_size=&#8221;150&#215;100&#8243;][\/vc_column][\/vc_row]<\/p>\n","protected":false},"excerpt":{"rendered":"<p>[vc_row][vc_column][vc_column_text] CNC Tech &#8211; a company specializing in mechanical machining and metal structures &#8211; ISO 9001:2015 compliant &#8211; was founded in 2005. Right from the start,<span class=\"excerpt-hellip\"> [\u2026]<\/span><\/p>\n","protected":false},"author":1,"featured_media":0,"parent":0,"menu_order":0,"comment_status":"closed","ping_status":"open","template":"","meta":{"footnotes":""},"class_list":["post-1122","page","type-page","status-publish","hentry"],"yoast_head":"<!-- This site is optimized with the Yoast SEO plugin v27.5 - https:\/\/yoast.com\/product\/yoast-seo-wordpress\/ -->\n<title>CNC Tech SRL - Mechanical Processing - About Us<\/title>\n<meta name=\"description\" content=\"About Us - CNC Tech - Maximum quality at minimum price. Visit our website for more information!\" \/>\n<meta name=\"robots\" content=\"index, follow, max-snippet:-1, max-image-preview:large, max-video-preview:-1\" \/>\n<link rel=\"canonical\" href=\"https:\/\/www.cnctech.ro\/despre\/\" \/>\n<meta property=\"og:locale\" content=\"en_US\" \/>\n<meta property=\"og:type\" content=\"article\" \/>\n<meta property=\"og:title\" content=\"CNC Tech SRL - Mechanical Processing - About Us\" \/>\n<meta property=\"og:description\" content=\"About Us - CNC Tech - Maximum quality at minimum price. Visit our website for more information!\" \/>\n<meta property=\"og:url\" content=\"https:\/\/www.cnctech.ro\/despre\/\" \/>\n<meta property=\"og:site_name\" content=\"CNC Tech\" \/>\n<meta property=\"article:modified_time\" content=\"2023-10-12T09:03:15+00:00\" \/>\n<meta property=\"og:image\" content=\"https:\/\/www.cnctech.ro\/wp-content\/uploads\/2021\/11\/hala1-300x200.jpg\" \/>\n<meta name=\"twitter:card\" content=\"summary_large_image\" \/>\n<meta name=\"twitter:label1\" content=\"Est. reading time\" \/>\n\t<meta name=\"twitter:data1\" content=\"3 minutes\" \/>\n<script type=\"application\/ld+json\" class=\"yoast-schema-graph\">{\"@context\":\"https:\\\/\\\/schema.org\",\"@graph\":[{\"@type\":\"WebPage\",\"@id\":\"https:\\\/\\\/www.cnctech.ro\\\/despre\\\/\",\"url\":\"https:\\\/\\\/www.cnctech.ro\\\/despre\\\/\",\"name\":\"[:ro]CNC Tech SRL - Prelucrari mecanice - Despre noi[:en]CNC Tech SRL - Mechanical Processing - About Us[:de]CNC Tech SRL - Mechanische Bearbeitung - \u00dcber uns[:]\",\"isPartOf\":{\"@id\":\"https:\\\/\\\/www.cnctech.ro\\\/#website\"},\"primaryImageOfPage\":{\"@id\":\"https:\\\/\\\/www.cnctech.ro\\\/despre\\\/#primaryimage\"},\"image\":{\"@id\":\"https:\\\/\\\/www.cnctech.ro\\\/despre\\\/#primaryimage\"},\"thumbnailUrl\":\"https:\\\/\\\/www.cnctech.ro\\\/wp-content\\\/uploads\\\/2021\\\/11\\\/hala1-300x200.jpg\",\"datePublished\":\"2013-12-11T07:21:51+00:00\",\"dateModified\":\"2023-10-12T09:03:15+00:00\",\"description\":\"[:ro]Despre Noi - CNC Tech - Calitate maxima la pret minim. Va asteptam pe site-ul nostru pentru mai multe detalii![:en]About Us - CNC Tech - Maximum quality at minimum price. Visit our website for more information![:de]\u00dcber uns - CNC Tech - Maximale Qualit\u00e4t zu minimalem Preis. Wir erwarten Sie auf unserer Website f\u00fcr weitere Informationen![:]\",\"breadcrumb\":{\"@id\":\"https:\\\/\\\/www.cnctech.ro\\\/despre\\\/#breadcrumb\"},\"inLanguage\":\"en-US\",\"potentialAction\":[{\"@type\":\"ReadAction\",\"target\":[\"https:\\\/\\\/www.cnctech.ro\\\/despre\\\/\"]}]},{\"@type\":\"ImageObject\",\"inLanguage\":\"en-US\",\"@id\":\"https:\\\/\\\/www.cnctech.ro\\\/despre\\\/#primaryimage\",\"url\":\"https:\\\/\\\/www.cnctech.ro\\\/wp-content\\\/uploads\\\/2021\\\/11\\\/hala1-300x200.jpg\",\"contentUrl\":\"https:\\\/\\\/www.cnctech.ro\\\/wp-content\\\/uploads\\\/2021\\\/11\\\/hala1-300x200.jpg\"},{\"@type\":\"BreadcrumbList\",\"@id\":\"https:\\\/\\\/www.cnctech.ro\\\/despre\\\/#breadcrumb\",\"itemListElement\":[{\"@type\":\"ListItem\",\"position\":1,\"name\":\"Prima pagin\u0103\",\"item\":\"https:\\\/\\\/www.cnctech.ro\\\/\"},{\"@type\":\"ListItem\",\"position\":2,\"name\":\"Despre\"}]},{\"@type\":\"WebSite\",\"@id\":\"https:\\\/\\\/www.cnctech.ro\\\/#website\",\"url\":\"https:\\\/\\\/www.cnctech.ro\\\/\",\"name\":\"CNC Tech\",\"description\":\"Prelucrari mecanice cu CNC Tech\",\"potentialAction\":[{\"@type\":\"SearchAction\",\"target\":{\"@type\":\"EntryPoint\",\"urlTemplate\":\"https:\\\/\\\/www.cnctech.ro\\\/?s={search_term_string}\"},\"query-input\":{\"@type\":\"PropertyValueSpecification\",\"valueRequired\":true,\"valueName\":\"search_term_string\"}}],\"inLanguage\":\"en-US\"}]}<\/script>\n<!-- \/ Yoast SEO plugin. -->","yoast_head_json":{"title":"CNC Tech SRL - Mechanical Processing - About Us","description":"About Us - CNC Tech - Maximum quality at minimum price. Visit our website for more information!","robots":{"index":"index","follow":"follow","max-snippet":"max-snippet:-1","max-image-preview":"max-image-preview:large","max-video-preview":"max-video-preview:-1"},"canonical":"https:\/\/www.cnctech.ro\/despre\/","og_locale":"en_US","og_type":"article","og_title":"CNC Tech SRL - Mechanical Processing - About Us","og_description":"About Us - CNC Tech - Maximum quality at minimum price. Visit our website for more information!","og_url":"https:\/\/www.cnctech.ro\/despre\/","og_site_name":"CNC Tech","article_modified_time":"2023-10-12T09:03:15+00:00","og_image":[{"url":"https:\/\/www.cnctech.ro\/wp-content\/uploads\/2021\/11\/hala1-300x200.jpg","type":"","width":"","height":""}],"twitter_card":"summary_large_image","twitter_misc":{"Est. reading time":"3 minutes"},"schema":{"@context":"https:\/\/schema.org","@graph":[{"@type":"WebPage","@id":"https:\/\/www.cnctech.ro\/despre\/","url":"https:\/\/www.cnctech.ro\/despre\/","name":"[:ro]CNC Tech SRL - Prelucrari mecanice - Despre noi[:en]CNC Tech SRL - Mechanical Processing - About Us[:de]CNC Tech SRL - Mechanische Bearbeitung - \u00dcber uns[:]","isPartOf":{"@id":"https:\/\/www.cnctech.ro\/#website"},"primaryImageOfPage":{"@id":"https:\/\/www.cnctech.ro\/despre\/#primaryimage"},"image":{"@id":"https:\/\/www.cnctech.ro\/despre\/#primaryimage"},"thumbnailUrl":"https:\/\/www.cnctech.ro\/wp-content\/uploads\/2021\/11\/hala1-300x200.jpg","datePublished":"2013-12-11T07:21:51+00:00","dateModified":"2023-10-12T09:03:15+00:00","description":"[:ro]Despre Noi - CNC Tech - Calitate maxima la pret minim. Va asteptam pe site-ul nostru pentru mai multe detalii![:en]About Us - CNC Tech - Maximum quality at minimum price. Visit our website for more information![:de]\u00dcber uns - CNC Tech - Maximale Qualit\u00e4t zu minimalem Preis. Wir erwarten Sie auf unserer Website f\u00fcr weitere Informationen![:]","breadcrumb":{"@id":"https:\/\/www.cnctech.ro\/despre\/#breadcrumb"},"inLanguage":"en-US","potentialAction":[{"@type":"ReadAction","target":["https:\/\/www.cnctech.ro\/despre\/"]}]},{"@type":"ImageObject","inLanguage":"en-US","@id":"https:\/\/www.cnctech.ro\/despre\/#primaryimage","url":"https:\/\/www.cnctech.ro\/wp-content\/uploads\/2021\/11\/hala1-300x200.jpg","contentUrl":"https:\/\/www.cnctech.ro\/wp-content\/uploads\/2021\/11\/hala1-300x200.jpg"},{"@type":"BreadcrumbList","@id":"https:\/\/www.cnctech.ro\/despre\/#breadcrumb","itemListElement":[{"@type":"ListItem","position":1,"name":"Prima pagin\u0103","item":"https:\/\/www.cnctech.ro\/"},{"@type":"ListItem","position":2,"name":"Despre"}]},{"@type":"WebSite","@id":"https:\/\/www.cnctech.ro\/#website","url":"https:\/\/www.cnctech.ro\/","name":"CNC Tech","description":"Prelucrari mecanice cu CNC Tech","potentialAction":[{"@type":"SearchAction","target":{"@type":"EntryPoint","urlTemplate":"https:\/\/www.cnctech.ro\/?s={search_term_string}"},"query-input":{"@type":"PropertyValueSpecification","valueRequired":true,"valueName":"search_term_string"}}],"inLanguage":"en-US"}]}},"_links":{"self":[{"href":"https:\/\/www.cnctech.ro\/en\/wp-json\/wp\/v2\/pages\/1122","targetHints":{"allow":["GET"]}}],"collection":[{"href":"https:\/\/www.cnctech.ro\/en\/wp-json\/wp\/v2\/pages"}],"about":[{"href":"https:\/\/www.cnctech.ro\/en\/wp-json\/wp\/v2\/types\/page"}],"author":[{"embeddable":true,"href":"https:\/\/www.cnctech.ro\/en\/wp-json\/wp\/v2\/users\/1"}],"replies":[{"embeddable":true,"href":"https:\/\/www.cnctech.ro\/en\/wp-json\/wp\/v2\/comments?post=1122"}],"version-history":[{"count":33,"href":"https:\/\/www.cnctech.ro\/en\/wp-json\/wp\/v2\/pages\/1122\/revisions"}],"predecessor-version":[{"id":9919,"href":"https:\/\/www.cnctech.ro\/en\/wp-json\/wp\/v2\/pages\/1122\/revisions\/9919"}],"wp:attachment":[{"href":"https:\/\/www.cnctech.ro\/en\/wp-json\/wp\/v2\/media?parent=1122"}],"curies":[{"name":"wp","href":"https:\/\/api.w.org\/{rel}","templated":true}]}}