{"id":5639,"date":"2021-10-04T07:50:21","date_gmt":"2021-10-04T07:50:21","guid":{"rendered":"https:\/\/www.cnctech.ro\/?page_id=5639"},"modified":"2022-02-01T10:18:25","modified_gmt":"2022-02-01T10:18:25","slug":"cariere","status":"publish","type":"page","link":"https:\/\/www.cnctech.ro\/de\/karriere\/","title":{"rendered":"Karriere"},"content":{"rendered":"<p>[vc_row][vc_column][vc_column_text]Die Menschen sind das wertvollste Kapital jedes Unternehmens, und zu unserer Vision geh\u00f6rt eine Organisationskultur, die auf Respekt, Loyalit\u00e4t, dauerhaft optimierten Arbeitsbedingungen und dem gemeinsamen Bestreben, jedes Projekt unter den besten Bedingungen durchzuf\u00fchren, basiert.<\/p>\n<p>Wir sind immer auf der Suche nach Fachleuten, die entweder am Anfang ihrer Karriere stehen oder bereits \u00fcber einen gro\u00dfen Erfahrungsschatz in der metallverarbeitenden Industrie verf\u00fcgen.[\/vc_column_text][\/vc_column][\/vc_row][vc_row][vc_column width=&#8220;1\/6&#8243;][\/vc_column][vc_column width=&#8220;2\/3&#8243;]\n<div class=\"wpcf7 no-js\" id=\"wpcf7-f5778-o1\" lang=\"en-US\" dir=\"ltr\" data-wpcf7-id=\"5778\">\n<div class=\"screen-reader-response\"><p role=\"status\" aria-live=\"polite\" aria-atomic=\"true\"><\/p> <ul><\/ul><\/div>\n<form action=\"\/de\/wp-json\/wp\/v2\/pages\/5639#wpcf7-f5778-o1\" method=\"post\" class=\"wpcf7-form init\" aria-label=\"Contact form\" enctype=\"multipart\/form-data\" novalidate=\"novalidate\" data-status=\"init\">\n<fieldset class=\"hidden-fields-container\"><input type=\"hidden\" name=\"_wpcf7\" value=\"5778\" \/><input type=\"hidden\" name=\"_wpcf7_version\" value=\"6.1.5\" \/><input type=\"hidden\" name=\"_wpcf7_locale\" value=\"en_US\" \/><input type=\"hidden\" name=\"_wpcf7_unit_tag\" value=\"wpcf7-f5778-o1\" \/><input type=\"hidden\" name=\"_wpcf7_container_post\" value=\"0\" \/><input type=\"hidden\" name=\"_wpcf7_posted_data_hash\" value=\"\" \/><input type=\"hidden\" name=\"_wpcf7_recaptcha_response\" value=\"\" \/>\n<\/fieldset>\n<p>Vorname und Nachname (erforderlich)\n<\/p>\n<p><span class=\"wpcf7-form-control-wrap\" data-name=\"your-name\"><input size=\"40\" maxlength=\"400\" class=\"wpcf7-form-control wpcf7-text wpcf7-validates-as-required\" aria-required=\"true\" aria-invalid=\"false\" value=\"\" type=\"text\" name=\"your-name\" \/><\/span>\n<\/p>\n<p>E-Mail (erforderlich)\n<\/p>\n<p><span class=\"wpcf7-form-control-wrap\" data-name=\"your-email\"><input size=\"40\" maxlength=\"400\" class=\"wpcf7-form-control wpcf7-email wpcf7-validates-as-required wpcf7-text wpcf7-validates-as-email\" aria-required=\"true\" aria-invalid=\"false\" value=\"\" type=\"email\" name=\"your-email\" \/><\/span>\n<\/p>\n<p>Telefonnummer (erforderlich)\n<\/p>\n<p><span class=\"wpcf7-form-control-wrap\" data-name=\"telefon\"><input size=\"40\" maxlength=\"400\" class=\"wpcf7-form-control wpcf7-tel wpcf7-validates-as-required wpcf7-text wpcf7-validates-as-tel\" aria-required=\"true\" aria-invalid=\"false\" value=\"\" type=\"tel\" name=\"telefon\" \/><\/span>\n<\/p>\n<p>Gew\u00fcnschte Position\n<\/p>\n<p><span class=\"wpcf7-form-control-wrap\" data-name=\"your-position\"><input size=\"40\" maxlength=\"400\" class=\"wpcf7-form-control wpcf7-text\" aria-invalid=\"false\" value=\"\" type=\"text\" name=\"your-position\" \/><\/span>\n<\/p>\n<p>Lebenslauf hochladen (als .txt, .pdf, .doc)\n<\/p>\n<p><span class=\"wpcf7-form-control-wrap\" data-name=\"file-954\"><input size=\"40\" class=\"wpcf7-form-control wpcf7-file\" accept=\".pdf,.txt,.doc\" aria-invalid=\"false\" type=\"file\" name=\"file-954\" \/><\/span>\n<\/p>\n<p><input class=\"wpcf7-form-control wpcf7-submit has-spinner\" type=\"submit\" value=\"Versenden\" \/>\n<\/p><div class=\"wpcf7-response-output\" aria-hidden=\"true\"><\/div>\n<\/form>\n<\/div>\n[\/vc_column][vc_column width=&#8220;1\/6&#8243;][\/vc_column][\/vc_row][vc_row][vc_column][vc_column_text]Die Menschen sind das wertvollste Kapital jedes Unternehmens, und zu unserer Vision geh\u00f6rt eine Organisationskultur, die auf Respekt, Loyalit\u00e4t, dauerhaft optimierten Arbeitsbedingungen und dem gemeinsamen Bestreben, jedes Projekt unter den besten Bedingungen durchzuf\u00fchren, basiert.<\/p>\n<p>Wir sind immer auf der Suche nach Fachleuten, die entweder am Anfang ihrer Karriere stehen oder bereits \u00fcber einen gro\u00dfen Erfahrungsschatz in der metallverarbeitenden Industrie verf\u00fcgen.[\/vc_column_text][\/vc_column][\/vc_row][vc_row][vc_column width=&#8220;1\/6&#8243;][\/vc_column][vc_column width=&#8220;2\/3&#8243;]\n<div class=\"wpcf7 no-js\" id=\"wpcf7-f5778-o2\" lang=\"en-US\" dir=\"ltr\" data-wpcf7-id=\"5778\">\n<div class=\"screen-reader-response\"><p role=\"status\" aria-live=\"polite\" aria-atomic=\"true\"><\/p> <ul><\/ul><\/div>\n<form action=\"\/de\/wp-json\/wp\/v2\/pages\/5639#wpcf7-f5778-o2\" method=\"post\" class=\"wpcf7-form init\" aria-label=\"Contact form\" enctype=\"multipart\/form-data\" novalidate=\"novalidate\" data-status=\"init\">\n<fieldset class=\"hidden-fields-container\"><input type=\"hidden\" name=\"_wpcf7\" value=\"5778\" \/><input type=\"hidden\" name=\"_wpcf7_version\" value=\"6.1.5\" \/><input type=\"hidden\" name=\"_wpcf7_locale\" value=\"en_US\" \/><input type=\"hidden\" name=\"_wpcf7_unit_tag\" value=\"wpcf7-f5778-o2\" \/><input type=\"hidden\" name=\"_wpcf7_container_post\" value=\"0\" \/><input type=\"hidden\" name=\"_wpcf7_posted_data_hash\" value=\"\" \/><input type=\"hidden\" name=\"_wpcf7_recaptcha_response\" value=\"\" \/>\n<\/fieldset>\n<p>Vorname und Nachname (erforderlich)\n<\/p>\n<p><span class=\"wpcf7-form-control-wrap\" data-name=\"your-name\"><input size=\"40\" maxlength=\"400\" class=\"wpcf7-form-control wpcf7-text wpcf7-validates-as-required\" aria-required=\"true\" aria-invalid=\"false\" value=\"\" type=\"text\" name=\"your-name\" \/><\/span>\n<\/p>\n<p>E-Mail (erforderlich)\n<\/p>\n<p><span class=\"wpcf7-form-control-wrap\" data-name=\"your-email\"><input size=\"40\" maxlength=\"400\" class=\"wpcf7-form-control wpcf7-email wpcf7-validates-as-required wpcf7-text wpcf7-validates-as-email\" aria-required=\"true\" aria-invalid=\"false\" value=\"\" type=\"email\" name=\"your-email\" \/><\/span>\n<\/p>\n<p>Telefonnummer (erforderlich)\n<\/p>\n<p><span class=\"wpcf7-form-control-wrap\" data-name=\"telefon\"><input size=\"40\" maxlength=\"400\" class=\"wpcf7-form-control wpcf7-tel wpcf7-validates-as-required wpcf7-text wpcf7-validates-as-tel\" aria-required=\"true\" aria-invalid=\"false\" value=\"\" type=\"tel\" name=\"telefon\" \/><\/span>\n<\/p>\n<p>Gew\u00fcnschte Position\n<\/p>\n<p><span class=\"wpcf7-form-control-wrap\" data-name=\"your-position\"><input size=\"40\" maxlength=\"400\" class=\"wpcf7-form-control wpcf7-text\" aria-invalid=\"false\" value=\"\" type=\"text\" name=\"your-position\" \/><\/span>\n<\/p>\n<p>Lebenslauf hochladen (als .txt, .pdf, .doc)\n<\/p>\n<p><span class=\"wpcf7-form-control-wrap\" data-name=\"file-954\"><input size=\"40\" class=\"wpcf7-form-control wpcf7-file\" accept=\".pdf,.txt,.doc\" aria-invalid=\"false\" type=\"file\" name=\"file-954\" \/><\/span>\n<\/p>\n<p><input class=\"wpcf7-form-control wpcf7-submit has-spinner\" type=\"submit\" value=\"Versenden\" \/>\n<\/p><div class=\"wpcf7-response-output\" aria-hidden=\"true\"><\/div>\n<\/form>\n<\/div>\n[\/vc_column][vc_column width=&#8220;1\/6&#8243;][\/vc_column][\/vc_row]<\/p>\n","protected":false},"excerpt":{"rendered":"<p>[vc_row][vc_column][vc_column_text]Die Menschen sind das wertvollste Kapital jedes Unternehmens, und zu unserer Vision geh\u00f6rt eine Organisationskultur, die auf Respekt, Loyalit\u00e4t, dauerhaft optimierten Arbeitsbedingungen und dem gemeinsamen Bestreben,<span class=\"excerpt-hellip\"> [\u2026]<\/span><\/p>\n","protected":false},"author":1,"featured_media":0,"parent":0,"menu_order":0,"comment_status":"closed","ping_status":"closed","template":"","meta":{"footnotes":""},"class_list":["post-5639","page","type-page","status-publish","hentry"],"yoast_head":"<!-- This site is optimized with the Yoast SEO plugin v27.5 - https:\/\/yoast.com\/product\/yoast-seo-wordpress\/ -->\n<title>CNC Tech - Entwickeln Sie Ihre Karriere in der Metallbearbeitung<\/title>\n<meta name=\"description\" content=\"CNC Tech ist immer auf der Suche nach Fachleuten, die entweder am Anfang ihrer Karriere stehen oder bereits Erfahrung in der metallverarbeitenden Industrie haben.\" \/>\n<meta name=\"robots\" content=\"index, follow, max-snippet:-1, max-image-preview:large, max-video-preview:-1\" \/>\n<link rel=\"canonical\" href=\"https:\/\/www.cnctech.ro\/cariere\/\" \/>\n<meta property=\"og:locale\" content=\"de_DE\" \/>\n<meta property=\"og:type\" content=\"article\" \/>\n<meta property=\"og:title\" content=\"CNC Tech - Entwickeln Sie Ihre Karriere in der Metallbearbeitung\" \/>\n<meta property=\"og:description\" content=\"CNC Tech ist immer auf der Suche nach Fachleuten, die entweder am Anfang ihrer Karriere stehen oder bereits Erfahrung in der metallverarbeitenden Industrie haben.\" \/>\n<meta property=\"og:url\" content=\"https:\/\/www.cnctech.ro\/cariere\/\" \/>\n<meta property=\"og:site_name\" content=\"CNC Tech\" \/>\n<meta property=\"article:modified_time\" content=\"2022-02-01T10:18:25+00:00\" \/>\n<meta name=\"twitter:card\" content=\"summary_large_image\" \/>\n<meta name=\"twitter:label1\" content=\"Gesch\u00e4tzte Lesezeit\" \/>\n\t<meta name=\"twitter:data1\" content=\"1\u00a0Minute\" \/>\n<script type=\"application\/ld+json\" class=\"yoast-schema-graph\">{\"@context\":\"https:\\\/\\\/schema.org\",\"@graph\":[{\"@type\":\"WebPage\",\"@id\":\"https:\\\/\\\/www.cnctech.ro\\\/cariere\\\/\",\"url\":\"https:\\\/\\\/www.cnctech.ro\\\/cariere\\\/\",\"name\":\"[:ro]CNC Tech - Dezvolta-ti cariera in domeniul prelucrarii metalelor[:en]CNC Tech - Develop your career in metalworking[:de]CNC Tech - Entwickeln Sie Ihre Karriere in der Metallbearbeitung[:]\",\"isPartOf\":{\"@id\":\"https:\\\/\\\/www.cnctech.ro\\\/#website\"},\"datePublished\":\"2021-10-04T07:50:21+00:00\",\"dateModified\":\"2022-02-01T10:18:25+00:00\",\"description\":\"[:ro]CNC Tech este mereu in cautare de profesionisti, fie la inceput de cariera, fie cu experienta in industria prelucratoare a metalelor.[:en]CNC Tech is always looking for professionals, either at the beginning of their career or with experience in the metalworking industry.[:de]CNC Tech ist immer auf der Suche nach Fachleuten, die entweder am Anfang ihrer Karriere stehen oder bereits Erfahrung in der metallverarbeitenden Industrie haben.[:]\",\"breadcrumb\":{\"@id\":\"https:\\\/\\\/www.cnctech.ro\\\/cariere\\\/#breadcrumb\"},\"inLanguage\":\"de\",\"potentialAction\":[{\"@type\":\"ReadAction\",\"target\":[\"https:\\\/\\\/www.cnctech.ro\\\/cariere\\\/\"]}]},{\"@type\":\"BreadcrumbList\",\"@id\":\"https:\\\/\\\/www.cnctech.ro\\\/cariere\\\/#breadcrumb\",\"itemListElement\":[{\"@type\":\"ListItem\",\"position\":1,\"name\":\"Prima pagin\u0103\",\"item\":\"https:\\\/\\\/www.cnctech.ro\\\/\"},{\"@type\":\"ListItem\",\"position\":2,\"name\":\"Cariere\"}]},{\"@type\":\"WebSite\",\"@id\":\"https:\\\/\\\/www.cnctech.ro\\\/#website\",\"url\":\"https:\\\/\\\/www.cnctech.ro\\\/\",\"name\":\"CNC Tech\",\"description\":\"Prelucrari mecanice cu CNC Tech\",\"potentialAction\":[{\"@type\":\"SearchAction\",\"target\":{\"@type\":\"EntryPoint\",\"urlTemplate\":\"https:\\\/\\\/www.cnctech.ro\\\/?s={search_term_string}\"},\"query-input\":{\"@type\":\"PropertyValueSpecification\",\"valueRequired\":true,\"valueName\":\"search_term_string\"}}],\"inLanguage\":\"de\"}]}<\/script>\n<!-- \/ Yoast SEO plugin. -->","yoast_head_json":{"title":"CNC Tech - Entwickeln Sie Ihre Karriere in der Metallbearbeitung","description":"CNC Tech ist immer auf der Suche nach Fachleuten, die entweder am Anfang ihrer Karriere stehen oder bereits Erfahrung in der metallverarbeitenden Industrie haben.","robots":{"index":"index","follow":"follow","max-snippet":"max-snippet:-1","max-image-preview":"max-image-preview:large","max-video-preview":"max-video-preview:-1"},"canonical":"https:\/\/www.cnctech.ro\/cariere\/","og_locale":"de_DE","og_type":"article","og_title":"CNC Tech - Entwickeln Sie Ihre Karriere in der Metallbearbeitung","og_description":"CNC Tech ist immer auf der Suche nach Fachleuten, die entweder am Anfang ihrer Karriere stehen oder bereits Erfahrung in der metallverarbeitenden Industrie haben.","og_url":"https:\/\/www.cnctech.ro\/cariere\/","og_site_name":"CNC Tech","article_modified_time":"2022-02-01T10:18:25+00:00","twitter_card":"summary_large_image","twitter_misc":{"Gesch\u00e4tzte Lesezeit":"1\u00a0Minute"},"schema":{"@context":"https:\/\/schema.org","@graph":[{"@type":"WebPage","@id":"https:\/\/www.cnctech.ro\/cariere\/","url":"https:\/\/www.cnctech.ro\/cariere\/","name":"[:ro]CNC Tech - Dezvolta-ti cariera in domeniul prelucrarii metalelor[:en]CNC Tech - Develop your career in metalworking[:de]CNC Tech - Entwickeln Sie Ihre Karriere in der Metallbearbeitung[:]","isPartOf":{"@id":"https:\/\/www.cnctech.ro\/#website"},"datePublished":"2021-10-04T07:50:21+00:00","dateModified":"2022-02-01T10:18:25+00:00","description":"[:ro]CNC Tech este mereu in cautare de profesionisti, fie la inceput de cariera, fie cu experienta in industria prelucratoare a metalelor.[:en]CNC Tech is always looking for professionals, either at the beginning of their career or with experience in the metalworking industry.[:de]CNC Tech ist immer auf der Suche nach Fachleuten, die entweder am Anfang ihrer Karriere stehen oder bereits Erfahrung in der metallverarbeitenden Industrie haben.[:]","breadcrumb":{"@id":"https:\/\/www.cnctech.ro\/cariere\/#breadcrumb"},"inLanguage":"de","potentialAction":[{"@type":"ReadAction","target":["https:\/\/www.cnctech.ro\/cariere\/"]}]},{"@type":"BreadcrumbList","@id":"https:\/\/www.cnctech.ro\/cariere\/#breadcrumb","itemListElement":[{"@type":"ListItem","position":1,"name":"Prima pagin\u0103","item":"https:\/\/www.cnctech.ro\/"},{"@type":"ListItem","position":2,"name":"Cariere"}]},{"@type":"WebSite","@id":"https:\/\/www.cnctech.ro\/#website","url":"https:\/\/www.cnctech.ro\/","name":"CNC Tech","description":"Prelucrari mecanice cu CNC Tech","potentialAction":[{"@type":"SearchAction","target":{"@type":"EntryPoint","urlTemplate":"https:\/\/www.cnctech.ro\/?s={search_term_string}"},"query-input":{"@type":"PropertyValueSpecification","valueRequired":true,"valueName":"search_term_string"}}],"inLanguage":"de"}]}},"_links":{"self":[{"href":"https:\/\/www.cnctech.ro\/de\/wp-json\/wp\/v2\/pages\/5639","targetHints":{"allow":["GET"]}}],"collection":[{"href":"https:\/\/www.cnctech.ro\/de\/wp-json\/wp\/v2\/pages"}],"about":[{"href":"https:\/\/www.cnctech.ro\/de\/wp-json\/wp\/v2\/types\/page"}],"author":[{"embeddable":true,"href":"https:\/\/www.cnctech.ro\/de\/wp-json\/wp\/v2\/users\/1"}],"replies":[{"embeddable":true,"href":"https:\/\/www.cnctech.ro\/de\/wp-json\/wp\/v2\/comments?post=5639"}],"version-history":[{"count":8,"href":"https:\/\/www.cnctech.ro\/de\/wp-json\/wp\/v2\/pages\/5639\/revisions"}],"predecessor-version":[{"id":6129,"href":"https:\/\/www.cnctech.ro\/de\/wp-json\/wp\/v2\/pages\/5639\/revisions\/6129"}],"wp:attachment":[{"href":"https:\/\/www.cnctech.ro\/de\/wp-json\/wp\/v2\/media?parent=5639"}],"curies":[{"name":"wp","href":"https:\/\/api.w.org\/{rel}","templated":true}]}}