{"id":5629,"date":"2021-10-01T07:22:54","date_gmt":"2021-10-01T07:22:54","guid":{"rendered":"https:\/\/www.cnctech.ro\/?page_id=5629"},"modified":"2022-02-01T10:57:18","modified_gmt":"2022-02-01T10:57:18","slug":"controlul-calitatii-si-livrare","status":"publish","type":"page","link":"https:\/\/www.cnctech.ro\/de\/qualitatskontrolle-lieferung\/","title":{"rendered":"Qualit\u00e4tskontrolle und Lieferung"},"content":{"rendered":"<p>[vc_row][vc_column][vc_column_text]Qualit\u00e4tskontrolle ist in jedem Unternehmen absolut notwendig, um das Vertrauen zu schaffen, dass das hergestellte Produkt den Qualit\u00e4tsanforderungen und Erwartungen der Kunden entspricht.<\/p>\n<p>Die Produkte von CNC Tech werden gem\u00e4\u00df den auf europ\u00e4ischer Ebene geltenden Qualit\u00e4tsnormen hergestellt. Unser Unternehmen ist f\u00fcr alle Aktivit\u00e4ten, die es durchf\u00fchrt, nach ISO 9001:2015 zertifiziert.<\/p>\n<p>Von der Entwurfsphase bis zur Auslieferung gew\u00e4hrleistet CNC Tech die \u00dcberpr\u00fcfung von Entw\u00fcrfen und Produkten in jeder Phase des Produktionsprozesses, indem sie erfolgreich Messwerkzeuge mit der Erfahrung und Professionalit\u00e4t unserer CTC-Mitarbeiter kombiniert.<\/p>\n<p>Die Qualit\u00e4tskontrolle wird mit einer Vielzahl von Mess- und Kontrollinstrumenten durchgef\u00fchrt. Wir verwenden in der Regel Mytutoyo-Instrumente, weil sie von h\u00f6herer Qualit\u00e4t sind und Genauigkeit, Wiederholbarkeit und Qualit\u00e4t gew\u00e4hrleisten. Alle Mess- und Kontrollinstrumente verf\u00fcgen \u00fcber aktuelle Pr\u00fcfprotokolle, und wir sind st\u00e4ndig darum bem\u00fcht, dass wir im Produktionsprozess keine Fehler machen.<\/p>\n<p>Wir messen die Abmessungen mit einem Tesa Hite Magna 700 2D-H\u00f6henmesser, der derzeit f\u00fcr die Messung aller von uns hergestellten Teile ausreicht.<\/p>\n<p>CNC Tech achtet besonders auf die Qualit\u00e4t der Schwei\u00dfn\u00e4hte und f\u00fchrt in dieser Hinsicht mehrere Arten von Kontrollen durch:<\/p>\n<ul>\n<li>100% visuell<\/li>\n<li>Eindringende Fl\u00fcssigkeit,<\/li>\n<li>US, usw.<\/li>\n<\/ul>\n<p>Das F\u00e4rben ist einer der wichtigsten Punkte der CTC-Abteilung. Mit den uns zur Verf\u00fcgung stehenden Ger\u00e4ten k\u00f6nnen wir die Trockenschichtdicke (DFT) und die Haftung gem\u00e4\u00df ISO 2409 messen. Zu diesem Zweck verwenden wir ein Elcometer 2SM Paint Control Kit.<\/p>\n<p>Im Rahmen der Bem\u00fchungen des Unternehmens, die Arbeitsbedingungen st\u00e4ndig zu optimieren und die Qualit\u00e4t der gewonnenen Produkte zu verbessern, wurden im Jahr 2021 Absauganlagen installiert. Mit ihrer Hilfe konnte die Produktivit\u00e4t gesteigert werden, indem die Verschmutzung der Werkstatt durch Mikrostaub und Nebel reduziert wurde. Gleichzeitig wurde die Effizienz der Werkzeugmaschinen durch die Beseitigung der Schadstoffschichtung erh\u00f6ht.<\/p>\n<p>Der Schwierigkeitsgrad der Produkte, die in CNC Tech hergestellt werden, ist mittelschwer, daher sind die Toleranzen, mit denen gearbeitet wird, ebenfalls eng und die Qualit\u00e4tskomponente ist von gro\u00dfer Bedeutung.<\/p>\n<p>Sobald der Produktionsprozess abgeschlossen ist, sind die im Unternehmen hergestellten Produkte zur Auslieferung bereit, so wie es in der jeweiligen Bestellung vorgesehen ist. Sie werden entsprechend ihrer Gr\u00f6\u00dfe und ihren Eigenschaften verpackt, damit sie w\u00e4hrend des Transports gesch\u00fctzt sind, aber auch leicht identifiziert werden k\u00f6nnen, wenn sie am Bestimmungsort ankommen.<\/p>\n<p>Die Bef\u00f6rderung erfolgt nach den Bestimmungen der einzelnen Vertr\u00e4ge, jedoch immer unter Beachtung der INCOTERMS-Richtlinien. CNC Tech verf\u00fcgt \u00fcber ein umfangreiches Netz von Partnern, mit denen sie jede Art von Transport \u00fcber jede Entfernung durchf\u00fchren kann. F\u00fcr lokale Partner mit kurzen Entfernungen bieten wir den Transport mit unseren eigenen Fahrzeugen an.<\/p>\n<p><strong>KONTAKTIEREN SIE UNS, um weitere Informationen \u00fcber die von uns angebotenen Strahlservices zu erhalten!<\/strong>[\/vc_column_text][\/vc_column][\/vc_row][vc_row][vc_column][vc_gallery type=&#8220;image_grid&#8220; images=&#8220;5821,5818,5820,5819,5823,5822&#8243; img_size=&#8220;150&#215;100&#8243;][\/vc_column][\/vc_row]<\/p>\n","protected":false},"excerpt":{"rendered":"<p>[vc_row][vc_column][vc_column_text]Qualit\u00e4tskontrolle ist in jedem Unternehmen absolut notwendig, um das Vertrauen zu schaffen, dass das hergestellte Produkt den Qualit\u00e4tsanforderungen und Erwartungen der Kunden entspricht. Die Produkte von<span class=\"excerpt-hellip\"> [\u2026]<\/span><\/p>\n","protected":false},"author":1,"featured_media":0,"parent":0,"menu_order":0,"comment_status":"closed","ping_status":"closed","template":"","meta":{"footnotes":""},"class_list":["post-5629","page","type-page","status-publish","hentry"],"yoast_head":"<!-- This site is optimized with the Yoast SEO plugin v27.5 - https:\/\/yoast.com\/product\/yoast-seo-wordpress\/ -->\n<title>Qualit\u00e4tskontrolle und Lieferung bei CNC Tech<\/title>\n<meta name=\"description\" content=\"Die Produkte werden in \u00dcbereinstimmung mit den auf europ\u00e4ischer Ebene geltenden Qualit\u00e4tsstandards hergestellt, das Unternehmen ist nach ISO 9001:2015 zertifiziert.\" \/>\n<meta name=\"robots\" content=\"index, follow, max-snippet:-1, max-image-preview:large, max-video-preview:-1\" \/>\n<link rel=\"canonical\" href=\"https:\/\/www.cnctech.ro\/controlul-calitatii\/\" \/>\n<meta property=\"og:locale\" content=\"de_DE\" \/>\n<meta property=\"og:type\" content=\"article\" \/>\n<meta property=\"og:title\" content=\"Qualit\u00e4tskontrolle und Lieferung bei CNC Tech\" \/>\n<meta property=\"og:description\" content=\"Die Produkte werden in \u00dcbereinstimmung mit den auf europ\u00e4ischer Ebene geltenden Qualit\u00e4tsstandards hergestellt, das Unternehmen ist nach ISO 9001:2015 zertifiziert.\" \/>\n<meta property=\"og:url\" content=\"https:\/\/www.cnctech.ro\/controlul-calitatii\/\" \/>\n<meta property=\"og:site_name\" content=\"CNC Tech\" \/>\n<meta property=\"article:modified_time\" content=\"2022-02-01T10:57:18+00:00\" \/>\n<meta name=\"twitter:card\" content=\"summary_large_image\" \/>\n<meta name=\"twitter:label1\" content=\"Gesch\u00e4tzte Lesezeit\" \/>\n\t<meta name=\"twitter:data1\" content=\"3\u00a0Minuten\" \/>\n<script type=\"application\/ld+json\" class=\"yoast-schema-graph\">{\"@context\":\"https:\\\/\\\/schema.org\",\"@graph\":[{\"@type\":\"WebPage\",\"@id\":\"https:\\\/\\\/www.cnctech.ro\\\/controlul-calitatii\\\/\",\"url\":\"https:\\\/\\\/www.cnctech.ro\\\/controlul-calitatii\\\/\",\"name\":\"[:ro]Controlul calit\u0103\u021bii \u0219i livrare la CNC Tech[:en]Delivery and quality control at CNC Tech[:de]Qualit\u00e4tskontrolle und Lieferung bei CNC Tech[:]\",\"isPartOf\":{\"@id\":\"https:\\\/\\\/www.cnctech.ro\\\/#website\"},\"datePublished\":\"2021-10-01T07:22:54+00:00\",\"dateModified\":\"2022-02-01T10:57:18+00:00\",\"description\":\"[:ro]Produsele sunt realizate in conformitate cu standardele de calitate in vigoare la nivel european, societatea fiind certificata ISO 9001:2015.[:en]Our products are made in accordance with the quality standards in force at European level, the company being ISO 9001: 2015 certified.[:de]Die Produkte werden in \u00dcbereinstimmung mit den auf europ\u00e4ischer Ebene geltenden Qualit\u00e4tsstandards hergestellt, das Unternehmen ist nach ISO 9001:2015 zertifiziert.[:]\",\"breadcrumb\":{\"@id\":\"https:\\\/\\\/www.cnctech.ro\\\/controlul-calitatii\\\/#breadcrumb\"},\"inLanguage\":\"de\",\"potentialAction\":[{\"@type\":\"ReadAction\",\"target\":[\"https:\\\/\\\/www.cnctech.ro\\\/controlul-calitatii\\\/\"]}]},{\"@type\":\"BreadcrumbList\",\"@id\":\"https:\\\/\\\/www.cnctech.ro\\\/controlul-calitatii\\\/#breadcrumb\",\"itemListElement\":[{\"@type\":\"ListItem\",\"position\":1,\"name\":\"Prima pagin\u0103\",\"item\":\"https:\\\/\\\/www.cnctech.ro\\\/\"},{\"@type\":\"ListItem\",\"position\":2,\"name\":\"Controlul calit\u0103\u021bii \u0219i livrare\"}]},{\"@type\":\"WebSite\",\"@id\":\"https:\\\/\\\/www.cnctech.ro\\\/#website\",\"url\":\"https:\\\/\\\/www.cnctech.ro\\\/\",\"name\":\"CNC Tech\",\"description\":\"Prelucrari mecanice cu CNC Tech\",\"potentialAction\":[{\"@type\":\"SearchAction\",\"target\":{\"@type\":\"EntryPoint\",\"urlTemplate\":\"https:\\\/\\\/www.cnctech.ro\\\/?s={search_term_string}\"},\"query-input\":{\"@type\":\"PropertyValueSpecification\",\"valueRequired\":true,\"valueName\":\"search_term_string\"}}],\"inLanguage\":\"de\"}]}<\/script>\n<!-- \/ Yoast SEO plugin. -->","yoast_head_json":{"title":"Qualit\u00e4tskontrolle und Lieferung bei CNC Tech","description":"Die Produkte werden in \u00dcbereinstimmung mit den auf europ\u00e4ischer Ebene geltenden Qualit\u00e4tsstandards hergestellt, das Unternehmen ist nach ISO 9001:2015 zertifiziert.","robots":{"index":"index","follow":"follow","max-snippet":"max-snippet:-1","max-image-preview":"max-image-preview:large","max-video-preview":"max-video-preview:-1"},"canonical":"https:\/\/www.cnctech.ro\/controlul-calitatii\/","og_locale":"de_DE","og_type":"article","og_title":"Qualit\u00e4tskontrolle und Lieferung bei CNC Tech","og_description":"Die Produkte werden in \u00dcbereinstimmung mit den auf europ\u00e4ischer Ebene geltenden Qualit\u00e4tsstandards hergestellt, das Unternehmen ist nach ISO 9001:2015 zertifiziert.","og_url":"https:\/\/www.cnctech.ro\/controlul-calitatii\/","og_site_name":"CNC Tech","article_modified_time":"2022-02-01T10:57:18+00:00","twitter_card":"summary_large_image","twitter_misc":{"Gesch\u00e4tzte Lesezeit":"3\u00a0Minuten"},"schema":{"@context":"https:\/\/schema.org","@graph":[{"@type":"WebPage","@id":"https:\/\/www.cnctech.ro\/controlul-calitatii\/","url":"https:\/\/www.cnctech.ro\/controlul-calitatii\/","name":"[:ro]Controlul calit\u0103\u021bii \u0219i livrare la CNC Tech[:en]Delivery and quality control at CNC Tech[:de]Qualit\u00e4tskontrolle und Lieferung bei CNC Tech[:]","isPartOf":{"@id":"https:\/\/www.cnctech.ro\/#website"},"datePublished":"2021-10-01T07:22:54+00:00","dateModified":"2022-02-01T10:57:18+00:00","description":"[:ro]Produsele sunt realizate in conformitate cu standardele de calitate in vigoare la nivel european, societatea fiind certificata ISO 9001:2015.[:en]Our products are made in accordance with the quality standards in force at European level, the company being ISO 9001: 2015 certified.[:de]Die Produkte werden in \u00dcbereinstimmung mit den auf europ\u00e4ischer Ebene geltenden Qualit\u00e4tsstandards hergestellt, das Unternehmen ist nach ISO 9001:2015 zertifiziert.[:]","breadcrumb":{"@id":"https:\/\/www.cnctech.ro\/controlul-calitatii\/#breadcrumb"},"inLanguage":"de","potentialAction":[{"@type":"ReadAction","target":["https:\/\/www.cnctech.ro\/controlul-calitatii\/"]}]},{"@type":"BreadcrumbList","@id":"https:\/\/www.cnctech.ro\/controlul-calitatii\/#breadcrumb","itemListElement":[{"@type":"ListItem","position":1,"name":"Prima pagin\u0103","item":"https:\/\/www.cnctech.ro\/"},{"@type":"ListItem","position":2,"name":"Controlul calit\u0103\u021bii \u0219i livrare"}]},{"@type":"WebSite","@id":"https:\/\/www.cnctech.ro\/#website","url":"https:\/\/www.cnctech.ro\/","name":"CNC Tech","description":"Prelucrari mecanice cu CNC Tech","potentialAction":[{"@type":"SearchAction","target":{"@type":"EntryPoint","urlTemplate":"https:\/\/www.cnctech.ro\/?s={search_term_string}"},"query-input":{"@type":"PropertyValueSpecification","valueRequired":true,"valueName":"search_term_string"}}],"inLanguage":"de"}]}},"_links":{"self":[{"href":"https:\/\/www.cnctech.ro\/de\/wp-json\/wp\/v2\/pages\/5629","targetHints":{"allow":["GET"]}}],"collection":[{"href":"https:\/\/www.cnctech.ro\/de\/wp-json\/wp\/v2\/pages"}],"about":[{"href":"https:\/\/www.cnctech.ro\/de\/wp-json\/wp\/v2\/types\/page"}],"author":[{"embeddable":true,"href":"https:\/\/www.cnctech.ro\/de\/wp-json\/wp\/v2\/users\/1"}],"replies":[{"embeddable":true,"href":"https:\/\/www.cnctech.ro\/de\/wp-json\/wp\/v2\/comments?post=5629"}],"version-history":[{"count":15,"href":"https:\/\/www.cnctech.ro\/de\/wp-json\/wp\/v2\/pages\/5629\/revisions"}],"predecessor-version":[{"id":6132,"href":"https:\/\/www.cnctech.ro\/de\/wp-json\/wp\/v2\/pages\/5629\/revisions\/6132"}],"wp:attachment":[{"href":"https:\/\/www.cnctech.ro\/de\/wp-json\/wp\/v2\/media?parent=5629"}],"curies":[{"name":"wp","href":"https:\/\/api.w.org\/{rel}","templated":true}]}}