{"id":5507,"date":"2021-07-28T08:43:42","date_gmt":"2021-07-28T08:43:42","guid":{"rendered":"https:\/\/www.cnctech.ro\/?page_id=5507"},"modified":"2022-02-01T11:26:10","modified_gmt":"2022-02-01T11:26:10","slug":"sablare-3","status":"publish","type":"page","link":"https:\/\/www.cnctech.ro\/de\/de-sablare-vopsire\/","title":{"rendered":"Sandstrahlen und Lackieren"},"content":{"rendered":"<p>[vc_row][vc_column][vc_column_text]<strong>Sandstrahlen<\/strong><\/p>\n<p>Die CNC TECH-Anlage erm\u00f6glicht das manuelle Strahlen mit Metallklingen f\u00fcr Metallteile. Unsere Strahlkabine hat die Abmessungen von L-12m, B-5,5m, H-3m. Wir verf\u00fcgen \u00fcber Ger\u00e4te zur Messung der Rauheit und Qualit\u00e4t der Oberfl\u00e4che nach dem Strahlen. So gew\u00e4hrleisten wir in Zusammenarbeit mit der internen Qualit\u00e4tsabteilung von CNC Tech die Einhaltung der von unseren Kunden geforderten Qualit\u00e4tsstandards.<\/p>\n<p>Unter Sandstrahlen versteht man das Reinigen oder Bearbeiten von Metall, Stein, Glas oder anderen festen Oberfl\u00e4chen durch Strahlen. Diese Art der technologischen Bearbeitung erfolgt mit Hilfe von Metallb\u00fcrsten, Elektrokorund, Sand oder anderen k\u00f6rnigen Schleifmitteln, die durch mechanische Zentrifugation oder durch einen Gas- (Druckluft) oder Fl\u00fcssigkeitsstrahl (Druckwasser) mit hoher Geschwindigkeit auf die zu bearbeitenden Oberfl\u00e4chen geschleudert werden.<\/p>\n<p>Es wird verwendet, wenn komplexe Metalloberfl\u00e4chen, die die Anwendung anderer Methoden nicht zulassen, f\u00fcr die Lackierung gereinigt werden m\u00fcssen. Sie wird in geschlossenen R\u00e4umen durchgef\u00fchrt, da der Druckluft- und Sandstrahl bei sehr hohen Geschwindigkeiten eine gro\u00dfe Gefahr darstellt. Das Verfahren wird in der metallverarbeitenden Industrie, auf Werften und allgemein \u00fcberall dort eingesetzt, wo eine schnelle Oberfl\u00e4chenreinigung erforderlich ist.<\/p>\n<p><strong>Lackieren<\/strong><\/p>\n<p>Unser Unternehmen bietet auch industrielle Lackierarbeiten f\u00fcr Metallteile aus Stahl an. Unsere Lackier-\/Trockenkabine hat die Ma\u00dfe L-12m, B-5,5m, H-3m.<br \/>\nWir verf\u00fcgen \u00fcber Ger\u00e4te zur Messung der Dicke der trockenen Lackschicht (DFT) und ihrer Haftung gem\u00e4\u00df ISO 2409. F\u00fcr die Lackierung verwenden wir je nach Kundenwunsch korrosionshemmende Zweikomponenten- (Epoxid und Polyurethan) und Einkomponenten-Filmbildner (Alkyd-Melamin), die von SOVECORD INT SA hergestellt und geliefert werden.<br \/>\nWir k\u00f6nnen so in Zusammenarbeit mit der internen Qualit\u00e4tsabteilung von CNC Tech die Einhaltung der von unseren Kunden geforderten Qualit\u00e4tsstandards gew\u00e4hrleisten.<\/p>\n<p><strong>KONTAKTIEREN SIE UNS, um weitere Informationen \u00fcber die von uns angebotenen Strahlservices zu erhalten!<\/strong>[\/vc_column_text][\/vc_column][\/vc_row][vc_row][vc_column][vc_gallery type=&#8220;image_grid&#8220; images=&#8220;4683,4682,4681,4680,4677,4693&#8243; img_size=&#8220;150&#215;100&#8243;][\/vc_column][\/vc_row]<\/p>\n","protected":false},"excerpt":{"rendered":"<p>[vc_row][vc_column][vc_column_text]Sandstrahlen Die CNC TECH-Anlage erm\u00f6glicht das manuelle Strahlen mit Metallklingen f\u00fcr Metallteile. Unsere Strahlkabine hat die Abmessungen von L-12m, B-5,5m, H-3m. Wir verf\u00fcgen \u00fcber Ger\u00e4te zur<span class=\"excerpt-hellip\"> [\u2026]<\/span><\/p>\n","protected":false},"author":1,"featured_media":0,"parent":0,"menu_order":0,"comment_status":"closed","ping_status":"closed","template":"","meta":{"footnotes":""},"class_list":["post-5507","page","type-page","status-publish","hentry"],"yoast_head":"<!-- This site is optimized with the Yoast SEO plugin v27.5 - https:\/\/yoast.com\/product\/yoast-seo-wordpress\/ -->\n<title>CNC Tech - Sandstrahlen und Lackieren<\/title>\n<meta name=\"description\" content=\"CNC Tech f\u00fchrt manuelles Sandstrahlen mit Metallklingen f\u00fcr Teile. Wir bieten auch industrielle Lackierarbeiten f\u00fcr Metallteile aus Stahl an.\" \/>\n<meta name=\"robots\" content=\"index, follow, max-snippet:-1, max-image-preview:large, max-video-preview:-1\" \/>\n<link rel=\"canonical\" href=\"https:\/\/www.cnctech.ro\/sablare-vopsire\/\" \/>\n<meta property=\"og:locale\" content=\"de_DE\" \/>\n<meta property=\"og:type\" content=\"article\" \/>\n<meta property=\"og:title\" content=\"CNC Tech - Sandstrahlen und Lackieren\" \/>\n<meta property=\"og:description\" content=\"CNC Tech f\u00fchrt manuelles Sandstrahlen mit Metallklingen f\u00fcr Teile. Wir bieten auch industrielle Lackierarbeiten f\u00fcr Metallteile aus Stahl an.\" \/>\n<meta property=\"og:url\" content=\"https:\/\/www.cnctech.ro\/sablare-vopsire\/\" \/>\n<meta property=\"og:site_name\" content=\"CNC Tech\" \/>\n<meta property=\"article:modified_time\" content=\"2022-02-01T11:26:10+00:00\" \/>\n<meta name=\"twitter:card\" content=\"summary_large_image\" \/>\n<meta name=\"twitter:label1\" content=\"Gesch\u00e4tzte Lesezeit\" \/>\n\t<meta name=\"twitter:data1\" content=\"10\u00a0Minuten\" \/>\n<script type=\"application\/ld+json\" class=\"yoast-schema-graph\">{\"@context\":\"https:\\\/\\\/schema.org\",\"@graph\":[{\"@type\":\"WebPage\",\"@id\":\"https:\\\/\\\/www.cnctech.ro\\\/sablare-vopsire\\\/\",\"url\":\"https:\\\/\\\/www.cnctech.ro\\\/sablare-vopsire\\\/\",\"name\":\"[:ro]Sablare si vopsire - CNC Tech[:en]Sandblasting and painting - CNC Tech[:de]CNC Tech - Sandstrahlen und Lackieren[:]\",\"isPartOf\":{\"@id\":\"https:\\\/\\\/www.cnctech.ro\\\/#website\"},\"datePublished\":\"2021-07-28T08:43:42+00:00\",\"dateModified\":\"2022-02-01T11:26:10+00:00\",\"description\":\"[:ro]CNC Tech executa sablarea manuala cu alice metalice pentru piese. Oferim si servicii de vopsire industriala pentru repere metalice din otel.[:en]CNC Tech performs manual sandblasting with metal pliers for parts. We also offer industrial painting services for steel metal parts.[:de]CNC Tech f\u00fchrt manuelles Sandstrahlen mit Metallklingen f\u00fcr Teile. Wir bieten auch industrielle Lackierarbeiten f\u00fcr Metallteile aus Stahl an.[:]\",\"breadcrumb\":{\"@id\":\"https:\\\/\\\/www.cnctech.ro\\\/sablare-vopsire\\\/#breadcrumb\"},\"inLanguage\":\"de\",\"potentialAction\":[{\"@type\":\"ReadAction\",\"target\":[\"https:\\\/\\\/www.cnctech.ro\\\/sablare-vopsire\\\/\"]}]},{\"@type\":\"BreadcrumbList\",\"@id\":\"https:\\\/\\\/www.cnctech.ro\\\/sablare-vopsire\\\/#breadcrumb\",\"itemListElement\":[{\"@type\":\"ListItem\",\"position\":1,\"name\":\"Prima pagin\u0103\",\"item\":\"https:\\\/\\\/www.cnctech.ro\\\/\"},{\"@type\":\"ListItem\",\"position\":2,\"name\":\"Sablare \u0219i vopsire\"}]},{\"@type\":\"WebSite\",\"@id\":\"https:\\\/\\\/www.cnctech.ro\\\/#website\",\"url\":\"https:\\\/\\\/www.cnctech.ro\\\/\",\"name\":\"CNC Tech\",\"description\":\"Prelucrari mecanice cu CNC Tech\",\"potentialAction\":[{\"@type\":\"SearchAction\",\"target\":{\"@type\":\"EntryPoint\",\"urlTemplate\":\"https:\\\/\\\/www.cnctech.ro\\\/?s={search_term_string}\"},\"query-input\":{\"@type\":\"PropertyValueSpecification\",\"valueRequired\":true,\"valueName\":\"search_term_string\"}}],\"inLanguage\":\"de\"}]}<\/script>\n<!-- \/ Yoast SEO plugin. -->","yoast_head_json":{"title":"CNC Tech - Sandstrahlen und Lackieren","description":"CNC Tech f\u00fchrt manuelles Sandstrahlen mit Metallklingen f\u00fcr Teile. Wir bieten auch industrielle Lackierarbeiten f\u00fcr Metallteile aus Stahl an.","robots":{"index":"index","follow":"follow","max-snippet":"max-snippet:-1","max-image-preview":"max-image-preview:large","max-video-preview":"max-video-preview:-1"},"canonical":"https:\/\/www.cnctech.ro\/sablare-vopsire\/","og_locale":"de_DE","og_type":"article","og_title":"CNC Tech - Sandstrahlen und Lackieren","og_description":"CNC Tech f\u00fchrt manuelles Sandstrahlen mit Metallklingen f\u00fcr Teile. Wir bieten auch industrielle Lackierarbeiten f\u00fcr Metallteile aus Stahl an.","og_url":"https:\/\/www.cnctech.ro\/sablare-vopsire\/","og_site_name":"CNC Tech","article_modified_time":"2022-02-01T11:26:10+00:00","twitter_card":"summary_large_image","twitter_misc":{"Gesch\u00e4tzte Lesezeit":"10\u00a0Minuten"},"schema":{"@context":"https:\/\/schema.org","@graph":[{"@type":"WebPage","@id":"https:\/\/www.cnctech.ro\/sablare-vopsire\/","url":"https:\/\/www.cnctech.ro\/sablare-vopsire\/","name":"[:ro]Sablare si vopsire - CNC Tech[:en]Sandblasting and painting - CNC Tech[:de]CNC Tech - Sandstrahlen und Lackieren[:]","isPartOf":{"@id":"https:\/\/www.cnctech.ro\/#website"},"datePublished":"2021-07-28T08:43:42+00:00","dateModified":"2022-02-01T11:26:10+00:00","description":"[:ro]CNC Tech executa sablarea manuala cu alice metalice pentru piese. Oferim si servicii de vopsire industriala pentru repere metalice din otel.[:en]CNC Tech performs manual sandblasting with metal pliers for parts. We also offer industrial painting services for steel metal parts.[:de]CNC Tech f\u00fchrt manuelles Sandstrahlen mit Metallklingen f\u00fcr Teile. Wir bieten auch industrielle Lackierarbeiten f\u00fcr Metallteile aus Stahl an.[:]","breadcrumb":{"@id":"https:\/\/www.cnctech.ro\/sablare-vopsire\/#breadcrumb"},"inLanguage":"de","potentialAction":[{"@type":"ReadAction","target":["https:\/\/www.cnctech.ro\/sablare-vopsire\/"]}]},{"@type":"BreadcrumbList","@id":"https:\/\/www.cnctech.ro\/sablare-vopsire\/#breadcrumb","itemListElement":[{"@type":"ListItem","position":1,"name":"Prima pagin\u0103","item":"https:\/\/www.cnctech.ro\/"},{"@type":"ListItem","position":2,"name":"Sablare \u0219i vopsire"}]},{"@type":"WebSite","@id":"https:\/\/www.cnctech.ro\/#website","url":"https:\/\/www.cnctech.ro\/","name":"CNC Tech","description":"Prelucrari mecanice cu CNC Tech","potentialAction":[{"@type":"SearchAction","target":{"@type":"EntryPoint","urlTemplate":"https:\/\/www.cnctech.ro\/?s={search_term_string}"},"query-input":{"@type":"PropertyValueSpecification","valueRequired":true,"valueName":"search_term_string"}}],"inLanguage":"de"}]}},"_links":{"self":[{"href":"https:\/\/www.cnctech.ro\/de\/wp-json\/wp\/v2\/pages\/5507","targetHints":{"allow":["GET"]}}],"collection":[{"href":"https:\/\/www.cnctech.ro\/de\/wp-json\/wp\/v2\/pages"}],"about":[{"href":"https:\/\/www.cnctech.ro\/de\/wp-json\/wp\/v2\/types\/page"}],"author":[{"embeddable":true,"href":"https:\/\/www.cnctech.ro\/de\/wp-json\/wp\/v2\/users\/1"}],"replies":[{"embeddable":true,"href":"https:\/\/www.cnctech.ro\/de\/wp-json\/wp\/v2\/comments?post=5507"}],"version-history":[{"count":21,"href":"https:\/\/www.cnctech.ro\/de\/wp-json\/wp\/v2\/pages\/5507\/revisions"}],"predecessor-version":[{"id":6138,"href":"https:\/\/www.cnctech.ro\/de\/wp-json\/wp\/v2\/pages\/5507\/revisions\/6138"}],"wp:attachment":[{"href":"https:\/\/www.cnctech.ro\/de\/wp-json\/wp\/v2\/media?parent=5507"}],"curies":[{"name":"wp","href":"https:\/\/api.w.org\/{rel}","templated":true}]}}