{"id":5505,"date":"2021-07-28T08:38:45","date_gmt":"2021-07-28T08:38:45","guid":{"rendered":"https:\/\/www.cnctech.ro\/?page_id=5505"},"modified":"2022-02-01T11:01:49","modified_gmt":"2022-02-01T11:01:49","slug":"debitare-mecanica-2","status":"publish","type":"page","link":"https:\/\/www.cnctech.ro\/de\/debitare-mecanica-de\/","title":{"rendered":"Dienstleistungen &#8211; CNC und MESCHANISCHER EINSCHNITT"},"content":{"rendered":"<p>[vc_row][vc_column][vc_column_text]<strong>EINSCHNITT MIT PLASMA UND OXIGAS<\/strong><\/p>\n<p>Unser Unternehmen ist in der Lage, auf einer numerisch gesteuerten Maschine PLASMA &#8211; und OXIGAS -EINSCHNITT -Bearbeitungen von Stahl-, Edelstahl- und Aluminiumblechen durchzuf\u00fchren. Der Schneidetisch hat Abmessungen von 6m*2m. Mit PLASMA (260A Leistung) k\u00f6nnen wir Stahl bis zu einer Dicke von 32 mm schneiden, sehr gute Qualit\u00e4t und durchdringend und 60 mm mit Seitenangriff. Mit OXIGAZ k\u00f6nnen wir bis zu einer Dicke von 150 mm schneiden. Diese ist mit einer Hypertherm 260XD Plasmaquelle ausgestattet.<\/p>\n<p>Durch die Verwendung einer digitalen Schablone und die anschlie\u00dfende autonome Bearbeitung auf der CNC-Maschine werden menschliche Fehler vermieden, wobei der Schnitt ist sehr genau. Das CNC-Schneiden erh\u00f6ht die Produktionskapazit\u00e4t bei hoher Skalierbarkeit drastisch. Sobald die Parameter definiert und zusammen mit den Projektspezifikationen in die Maschinensoftware eingegeben sind, ist es m\u00f6glich, konstant sehr gro\u00dfe Mengen an geschnittenen Blechen zu produzieren.<\/p>\n<p>Die Vorteile des CNC-Schneidens sind unbestreitbar, aber die N\u00fctzlichkeit herk\u00f6mmlicher mechanischer Schneidmaschinen, die in bestimmten F\u00e4llen eingesetzt werden m\u00fcssen, sollte nicht vergessen werden. Die vorhandene Ausr\u00fcstung hilft uns, sehr flexibel und schnell bei der Ausf\u00fchrung von Auftr\u00e4gen zu sein, so dass wir sowohl kleine als auch gro\u00dfe Serien rechtzeitig f\u00fcr unsere eigenen Bed\u00fcrfnisse oder die unserer Kunden liefern k\u00f6nnen. Mit unserem Maschinenpark k\u00f6nnen wir die gesamte Palette der von uns in der Produktion verwendeten Materialien zuschneiden: Bleche, runde oder rechteckige Rohre, Rundst\u00e4be, Metallprofile, gewalzte Profile und alle Qualit\u00e4ten, Stahl, Edelstahl, Aluminium.<\/p>\n<p><strong>PERMANENTE VORR\u00c4TE<\/strong><\/p>\n<p>Wir haben S235 Blechdicke 3, 4, 5, 6, 8, 10, 12, 14, 15, 18, 20, 22, 25, 30, 40, 50, 60, 70, 80, 90, 100, 120mm auf Lager.<\/p>\n<p><strong>MESCHANISCHER EINSCHNITT <\/strong><\/p>\n<p>Unser Unternehmen CNC Tech kann Materialien bis zu einer Gr\u00f6\u00dfe von 400 x 250 mm auf endlosen Bands\u00e4gen schneiden. Die mechanische Zerspanung wird in der Maschinenwerkstatt mit speziellen Maschinen und Ger\u00e4ten durchgef\u00fchrt:<\/p>\n<p>&#8211; Die Blechschere FDT 16*3000 \u2014 bietet die M\u00f6glichkeit, Bleche bis zu 16 mm Dicke und 3000 mm Breite zu schneiden;<\/p>\n<p>&#8211; Die Blechschere FDT 8*2500 bietet die M\u00f6glichkeit, Bleche bis zu 8 mm Dicke und 2500 mm Breite zu schneiden;<\/p>\n<p>&#8211; mechanische S\u00e4gen mit unendlichem Steg &#8211; erm\u00f6glicht das Schneiden bis zu einer maximalen Gr\u00f6\u00dfe von 400*250mm.<\/p>\n<p><strong>PERMANENTE VORR\u00c4TE<\/strong><\/p>\n<p>Wir verf\u00fcgen \u00fcber ein st\u00e4ndiges Lager mit einer gro\u00dfen Auswahl an gezogenem Material (Rund- und Flachstangen) aus Stahl und Aluminium und k\u00f6nnen das geschnittene Material in der gew\u00fcnschten Gr\u00f6\u00dfe und Menge liefern.<\/p>\n<p><strong>KONTAKTIEREN Sie uns per E-Mail oder Telefon, um mehr \u00fcber unsere Schneidedienstleistungen zu erfahren!<\/strong>[\/vc_column_text][\/vc_column][\/vc_row][vc_row][vc_column][vc_gallery type=&#8220;image_grid&#8220; images=&#8220;5811,5272,5815,5270,5268,5816&#8243; img_size=&#8220;150&#215;100&#8243;][\/vc_column][\/vc_row]<\/p>\n","protected":false},"excerpt":{"rendered":"<p>[vc_row][vc_column][vc_column_text]EINSCHNITT MIT PLASMA UND OXIGAS Unser Unternehmen ist in der Lage, auf einer numerisch gesteuerten Maschine PLASMA &#8211; und OXIGAS -EINSCHNITT -Bearbeitungen von Stahl-, Edelstahl- und<span class=\"excerpt-hellip\"> [\u2026]<\/span><\/p>\n","protected":false},"author":1,"featured_media":0,"parent":0,"menu_order":0,"comment_status":"closed","ping_status":"closed","template":"","meta":{"footnotes":""},"class_list":["post-5505","page","type-page","status-publish","hentry"],"yoast_head":"<!-- This site is optimized with the Yoast SEO plugin v27.5 - https:\/\/yoast.com\/product\/yoast-seo-wordpress\/ -->\n<title>CNC Tech Mechanische Zerspanung<\/title>\n<meta name=\"description\" content=\"Unser Unternehmen ist in der Lage, mechanische Schneidearbeiten auf unendlichen Bands\u00e4gen durchzuf\u00fchren, Materialien bis zu 400X250 mm.\" \/>\n<meta name=\"robots\" content=\"index, follow, max-snippet:-1, max-image-preview:large, max-video-preview:-1\" \/>\n<link rel=\"canonical\" href=\"https:\/\/www.cnctech.ro\/debitare-mecanica-cnc\/\" \/>\n<meta property=\"og:locale\" content=\"de_DE\" \/>\n<meta property=\"og:type\" content=\"article\" \/>\n<meta property=\"og:title\" content=\"CNC Tech Mechanische Zerspanung\" \/>\n<meta property=\"og:description\" content=\"Unser Unternehmen ist in der Lage, mechanische Schneidearbeiten auf unendlichen Bands\u00e4gen durchzuf\u00fchren, Materialien bis zu 400X250 mm.\" \/>\n<meta property=\"og:url\" content=\"https:\/\/www.cnctech.ro\/debitare-mecanica-cnc\/\" \/>\n<meta property=\"og:site_name\" content=\"CNC Tech\" \/>\n<meta property=\"article:modified_time\" content=\"2022-02-01T11:01:49+00:00\" \/>\n<meta name=\"twitter:card\" content=\"summary_large_image\" \/>\n<meta name=\"twitter:label1\" content=\"Gesch\u00e4tzte Lesezeit\" \/>\n\t<meta name=\"twitter:data1\" content=\"3\u00a0Minuten\" \/>\n<script type=\"application\/ld+json\" class=\"yoast-schema-graph\">{\"@context\":\"https:\\\/\\\/schema.org\",\"@graph\":[{\"@type\":\"WebPage\",\"@id\":\"https:\\\/\\\/www.cnctech.ro\\\/debitare-mecanica-cnc\\\/\",\"url\":\"https:\\\/\\\/www.cnctech.ro\\\/debitare-mecanica-cnc\\\/\",\"name\":\"[:ro]Debitare mecanic\u0103 CNC Tech[:en]Mechanical cutting - SC CNC Tech SRL Bumbesti-Jiu[:de]CNC Tech Mechanische Zerspanung[:]\",\"isPartOf\":{\"@id\":\"https:\\\/\\\/www.cnctech.ro\\\/#website\"},\"datePublished\":\"2021-07-28T08:38:45+00:00\",\"dateModified\":\"2022-02-01T11:01:49+00:00\",\"description\":\"[:ro]Firma noastra poate realiza operatii de debitare mecanic\u0103 pe fierastraie cu banda infinita, materiale pana la dimensiunea de 400X250 mm.[:en]Our company can carry cutting operations with infinite tape, materials up to size 400X250 mm.[:de]Unser Unternehmen ist in der Lage, mechanische Schneidearbeiten auf unendlichen Bands\u00e4gen durchzuf\u00fchren, Materialien bis zu 400X250 mm.[:]\",\"breadcrumb\":{\"@id\":\"https:\\\/\\\/www.cnctech.ro\\\/debitare-mecanica-cnc\\\/#breadcrumb\"},\"inLanguage\":\"de\",\"potentialAction\":[{\"@type\":\"ReadAction\",\"target\":[\"https:\\\/\\\/www.cnctech.ro\\\/debitare-mecanica-cnc\\\/\"]}]},{\"@type\":\"BreadcrumbList\",\"@id\":\"https:\\\/\\\/www.cnctech.ro\\\/debitare-mecanica-cnc\\\/#breadcrumb\",\"itemListElement\":[{\"@type\":\"ListItem\",\"position\":1,\"name\":\"Prima pagin\u0103\",\"item\":\"https:\\\/\\\/www.cnctech.ro\\\/\"},{\"@type\":\"ListItem\",\"position\":2,\"name\":\"Debitare\"}]},{\"@type\":\"WebSite\",\"@id\":\"https:\\\/\\\/www.cnctech.ro\\\/#website\",\"url\":\"https:\\\/\\\/www.cnctech.ro\\\/\",\"name\":\"CNC Tech\",\"description\":\"Prelucrari mecanice cu CNC Tech\",\"potentialAction\":[{\"@type\":\"SearchAction\",\"target\":{\"@type\":\"EntryPoint\",\"urlTemplate\":\"https:\\\/\\\/www.cnctech.ro\\\/?s={search_term_string}\"},\"query-input\":{\"@type\":\"PropertyValueSpecification\",\"valueRequired\":true,\"valueName\":\"search_term_string\"}}],\"inLanguage\":\"de\"}]}<\/script>\n<!-- \/ Yoast SEO plugin. -->","yoast_head_json":{"title":"CNC Tech Mechanische Zerspanung","description":"Unser Unternehmen ist in der Lage, mechanische Schneidearbeiten auf unendlichen Bands\u00e4gen durchzuf\u00fchren, Materialien bis zu 400X250 mm.","robots":{"index":"index","follow":"follow","max-snippet":"max-snippet:-1","max-image-preview":"max-image-preview:large","max-video-preview":"max-video-preview:-1"},"canonical":"https:\/\/www.cnctech.ro\/debitare-mecanica-cnc\/","og_locale":"de_DE","og_type":"article","og_title":"CNC Tech Mechanische Zerspanung","og_description":"Unser Unternehmen ist in der Lage, mechanische Schneidearbeiten auf unendlichen Bands\u00e4gen durchzuf\u00fchren, Materialien bis zu 400X250 mm.","og_url":"https:\/\/www.cnctech.ro\/debitare-mecanica-cnc\/","og_site_name":"CNC Tech","article_modified_time":"2022-02-01T11:01:49+00:00","twitter_card":"summary_large_image","twitter_misc":{"Gesch\u00e4tzte Lesezeit":"3\u00a0Minuten"},"schema":{"@context":"https:\/\/schema.org","@graph":[{"@type":"WebPage","@id":"https:\/\/www.cnctech.ro\/debitare-mecanica-cnc\/","url":"https:\/\/www.cnctech.ro\/debitare-mecanica-cnc\/","name":"[:ro]Debitare mecanic\u0103 CNC Tech[:en]Mechanical cutting - SC CNC Tech SRL Bumbesti-Jiu[:de]CNC Tech Mechanische Zerspanung[:]","isPartOf":{"@id":"https:\/\/www.cnctech.ro\/#website"},"datePublished":"2021-07-28T08:38:45+00:00","dateModified":"2022-02-01T11:01:49+00:00","description":"[:ro]Firma noastra poate realiza operatii de debitare mecanic\u0103 pe fierastraie cu banda infinita, materiale pana la dimensiunea de 400X250 mm.[:en]Our company can carry cutting operations with infinite tape, materials up to size 400X250 mm.[:de]Unser Unternehmen ist in der Lage, mechanische Schneidearbeiten auf unendlichen Bands\u00e4gen durchzuf\u00fchren, Materialien bis zu 400X250 mm.[:]","breadcrumb":{"@id":"https:\/\/www.cnctech.ro\/debitare-mecanica-cnc\/#breadcrumb"},"inLanguage":"de","potentialAction":[{"@type":"ReadAction","target":["https:\/\/www.cnctech.ro\/debitare-mecanica-cnc\/"]}]},{"@type":"BreadcrumbList","@id":"https:\/\/www.cnctech.ro\/debitare-mecanica-cnc\/#breadcrumb","itemListElement":[{"@type":"ListItem","position":1,"name":"Prima pagin\u0103","item":"https:\/\/www.cnctech.ro\/"},{"@type":"ListItem","position":2,"name":"Debitare"}]},{"@type":"WebSite","@id":"https:\/\/www.cnctech.ro\/#website","url":"https:\/\/www.cnctech.ro\/","name":"CNC Tech","description":"Prelucrari mecanice cu CNC Tech","potentialAction":[{"@type":"SearchAction","target":{"@type":"EntryPoint","urlTemplate":"https:\/\/www.cnctech.ro\/?s={search_term_string}"},"query-input":{"@type":"PropertyValueSpecification","valueRequired":true,"valueName":"search_term_string"}}],"inLanguage":"de"}]}},"_links":{"self":[{"href":"https:\/\/www.cnctech.ro\/de\/wp-json\/wp\/v2\/pages\/5505","targetHints":{"allow":["GET"]}}],"collection":[{"href":"https:\/\/www.cnctech.ro\/de\/wp-json\/wp\/v2\/pages"}],"about":[{"href":"https:\/\/www.cnctech.ro\/de\/wp-json\/wp\/v2\/types\/page"}],"author":[{"embeddable":true,"href":"https:\/\/www.cnctech.ro\/de\/wp-json\/wp\/v2\/users\/1"}],"replies":[{"embeddable":true,"href":"https:\/\/www.cnctech.ro\/de\/wp-json\/wp\/v2\/comments?post=5505"}],"version-history":[{"count":27,"href":"https:\/\/www.cnctech.ro\/de\/wp-json\/wp\/v2\/pages\/5505\/revisions"}],"predecessor-version":[{"id":6134,"href":"https:\/\/www.cnctech.ro\/de\/wp-json\/wp\/v2\/pages\/5505\/revisions\/6134"}],"wp:attachment":[{"href":"https:\/\/www.cnctech.ro\/de\/wp-json\/wp\/v2\/media?parent=5505"}],"curies":[{"name":"wp","href":"https:\/\/api.w.org\/{rel}","templated":true}]}}