{"id":5499,"date":"2021-07-28T08:28:36","date_gmt":"2021-07-28T08:28:36","guid":{"rendered":"https:\/\/www.cnctech.ro\/?page_id=5499"},"modified":"2022-02-01T11:04:02","modified_gmt":"2022-02-01T11:04:02","slug":"departament-tehnic","status":"publish","type":"page","link":"https:\/\/www.cnctech.ro\/de\/romana-departament-tehnic\/","title":{"rendered":"Technische abteilung"},"content":{"rendered":"<p>[vc_row css=&#8220;.vc_custom_1627465333093{padding-top: 30px !important;}&#8220;][vc_column][vc_column_text]Die technische Abteilung von CNC Tech besteht aus einem Team von Ingenieuren mit einem umfassenden technischen Hintergrund. Sie f\u00fchren verschiedene mechanische Projekte nach den W\u00fcnschen unserer Kunden durch. Wir sind mit Designstationen mit CAD\/CAM-Software ausgestattet, mit denen wir 3D-Zeichnungen erstellen. Auf der Grundlage dieser Zeichnungen erstellen wir dann Bearbeitungsprogramme f\u00fcr CNC-Maschinen.<\/p>\n<p><strong>Dediziertes design<\/strong><\/p>\n<p>Wir k\u00f6nnen sie auf der Grundlage Ihrer Skizzen oder Anweisungen oder sogar auf der Grundlage eines Designthemas nach Ihren Bed\u00fcrfnissen entwerfen.<\/p>\n<p>Im Laufe der Jahre haben wir eine Vielzahl von Projekten f\u00fcr unsere Kunden durchgef\u00fchrt, die ein breites Spektrum an mechanischen Strukturen ben\u00f6tigten. Die N\u00fctzlichkeit mechanischer Strukturen, die mit CNC Tech entworfen und hergestellt werden, hat sich h\u00e4ufig bei der Optimierung des Fertigungsprozesses oder sogar bei der Realisierung neuer Verfahren und\/oder Produkte gezeigt. In anderen F\u00e4llen jedoch dienten sie dazu, die Sicherheit am Arbeitsplatz zu erh\u00f6hen.<\/p>\n<p>Die technische Abteilung von CNC Tech hat ein wichtiges Mitspracherecht im Ausschreibungsverfahren, denn unsere Ingenieure sind diejenigen, die die Dokumentation der technisch-kommerziellen Angebote vorbereiten, pr\u00fcfen und gegebenenfalls \u00fcberarbeiten.<\/p>\n<p>Auch in der technischen Abteilung analysieren die Spezialisten von CNC Tech die von unseren Partnern erhaltenen Ausf\u00fchrungsunterlagen, um sicherzustellen, dass sie keine Fehler enthalten, die sp\u00e4ter zu fehlerhaften Produkten f\u00fchren k\u00f6nnten. Das 3D-Design hilft uns, Fehler zu vermeiden, die in dieser Phase auftreten k\u00f6nnen.<\/p>\n<p>Da eine transparente und effektive Kommunikation mit den Kunden zu den Attributen geh\u00f6rt, die wir sehr sch\u00e4tzen, steht das Team der technischen Abteilung in Kontakt mit den Kunden des Unternehmens, um sicherzustellen, dass alle \u00c4nderungen an den Projekten mit ihrer Zustimmung und in \u00dcbereinstimmung mit ihren Anforderungen vorgenommen werden.<\/p>\n<p>Die Beteiligung unseres Ingenieurteams an der Koordinierung der Projekte, f\u00fcr die sie verantwortlich sind, und an der Begleitung des Produktionsprozesses bietet eine zus\u00e4tzliche Garantie f\u00fcr die Qualit\u00e4t der Endprodukte.<\/p>\n<p><strong>KONTAKTIEREN SIE UNS per E-Mail oder Telefon, um mehr \u00fcber die von unseren Spezialisten angebotenen Designdienstleistungen zu erfahren!<\/strong>[\/vc_column_text][\/vc_column][\/vc_row][vc_row][vc_column][vc_gallery type=&#8220;image_grid&#8220; images=&#8220;5320,5319,5318,5317,5316,5321&#8243; img_size=&#8220;150&#215;100&#8243;][\/vc_column][\/vc_row]<\/p>\n","protected":false},"excerpt":{"rendered":"<p>[vc_row css=&#8220;.vc_custom_1627465333093{padding-top: 30px !important;}&#8220;][vc_column][vc_column_text]Die technische Abteilung von CNC Tech besteht aus einem Team von Ingenieuren mit einem umfassenden technischen Hintergrund. Sie f\u00fchren verschiedene mechanische Projekte nach<span class=\"excerpt-hellip\"> [\u2026]<\/span><\/p>\n","protected":false},"author":1,"featured_media":0,"parent":0,"menu_order":0,"comment_status":"closed","ping_status":"closed","template":"","meta":{"footnotes":""},"class_list":["post-5499","page","type-page","status-publish","hentry"],"yoast_head":"<!-- This site is optimized with the Yoast SEO plugin v27.4 - https:\/\/yoast.com\/product\/yoast-seo-wordpress\/ -->\n<title>Technische Abteilung von CNC Tech<\/title>\n<meta name=\"description\" content=\"Die technische Abteilung von CNC Tech besteht aus einem Team von hochqualifizierten Ingenieuren, die verschiedene Projekte durchf\u00fchren.\" \/>\n<meta name=\"robots\" content=\"index, follow, max-snippet:-1, max-image-preview:large, max-video-preview:-1\" \/>\n<link rel=\"canonical\" href=\"https:\/\/www.cnctech.ro\/departament-tehnic\/\" \/>\n<meta property=\"og:locale\" content=\"de_DE\" \/>\n<meta property=\"og:type\" content=\"article\" \/>\n<meta property=\"og:title\" content=\"Technische Abteilung von CNC Tech\" \/>\n<meta property=\"og:description\" content=\"Die technische Abteilung von CNC Tech besteht aus einem Team von hochqualifizierten Ingenieuren, die verschiedene Projekte durchf\u00fchren.\" \/>\n<meta property=\"og:url\" content=\"https:\/\/www.cnctech.ro\/departament-tehnic\/\" \/>\n<meta property=\"og:site_name\" content=\"CNC Tech\" \/>\n<meta property=\"article:modified_time\" content=\"2022-02-01T11:04:02+00:00\" \/>\n<meta name=\"twitter:card\" content=\"summary_large_image\" \/>\n<meta name=\"twitter:label1\" content=\"Gesch\u00e4tzte Lesezeit\" \/>\n\t<meta name=\"twitter:data1\" content=\"2\u00a0Minuten\" \/>\n<script type=\"application\/ld+json\" class=\"yoast-schema-graph\">{\"@context\":\"https:\\\/\\\/schema.org\",\"@graph\":[{\"@type\":\"WebPage\",\"@id\":\"https:\\\/\\\/www.cnctech.ro\\\/departament-tehnic\\\/\",\"url\":\"https:\\\/\\\/www.cnctech.ro\\\/departament-tehnic\\\/\",\"name\":\"[:ro]Departamentul tehnic al CNC Tech[:en]Technical department \u2013 CNC Tech[:de]Technische Abteilung von CNC Tech[:]\",\"isPartOf\":{\"@id\":\"https:\\\/\\\/www.cnctech.ro\\\/#website\"},\"datePublished\":\"2021-07-28T08:28:36+00:00\",\"dateModified\":\"2022-02-01T11:04:02+00:00\",\"description\":\"[:ro]Departamentul tehnic al CNC Tech se compune dintr-o echipa de ingineri cu o temeinica pregatire, acestia realizand diverse proiecte.[:en]The technical department of CNC Tech consists of a team of engineers with extensive training, who carry out various projects.[:de]Die technische Abteilung von CNC Tech besteht aus einem Team von hochqualifizierten Ingenieuren, die verschiedene Projekte durchf\u00fchren.[:]\",\"breadcrumb\":{\"@id\":\"https:\\\/\\\/www.cnctech.ro\\\/departament-tehnic\\\/#breadcrumb\"},\"inLanguage\":\"de\",\"potentialAction\":[{\"@type\":\"ReadAction\",\"target\":[\"https:\\\/\\\/www.cnctech.ro\\\/departament-tehnic\\\/\"]}]},{\"@type\":\"BreadcrumbList\",\"@id\":\"https:\\\/\\\/www.cnctech.ro\\\/departament-tehnic\\\/#breadcrumb\",\"itemListElement\":[{\"@type\":\"ListItem\",\"position\":1,\"name\":\"Prima pagin\u0103\",\"item\":\"https:\\\/\\\/www.cnctech.ro\\\/\"},{\"@type\":\"ListItem\",\"position\":2,\"name\":\"Departament tehnic\"}]},{\"@type\":\"WebSite\",\"@id\":\"https:\\\/\\\/www.cnctech.ro\\\/#website\",\"url\":\"https:\\\/\\\/www.cnctech.ro\\\/\",\"name\":\"CNC Tech\",\"description\":\"Prelucrari mecanice cu CNC Tech\",\"potentialAction\":[{\"@type\":\"SearchAction\",\"target\":{\"@type\":\"EntryPoint\",\"urlTemplate\":\"https:\\\/\\\/www.cnctech.ro\\\/?s={search_term_string}\"},\"query-input\":{\"@type\":\"PropertyValueSpecification\",\"valueRequired\":true,\"valueName\":\"search_term_string\"}}],\"inLanguage\":\"de\"}]}<\/script>\n<!-- \/ Yoast SEO plugin. -->","yoast_head_json":{"title":"Technische Abteilung von CNC Tech","description":"Die technische Abteilung von CNC Tech besteht aus einem Team von hochqualifizierten Ingenieuren, die verschiedene Projekte durchf\u00fchren.","robots":{"index":"index","follow":"follow","max-snippet":"max-snippet:-1","max-image-preview":"max-image-preview:large","max-video-preview":"max-video-preview:-1"},"canonical":"https:\/\/www.cnctech.ro\/departament-tehnic\/","og_locale":"de_DE","og_type":"article","og_title":"Technische Abteilung von CNC Tech","og_description":"Die technische Abteilung von CNC Tech besteht aus einem Team von hochqualifizierten Ingenieuren, die verschiedene Projekte durchf\u00fchren.","og_url":"https:\/\/www.cnctech.ro\/departament-tehnic\/","og_site_name":"CNC Tech","article_modified_time":"2022-02-01T11:04:02+00:00","twitter_card":"summary_large_image","twitter_misc":{"Gesch\u00e4tzte Lesezeit":"2\u00a0Minuten"},"schema":{"@context":"https:\/\/schema.org","@graph":[{"@type":"WebPage","@id":"https:\/\/www.cnctech.ro\/departament-tehnic\/","url":"https:\/\/www.cnctech.ro\/departament-tehnic\/","name":"[:ro]Departamentul tehnic al CNC Tech[:en]Technical department \u2013 CNC Tech[:de]Technische Abteilung von CNC Tech[:]","isPartOf":{"@id":"https:\/\/www.cnctech.ro\/#website"},"datePublished":"2021-07-28T08:28:36+00:00","dateModified":"2022-02-01T11:04:02+00:00","description":"[:ro]Departamentul tehnic al CNC Tech se compune dintr-o echipa de ingineri cu o temeinica pregatire, acestia realizand diverse proiecte.[:en]The technical department of CNC Tech consists of a team of engineers with extensive training, who carry out various projects.[:de]Die technische Abteilung von CNC Tech besteht aus einem Team von hochqualifizierten Ingenieuren, die verschiedene Projekte durchf\u00fchren.[:]","breadcrumb":{"@id":"https:\/\/www.cnctech.ro\/departament-tehnic\/#breadcrumb"},"inLanguage":"de","potentialAction":[{"@type":"ReadAction","target":["https:\/\/www.cnctech.ro\/departament-tehnic\/"]}]},{"@type":"BreadcrumbList","@id":"https:\/\/www.cnctech.ro\/departament-tehnic\/#breadcrumb","itemListElement":[{"@type":"ListItem","position":1,"name":"Prima pagin\u0103","item":"https:\/\/www.cnctech.ro\/"},{"@type":"ListItem","position":2,"name":"Departament tehnic"}]},{"@type":"WebSite","@id":"https:\/\/www.cnctech.ro\/#website","url":"https:\/\/www.cnctech.ro\/","name":"CNC Tech","description":"Prelucrari mecanice cu CNC Tech","potentialAction":[{"@type":"SearchAction","target":{"@type":"EntryPoint","urlTemplate":"https:\/\/www.cnctech.ro\/?s={search_term_string}"},"query-input":{"@type":"PropertyValueSpecification","valueRequired":true,"valueName":"search_term_string"}}],"inLanguage":"de"}]}},"_links":{"self":[{"href":"https:\/\/www.cnctech.ro\/de\/wp-json\/wp\/v2\/pages\/5499","targetHints":{"allow":["GET"]}}],"collection":[{"href":"https:\/\/www.cnctech.ro\/de\/wp-json\/wp\/v2\/pages"}],"about":[{"href":"https:\/\/www.cnctech.ro\/de\/wp-json\/wp\/v2\/types\/page"}],"author":[{"embeddable":true,"href":"https:\/\/www.cnctech.ro\/de\/wp-json\/wp\/v2\/users\/1"}],"replies":[{"embeddable":true,"href":"https:\/\/www.cnctech.ro\/de\/wp-json\/wp\/v2\/comments?post=5499"}],"version-history":[{"count":21,"href":"https:\/\/www.cnctech.ro\/de\/wp-json\/wp\/v2\/pages\/5499\/revisions"}],"predecessor-version":[{"id":6135,"href":"https:\/\/www.cnctech.ro\/de\/wp-json\/wp\/v2\/pages\/5499\/revisions\/6135"}],"wp:attachment":[{"href":"https:\/\/www.cnctech.ro\/de\/wp-json\/wp\/v2\/media?parent=5499"}],"curies":[{"name":"wp","href":"https:\/\/api.w.org\/{rel}","templated":true}]}}