{"id":5491,"date":"2021-07-28T08:15:04","date_gmt":"2021-07-28T08:15:04","guid":{"rendered":"https:\/\/www.cnctech.ro\/?page_id=5491"},"modified":"2022-02-01T10:30:51","modified_gmt":"2022-02-01T10:30:51","slug":"constructii-mecanice-cnc-tech","status":"publish","type":"page","link":"https:\/\/www.cnctech.ro\/de\/de-constructii-mecanice\/","title":{"rendered":"Mechanische strukturen"},"content":{"rendered":"<p>[vc_row][vc_column][vc_column_text]Unserea Unternehmen CNC TECH setzt die vom Auftraggeber zur Verf\u00fcgung gestellte Dokumentation um und verwandelt die Projekte in verschiedene Konstruktionen \/ mechanische Systeme, Baugruppen, Strukturen. Dazu k\u00f6nnen sowohl von uns hergestellte Teile als auch von uns gelieferte Handelswaren geh\u00f6ren. Zusammen mit unserem Team von professionellen Ingenieuren erstellen wir mechanische Konstruktionen unterschiedlicher Gr\u00f6\u00dfe und Komplexit\u00e4t. Ganz gleich, ob Sie einen kleinen Mechanismus f\u00fcr ein bestimmtes Projekt bauen oder eine komplexe Anlage entwickeln m\u00fcssen, CNC TECH geht an beide Situationen mit der gleichen Aufmerksamkeit f\u00fcr Qualit\u00e4t und Details heran.<\/p>\n<p>Ein mechanisches System nutzt Leistung, Bewegung und Kr\u00e4fte, um eine bestimmte Aufgabe zu erf\u00fcllen. Alle modernen Werkzeugmaschinen sind eigentlich Systeme &#8211; Systeme von Mechanismen. Die Mechanismen werden aus Maschinenelementen hergestellt, aus denen CNC TECH Strukturkomponenten und Bewegungssteuerungsmechanismen fertigen kann.<\/p>\n<p>CNC TECH fertigt genormte mechanische Basisteile in der Regel nach g\u00e4ngigen Abmessungen, aber auch Teile f\u00fcr spezielle Anwendungen.<\/p>\n<p><strong>Etappen des Produktionsprozesses<\/strong><\/p>\n<p>Auf der Grundlage der von der Konstruktionsabteilung erstellten Dokumentation beginnen unsere Produktionsmitarbeiter mit dem Produktionsprozess. Mechanisches oder CNC-gesteuertes Schneiden ist die erste Stufe vor der Montage und dem Schwei\u00dfen.<\/p>\n<p>Erst dann k\u00f6nnen wir zu den eigentlichen Verarbeitungsvorg\u00e4ngen \u00fcbergehen, die f\u00fcr das Projekt erforderlich sind.<\/p>\n<p>Nach der Herstellung und Bearbeitung des mechanischen Systems k\u00f6nnen wir zur n\u00e4chsten Phase \u00fcbergehen &#8211; der Montage.<\/p>\n<p>Nach der Montage testen wir die Produkte schlie\u00dflich und bereiten sie f\u00fcr den Versand vor. Wir k\u00f6nnen unsere Produkte per Auto, Schiene und Seecontainer liefern.<\/p>\n<p>Zu den Produkten, die wir in unserem Unternehmen gem\u00e4\u00df der Qualit\u00e4tsnorm ISO 9001:2015 hergestellt haben, geh\u00f6ren u. a:<\/p>\n<ul>\n<li>Fertigungslinien f\u00fcr die Verpackungsindustrie;<\/li>\n<li>Fertigungslinien f\u00fcr die Druckindustrie;<\/li>\n<li>Fertigungslinien f\u00fcr das Spritzgie\u00dfen von Kunststoffen;<\/li>\n<li>Fertigungslinien f\u00fcr die Herstellung von Zigaretten;<\/li>\n<li>Fertigungslinien f\u00fcr die Erwachsenenwindelindustrie.<\/li>\n<\/ul>\n<p>Wir sind auf der Suche nach langfristigen Partnerschaften mit Partnern, die detaillierte, spezifische Anforderungen haben, die unseren F\u00e4higkeiten entsprechen. Wir produzieren kleine und mittlere Serien.<\/p>\n<p>Wenden Sie sich jederzeit an uns, um mehr dar\u00fcber zu erfahren, wie unsere Fachleute f\u00fcr mechanische Konstruktion Ihnen helfen k\u00f6nnen!<br \/>\n<strong>KONTAKTIEREN SIE UNS per E-Mail oder Telefon, um weitere Einzelheiten \u00fcber die von unseren Fachleuten durchgef\u00fchrten mechanischen Bearbeitungen zu erfahren oder um uns zu besuchen!<\/strong>[\/vc_column_text][\/vc_column][\/vc_row][vc_row][vc_column][vc_gallery type=&#8220;image_grid&#8220; images=&#8220;4883,4884,4886,5826,5827,5828&#8243; img_size=&#8220;150&#215;100&#8243;][\/vc_column][\/vc_row]<\/p>\n","protected":false},"excerpt":{"rendered":"<p>[vc_row][vc_column][vc_column_text]Unserea Unternehmen CNC TECH setzt die vom Auftraggeber zur Verf\u00fcgung gestellte Dokumentation um und verwandelt die Projekte in verschiedene Konstruktionen \/ mechanische Systeme, Baugruppen, Strukturen. Dazu<span class=\"excerpt-hellip\"> [\u2026]<\/span><\/p>\n","protected":false},"author":1,"featured_media":0,"parent":0,"menu_order":0,"comment_status":"closed","ping_status":"closed","template":"","meta":{"footnotes":""},"class_list":["post-5491","page","type-page","status-publish","hentry"],"yoast_head":"<!-- This site is optimized with the Yoast SEO plugin v27.5 - https:\/\/yoast.com\/product\/yoast-seo-wordpress\/ -->\n<title>Maschinenbau - CNC-Tech<\/title>\n<meta name=\"description\" content=\"Die bei CNC Tech hergestellten mechanischen Konstruktionen entsprechen immer den Anforderungen der Endverbraucher. Wir freuen uns darauf, Sie \u00fcber die Details zu informieren!\" \/>\n<meta name=\"robots\" content=\"index, follow, max-snippet:-1, max-image-preview:large, max-video-preview:-1\" \/>\n<link rel=\"canonical\" href=\"https:\/\/www.cnctech.ro\/constructii-mecanice-cnc\/\" \/>\n<meta property=\"og:locale\" content=\"de_DE\" \/>\n<meta property=\"og:type\" content=\"article\" \/>\n<meta property=\"og:title\" content=\"Maschinenbau - CNC-Tech\" \/>\n<meta property=\"og:description\" content=\"Die bei CNC Tech hergestellten mechanischen Konstruktionen entsprechen immer den Anforderungen der Endverbraucher. Wir freuen uns darauf, Sie \u00fcber die Details zu informieren!\" \/>\n<meta property=\"og:url\" content=\"https:\/\/www.cnctech.ro\/constructii-mecanice-cnc\/\" \/>\n<meta property=\"og:site_name\" content=\"CNC Tech\" \/>\n<meta property=\"article:modified_time\" content=\"2022-02-01T10:30:51+00:00\" \/>\n<meta name=\"twitter:card\" content=\"summary_large_image\" \/>\n<meta name=\"twitter:label1\" content=\"Gesch\u00e4tzte Lesezeit\" \/>\n\t<meta name=\"twitter:data1\" content=\"2\u00a0Minuten\" \/>\n<script type=\"application\/ld+json\" class=\"yoast-schema-graph\">{\"@context\":\"https:\\\/\\\/schema.org\",\"@graph\":[{\"@type\":\"WebPage\",\"@id\":\"https:\\\/\\\/www.cnctech.ro\\\/constructii-mecanice-cnc\\\/\",\"url\":\"https:\\\/\\\/www.cnctech.ro\\\/constructii-mecanice-cnc\\\/\",\"name\":\"[:ro]Construc\u021bii mecanice - CNC Tech[:en]Mechanical constructions - CNC Tech[:de]Maschinenbau - CNC-Tech[:]\",\"isPartOf\":{\"@id\":\"https:\\\/\\\/www.cnctech.ro\\\/#website\"},\"datePublished\":\"2021-07-28T08:15:04+00:00\",\"dateModified\":\"2022-02-01T10:30:51+00:00\",\"description\":\"[:ro]Construc\u021biile mecanice produse la compania CNC Tech raspund mereu necesitatilor beneficiarilor finali. Va asteptam pentru detalii![:en]The mechanical constructions produced at CNC Tech always meet the needs of the final beneficiaries. Visit our website for more details![:de]Die bei CNC Tech hergestellten mechanischen Konstruktionen entsprechen immer den Anforderungen der Endverbraucher. Wir freuen uns darauf, Sie \u00fcber die Details zu informieren![:]\",\"breadcrumb\":{\"@id\":\"https:\\\/\\\/www.cnctech.ro\\\/constructii-mecanice-cnc\\\/#breadcrumb\"},\"inLanguage\":\"de\",\"potentialAction\":[{\"@type\":\"ReadAction\",\"target\":[\"https:\\\/\\\/www.cnctech.ro\\\/constructii-mecanice-cnc\\\/\"]}]},{\"@type\":\"BreadcrumbList\",\"@id\":\"https:\\\/\\\/www.cnctech.ro\\\/constructii-mecanice-cnc\\\/#breadcrumb\",\"itemListElement\":[{\"@type\":\"ListItem\",\"position\":1,\"name\":\"Prima pagin\u0103\",\"item\":\"https:\\\/\\\/www.cnctech.ro\\\/\"},{\"@type\":\"ListItem\",\"position\":2,\"name\":\"Construc\u021bii mecanice\"}]},{\"@type\":\"WebSite\",\"@id\":\"https:\\\/\\\/www.cnctech.ro\\\/#website\",\"url\":\"https:\\\/\\\/www.cnctech.ro\\\/\",\"name\":\"CNC Tech\",\"description\":\"Prelucrari mecanice cu CNC Tech\",\"potentialAction\":[{\"@type\":\"SearchAction\",\"target\":{\"@type\":\"EntryPoint\",\"urlTemplate\":\"https:\\\/\\\/www.cnctech.ro\\\/?s={search_term_string}\"},\"query-input\":{\"@type\":\"PropertyValueSpecification\",\"valueRequired\":true,\"valueName\":\"search_term_string\"}}],\"inLanguage\":\"de\"}]}<\/script>\n<!-- \/ Yoast SEO plugin. -->","yoast_head_json":{"title":"Maschinenbau - CNC-Tech","description":"Die bei CNC Tech hergestellten mechanischen Konstruktionen entsprechen immer den Anforderungen der Endverbraucher. Wir freuen uns darauf, Sie \u00fcber die Details zu informieren!","robots":{"index":"index","follow":"follow","max-snippet":"max-snippet:-1","max-image-preview":"max-image-preview:large","max-video-preview":"max-video-preview:-1"},"canonical":"https:\/\/www.cnctech.ro\/constructii-mecanice-cnc\/","og_locale":"de_DE","og_type":"article","og_title":"Maschinenbau - CNC-Tech","og_description":"Die bei CNC Tech hergestellten mechanischen Konstruktionen entsprechen immer den Anforderungen der Endverbraucher. Wir freuen uns darauf, Sie \u00fcber die Details zu informieren!","og_url":"https:\/\/www.cnctech.ro\/constructii-mecanice-cnc\/","og_site_name":"CNC Tech","article_modified_time":"2022-02-01T10:30:51+00:00","twitter_card":"summary_large_image","twitter_misc":{"Gesch\u00e4tzte Lesezeit":"2\u00a0Minuten"},"schema":{"@context":"https:\/\/schema.org","@graph":[{"@type":"WebPage","@id":"https:\/\/www.cnctech.ro\/constructii-mecanice-cnc\/","url":"https:\/\/www.cnctech.ro\/constructii-mecanice-cnc\/","name":"[:ro]Construc\u021bii mecanice - CNC Tech[:en]Mechanical constructions - CNC Tech[:de]Maschinenbau - CNC-Tech[:]","isPartOf":{"@id":"https:\/\/www.cnctech.ro\/#website"},"datePublished":"2021-07-28T08:15:04+00:00","dateModified":"2022-02-01T10:30:51+00:00","description":"[:ro]Construc\u021biile mecanice produse la compania CNC Tech raspund mereu necesitatilor beneficiarilor finali. Va asteptam pentru detalii![:en]The mechanical constructions produced at CNC Tech always meet the needs of the final beneficiaries. Visit our website for more details![:de]Die bei CNC Tech hergestellten mechanischen Konstruktionen entsprechen immer den Anforderungen der Endverbraucher. Wir freuen uns darauf, Sie \u00fcber die Details zu informieren![:]","breadcrumb":{"@id":"https:\/\/www.cnctech.ro\/constructii-mecanice-cnc\/#breadcrumb"},"inLanguage":"de","potentialAction":[{"@type":"ReadAction","target":["https:\/\/www.cnctech.ro\/constructii-mecanice-cnc\/"]}]},{"@type":"BreadcrumbList","@id":"https:\/\/www.cnctech.ro\/constructii-mecanice-cnc\/#breadcrumb","itemListElement":[{"@type":"ListItem","position":1,"name":"Prima pagin\u0103","item":"https:\/\/www.cnctech.ro\/"},{"@type":"ListItem","position":2,"name":"Construc\u021bii mecanice"}]},{"@type":"WebSite","@id":"https:\/\/www.cnctech.ro\/#website","url":"https:\/\/www.cnctech.ro\/","name":"CNC Tech","description":"Prelucrari mecanice cu CNC Tech","potentialAction":[{"@type":"SearchAction","target":{"@type":"EntryPoint","urlTemplate":"https:\/\/www.cnctech.ro\/?s={search_term_string}"},"query-input":{"@type":"PropertyValueSpecification","valueRequired":true,"valueName":"search_term_string"}}],"inLanguage":"de"}]}},"_links":{"self":[{"href":"https:\/\/www.cnctech.ro\/de\/wp-json\/wp\/v2\/pages\/5491","targetHints":{"allow":["GET"]}}],"collection":[{"href":"https:\/\/www.cnctech.ro\/de\/wp-json\/wp\/v2\/pages"}],"about":[{"href":"https:\/\/www.cnctech.ro\/de\/wp-json\/wp\/v2\/types\/page"}],"author":[{"embeddable":true,"href":"https:\/\/www.cnctech.ro\/de\/wp-json\/wp\/v2\/users\/1"}],"replies":[{"embeddable":true,"href":"https:\/\/www.cnctech.ro\/de\/wp-json\/wp\/v2\/comments?post=5491"}],"version-history":[{"count":42,"href":"https:\/\/www.cnctech.ro\/de\/wp-json\/wp\/v2\/pages\/5491\/revisions"}],"predecessor-version":[{"id":6130,"href":"https:\/\/www.cnctech.ro\/de\/wp-json\/wp\/v2\/pages\/5491\/revisions\/6130"}],"wp:attachment":[{"href":"https:\/\/www.cnctech.ro\/de\/wp-json\/wp\/v2\/media?parent=5491"}],"curies":[{"name":"wp","href":"https:\/\/api.w.org\/{rel}","templated":true}]}}