{"id":5484,"date":"2021-07-28T07:54:56","date_gmt":"2021-07-28T07:54:56","guid":{"rendered":"https:\/\/www.cnctech.ro\/?page_id=5484"},"modified":"2022-02-01T11:29:13","modified_gmt":"2022-02-01T11:29:13","slug":"structuri-sudate-3","status":"publish","type":"page","link":"https:\/\/www.cnctech.ro\/de\/de-structuri-sudate\/","title":{"rendered":"Geschwei\u00dfte Strukturen"},"content":{"rendered":"<p>[vc_row css=&#8220;.vc_custom_1627463187393{padding-top: 30px !important;padding-bottom: 30px !important;}&#8220;][vc_column][vc_column_text]Schwei\u00dfkonstruktionen werden in allen Bereichen der Industrie ben\u00f6tigt, insbesondere aber im Bauwesen, in der Produktion, im Schiffbau, im Bergbau, in der \u00d6l- und Gasversorgung, im Fahrzeugbau, in der Luft- und Raumfahrt, im Milit\u00e4r und in der Schwerindustrie.<\/p>\n<p>CNC Tech fertigt verschiedene Schwei\u00dfkonstruktionen von gro\u00dfen Abmessungen bis hin zu 6,4 Tonnen unter Verwendung g\u00e4ngiger Schwei\u00dfverfahren wie MIG\/MAG, WIG und WIG.<\/p>\n<p>Das MIG\/MAG-Schwei\u00dfverfahren wird in der Industrie bei weitem am h\u00e4ufigsten eingesetzt, da es sich um ein relativ einfaches Verfahren mit einer h\u00f6heren Schwei\u00dfgeschwindigkeit im Vergleich zu anderen Schwei\u00dfverfahren handelt. Bei korrekter Ausf\u00fchrung wird eine glatte und widerstandsf\u00e4hige Schwei\u00dfnaht erzielt. Dar\u00fcber hinaus ist die Rauchentwicklung bei MIG\/MAG-Schwei\u00dfger\u00e4ten gering. F\u00fcr das Schwei\u00dfen verwenden wir hochleistungsf\u00e4hige MIG\/MAG-Ger\u00e4te mit hochwertigem Schwei\u00dfdraht. Diese helfen uns, qualitativ hochwertige und fehlerfreie Schwei\u00dfn\u00e4hte zu erzielen, eine gute Ausbeute zu erreichen, was letztendlich zu niedrigen Kosten f\u00fchrt, so dass wir wettbewerbsf\u00e4hige Preise f\u00fcr das Endprodukt erzielen k\u00f6nnen.<\/p>\n<p>WIG-Maschinen mit Wolfram-Elektroden und WIG-Maschinen mit Tungsten-Elektroden werden f\u00fcr die Ausf\u00fchrung spezieller Schwei\u00dfstr\u00e4nge verwendet, die in der Regel eine hohe Feinheit und einen hohen Grad an Komplexit\u00e4t aufweisen. Mit ihrer Hilfe wird eine starke, glatte und vor allem r\u00fcckstandsfreie Schwei\u00dfnaht erzielt. Die Schwei\u00dfgeschwindigkeit ist sicherlich geringer als beim MIG\/MAG-Verfahren.<\/p>\n<p>Unsere Schwei\u00dfverfahren sind nach den geltenden Normen zertifiziert und unsere Schwei\u00dfer sind europ\u00e4isch gepr\u00fcft und k\u00f6nnen Stahl, Edelstahl und Aluminium schwei\u00dfen.<\/p>\n<p><strong>Vorteile von geschwei\u00dften Strukturen<\/strong><\/p>\n<p>Geschwei\u00dfte Konstruktionen haben folgende Vorteile:<\/p>\n<ul>\n<li>geringerer Verbrauch des f\u00fcr diese Konstruktionen verwendeten Metalls;-<br \/>\nh\u00f6here Produktivit\u00e4t;<\/li>\n<li>bessere mechanische Eigenschaften (im Vergleich zu gegossenen oder genieteten Konstruktionen);<\/li>\n<li>unbegrenzte Abmessungen und Komplexit\u00e4t;<\/li>\n<li>rationelle, an die Anforderungen angepasste Form;-<br \/>\nman erh\u00e4lt dichte Verbindungen;<\/li>\n<li>das Schwei\u00dfen kann mit sehr einfachen und billigen Verfahren erfolgen;-<br \/>\neinfache und kosteng\u00fcnstige Maschinen;<\/li>\n<li>M\u00f6glichkeit der Mechanisierung, Automatisierung, Robotisierung;-<br \/>\ngeringere Umweltbelastung.<\/li>\n<\/ul>\n<p>Ein positiver Aspekt der Verwendung geschwei\u00dfter Strukturen gegen\u00fcber genieteten Strukturen &#8211; ihren direkten Konkurrenten &#8211; ist das Gewicht. Erstere sind in der Regel leichter als genietete Konstruktionen, da beim Schwei\u00dfen keine Nutenbleche = *Gusset oder andere Verbindungselemente verwendet werden. Auch das Preis\/Leistungs-Verh\u00e4ltnis ist \u00e4u\u00dferst g\u00fcnstig.<\/p>\n<p><strong>KONTAKTIEREN SIE UNS per E-Mail oder Telefon, um mehr Details \u00fcber die Herstellung von Schwei\u00dfkonstruktionen durch unsere Spezialisten zu erfahren!<\/strong>[\/vc_column_text][\/vc_column][\/vc_row][vc_row][vc_column][vc_gallery type=&#8220;image_grid&#8220; images=&#8220;5419,5457,5805,5806,5808,5807&#8243; img_size=&#8220;150&#215;100&#8243;][\/vc_column][\/vc_row]<\/p>\n","protected":false},"excerpt":{"rendered":"<p>[vc_row css=&#8220;.vc_custom_1627463187393{padding-top: 30px !important;padding-bottom: 30px !important;}&#8220;][vc_column][vc_column_text]Schwei\u00dfkonstruktionen werden in allen Bereichen der Industrie ben\u00f6tigt, insbesondere aber im Bauwesen, in der Produktion, im Schiffbau, im Bergbau, in der<span class=\"excerpt-hellip\"> [\u2026]<\/span><\/p>\n","protected":false},"author":1,"featured_media":0,"parent":0,"menu_order":0,"comment_status":"closed","ping_status":"closed","template":"","meta":{"footnotes":""},"class_list":["post-5484","page","type-page","status-publish","hentry"],"yoast_head":"<!-- This site is optimized with the Yoast SEO plugin v27.5 - https:\/\/yoast.com\/product\/yoast-seo-wordpress\/ -->\n<title>Geschwei\u00dfte Strukturen - CNC Tech<\/title>\n<meta name=\"description\" content=\"CNC Tech fertigt Schwei\u00dfkonstruktionen verschiedener Gr\u00f6\u00dfen mit den g\u00e4ngigen Schwei\u00dfverfahren wie MIG\/MAG, WIG und TIG.\" \/>\n<meta name=\"robots\" content=\"index, follow, max-snippet:-1, max-image-preview:large, max-video-preview:-1\" \/>\n<link rel=\"canonical\" href=\"https:\/\/www.cnctech.ro\/structuri-sudate-cnc\/\" \/>\n<meta property=\"og:locale\" content=\"de_DE\" \/>\n<meta property=\"og:type\" content=\"article\" \/>\n<meta property=\"og:title\" content=\"Geschwei\u00dfte Strukturen - CNC Tech\" \/>\n<meta property=\"og:description\" content=\"CNC Tech fertigt Schwei\u00dfkonstruktionen verschiedener Gr\u00f6\u00dfen mit den g\u00e4ngigen Schwei\u00dfverfahren wie MIG\/MAG, WIG und TIG.\" \/>\n<meta property=\"og:url\" content=\"https:\/\/www.cnctech.ro\/structuri-sudate-cnc\/\" \/>\n<meta property=\"og:site_name\" content=\"CNC Tech\" \/>\n<meta property=\"article:modified_time\" content=\"2022-02-01T11:29:13+00:00\" \/>\n<meta name=\"twitter:card\" content=\"summary_large_image\" \/>\n<meta name=\"twitter:label1\" content=\"Gesch\u00e4tzte Lesezeit\" \/>\n\t<meta name=\"twitter:data1\" content=\"3\u00a0Minuten\" \/>\n<script type=\"application\/ld+json\" class=\"yoast-schema-graph\">{\"@context\":\"https:\\\/\\\/schema.org\",\"@graph\":[{\"@type\":\"WebPage\",\"@id\":\"https:\\\/\\\/www.cnctech.ro\\\/structuri-sudate-cnc\\\/\",\"url\":\"https:\\\/\\\/www.cnctech.ro\\\/structuri-sudate-cnc\\\/\",\"name\":\"[:ro]Structuri sudate - CNC Tech[:en]Welded structures - CNC Tech[:de]Geschwei\u00dfte Strukturen - CNC Tech[:]\",\"isPartOf\":{\"@id\":\"https:\\\/\\\/www.cnctech.ro\\\/#website\"},\"datePublished\":\"2021-07-28T07:54:56+00:00\",\"dateModified\":\"2022-02-01T11:29:13+00:00\",\"description\":\"[:ro]CNC Tech realizeaza structuri sudate diverse de dimensiuni, utilizand procedee uzuale de sudare precum MIG\\\/MAG, WIG si TIG.[:en]CNC Tech builds welded structures of various sizes, using the usual welding procedures such as MIG \\\/ MAG, WIG and TIG.[:de]CNC Tech fertigt Schwei\u00dfkonstruktionen verschiedener Gr\u00f6\u00dfen mit den g\u00e4ngigen Schwei\u00dfverfahren wie MIG\\\/MAG, WIG und TIG.[:]\",\"breadcrumb\":{\"@id\":\"https:\\\/\\\/www.cnctech.ro\\\/structuri-sudate-cnc\\\/#breadcrumb\"},\"inLanguage\":\"de\",\"potentialAction\":[{\"@type\":\"ReadAction\",\"target\":[\"https:\\\/\\\/www.cnctech.ro\\\/structuri-sudate-cnc\\\/\"]}]},{\"@type\":\"BreadcrumbList\",\"@id\":\"https:\\\/\\\/www.cnctech.ro\\\/structuri-sudate-cnc\\\/#breadcrumb\",\"itemListElement\":[{\"@type\":\"ListItem\",\"position\":1,\"name\":\"Prima pagin\u0103\",\"item\":\"https:\\\/\\\/www.cnctech.ro\\\/\"},{\"@type\":\"ListItem\",\"position\":2,\"name\":\"Structuri sudate\"}]},{\"@type\":\"WebSite\",\"@id\":\"https:\\\/\\\/www.cnctech.ro\\\/#website\",\"url\":\"https:\\\/\\\/www.cnctech.ro\\\/\",\"name\":\"CNC Tech\",\"description\":\"Prelucrari mecanice cu CNC Tech\",\"potentialAction\":[{\"@type\":\"SearchAction\",\"target\":{\"@type\":\"EntryPoint\",\"urlTemplate\":\"https:\\\/\\\/www.cnctech.ro\\\/?s={search_term_string}\"},\"query-input\":{\"@type\":\"PropertyValueSpecification\",\"valueRequired\":true,\"valueName\":\"search_term_string\"}}],\"inLanguage\":\"de\"}]}<\/script>\n<!-- \/ Yoast SEO plugin. -->","yoast_head_json":{"title":"Geschwei\u00dfte Strukturen - CNC Tech","description":"CNC Tech fertigt Schwei\u00dfkonstruktionen verschiedener Gr\u00f6\u00dfen mit den g\u00e4ngigen Schwei\u00dfverfahren wie MIG\/MAG, WIG und TIG.","robots":{"index":"index","follow":"follow","max-snippet":"max-snippet:-1","max-image-preview":"max-image-preview:large","max-video-preview":"max-video-preview:-1"},"canonical":"https:\/\/www.cnctech.ro\/structuri-sudate-cnc\/","og_locale":"de_DE","og_type":"article","og_title":"Geschwei\u00dfte Strukturen - CNC Tech","og_description":"CNC Tech fertigt Schwei\u00dfkonstruktionen verschiedener Gr\u00f6\u00dfen mit den g\u00e4ngigen Schwei\u00dfverfahren wie MIG\/MAG, WIG und TIG.","og_url":"https:\/\/www.cnctech.ro\/structuri-sudate-cnc\/","og_site_name":"CNC Tech","article_modified_time":"2022-02-01T11:29:13+00:00","twitter_card":"summary_large_image","twitter_misc":{"Gesch\u00e4tzte Lesezeit":"3\u00a0Minuten"},"schema":{"@context":"https:\/\/schema.org","@graph":[{"@type":"WebPage","@id":"https:\/\/www.cnctech.ro\/structuri-sudate-cnc\/","url":"https:\/\/www.cnctech.ro\/structuri-sudate-cnc\/","name":"[:ro]Structuri sudate - CNC Tech[:en]Welded structures - CNC Tech[:de]Geschwei\u00dfte Strukturen - CNC Tech[:]","isPartOf":{"@id":"https:\/\/www.cnctech.ro\/#website"},"datePublished":"2021-07-28T07:54:56+00:00","dateModified":"2022-02-01T11:29:13+00:00","description":"[:ro]CNC Tech realizeaza structuri sudate diverse de dimensiuni, utilizand procedee uzuale de sudare precum MIG\/MAG, WIG si TIG.[:en]CNC Tech builds welded structures of various sizes, using the usual welding procedures such as MIG \/ MAG, WIG and TIG.[:de]CNC Tech fertigt Schwei\u00dfkonstruktionen verschiedener Gr\u00f6\u00dfen mit den g\u00e4ngigen Schwei\u00dfverfahren wie MIG\/MAG, WIG und TIG.[:]","breadcrumb":{"@id":"https:\/\/www.cnctech.ro\/structuri-sudate-cnc\/#breadcrumb"},"inLanguage":"de","potentialAction":[{"@type":"ReadAction","target":["https:\/\/www.cnctech.ro\/structuri-sudate-cnc\/"]}]},{"@type":"BreadcrumbList","@id":"https:\/\/www.cnctech.ro\/structuri-sudate-cnc\/#breadcrumb","itemListElement":[{"@type":"ListItem","position":1,"name":"Prima pagin\u0103","item":"https:\/\/www.cnctech.ro\/"},{"@type":"ListItem","position":2,"name":"Structuri sudate"}]},{"@type":"WebSite","@id":"https:\/\/www.cnctech.ro\/#website","url":"https:\/\/www.cnctech.ro\/","name":"CNC Tech","description":"Prelucrari mecanice cu CNC Tech","potentialAction":[{"@type":"SearchAction","target":{"@type":"EntryPoint","urlTemplate":"https:\/\/www.cnctech.ro\/?s={search_term_string}"},"query-input":{"@type":"PropertyValueSpecification","valueRequired":true,"valueName":"search_term_string"}}],"inLanguage":"de"}]}},"_links":{"self":[{"href":"https:\/\/www.cnctech.ro\/de\/wp-json\/wp\/v2\/pages\/5484","targetHints":{"allow":["GET"]}}],"collection":[{"href":"https:\/\/www.cnctech.ro\/de\/wp-json\/wp\/v2\/pages"}],"about":[{"href":"https:\/\/www.cnctech.ro\/de\/wp-json\/wp\/v2\/types\/page"}],"author":[{"embeddable":true,"href":"https:\/\/www.cnctech.ro\/de\/wp-json\/wp\/v2\/users\/1"}],"replies":[{"embeddable":true,"href":"https:\/\/www.cnctech.ro\/de\/wp-json\/wp\/v2\/comments?post=5484"}],"version-history":[{"count":21,"href":"https:\/\/www.cnctech.ro\/de\/wp-json\/wp\/v2\/pages\/5484\/revisions"}],"predecessor-version":[{"id":6139,"href":"https:\/\/www.cnctech.ro\/de\/wp-json\/wp\/v2\/pages\/5484\/revisions\/6139"}],"wp:attachment":[{"href":"https:\/\/www.cnctech.ro\/de\/wp-json\/wp\/v2\/media?parent=5484"}],"curies":[{"name":"wp","href":"https:\/\/api.w.org\/{rel}","templated":true}]}}