{"id":5481,"date":"2021-07-28T07:30:30","date_gmt":"2021-07-28T07:30:30","guid":{"rendered":"https:\/\/www.cnctech.ro\/?page_id=5481"},"modified":"2022-02-01T11:15:25","modified_gmt":"2022-02-01T11:15:25","slug":"prelucrari-mecanice-2","status":"publish","type":"page","link":"https:\/\/www.cnctech.ro\/de\/de-prelucrari-mecanice\/","title":{"rendered":"Mechanische bearbeitungen"},"content":{"rendered":"<p>[vc_row css=&#8220;.vc_custom_1627463040689{padding-top: 30px !important;padding-bottom: 30px !important;}&#8220;][vc_column][vc_column_text]<strong>Bearbeitungen<\/strong><\/p>\n<p>Die Grundlagen eines Unternehmens beruhen darauf, dass sie in der Lage ist, die Ger\u00e4te herzustellen, mit denen die Welt funktioniert. Wenn Sie eine Fabrik oder Werkstatt betreten, in der langlebige Gegenst\u00e4nde hergestellt werden, werden Sie wahrscheinlich eine Fr\u00e4se oder eine Drehbank sehen. Diese Maschinen formen Materialbl\u00f6cke zu Teilen.<\/p>\n<p>Von Anfang bis Ende bieten wir eine &#8222;Eine einzige Anlaufstelle&#8220;-L\u00f6sung f\u00fcr alle Aspekte der Komponentenherstellung.<\/p>\n<p>CNC Tech m\u00f6chte Ihr vertrauensw\u00fcrdiger Fertigungspartner sein, auf den Sie sich bei all Ihren individuellen Bearbeitungsanforderungen verlassen k\u00f6nnen. Wir senden Ihnen innerhalb von 24-72 Stunden Angebote und liefern Ihre Produkte immer p\u00fcnktlich.<\/p>\n<p>Neben der Erzielung korrekter Abmessungen geht es bei der Bearbeitung auch um die Erzielung der richtigen Oberfl\u00e4cheng\u00fcte oder Oberfl\u00e4chenrauheit des Werkst\u00fccks. Unsere Mitarbeiter wissen, wie sie minderwertige Oberfl\u00e4cheng\u00fcten vermeiden k\u00f6nnen, die durch falsches Einspannen, ein stumpfes Werkzeug oder unsachgem\u00e4\u00dfe Werkzeugbedienung verursacht werden k\u00f6nnen.<\/p>\n<p>CNC Tech stellt mechanisch bearbeitete Teile auf CNC-Zentren und -Drehmaschinen her. Wir haben 8 Bearbeitungszentren, 6 vertikale und 2 horizontale.<\/p>\n<p><strong>FR\u00c4SEN<\/strong><\/p>\n<p>Wir haben die M\u00f6glichkeit, CNC-Fr\u00e4sarbeiten bis zu 1000*500*500 mm mit einer Genauigkeit von +\/- 0,02 mm und bis zu 3000*1200*1000 mm mit einer Genauigkeit von +\/- 0,5 mm durchzuf\u00fchren.<\/p>\n<p><strong>DREHSCHNITTE<\/strong><\/p>\n<p>Auf Drehb\u00e4nken f\u00fchren wir CNC-Dreharbeiten bis zu einem Durchmesser von 250 mm und einer L\u00e4nge von 550 mm mit einer Genauigkeit von +\/- 0,02 mm durch. Diese Bearbeitungen werden auf 2 CNC-Drehmaschinen durchgef\u00fchrt.<\/p>\n<p><strong>MATERIALIEN<\/strong><\/p>\n<p>Wir f\u00fchren CNC-Bearbeitungen an verschiedenen Materialien durch: Stahl, Aluminium, Edelstahl, Kunststoff.<\/p>\n<p>Unser Unternehmen hat vom ersten Tag an f\u00fcr internationale Kunden gearbeitet und verf\u00fcgt daher \u00fcber einschl\u00e4gige Erfahrungen in der Verarbeitung.<\/p>\n<p>Zu den Produkten, die wir gem\u00e4\u00df der Qualit\u00e4tsnorm ISO 9001:2015 herstellen, geh\u00f6ren unter anderem die Fertigungslinien f\u00fcr:<\/p>\n<ul>\n<li>Verpackungsindustrie<\/li>\n<li>Druckindustrie<\/li>\n<li>Spritzgie\u00dfen von Kunststoffen<\/li>\n<li>Zigarettenherstellung<\/li>\n<li>Windelindustrie f\u00fcr Erwachsene.<\/li>\n<\/ul>\n<p><strong>OBERFL\u00c4CHENBEHANDLUNGEN<\/strong><\/p>\n<p>Gemeinsam mit unseren Partnern k\u00f6nnen wir auch Oberfl\u00e4chenbehandlungen anbieten, so dass wir einsatzbereite Teile liefern k\u00f6nnen.<\/p>\n<p><strong>KONTAKTIEREN SIE UNS per E-Mail oder Telefon, um weitere Einzelheiten \u00fcber die von unseren Fachleuten durchgef\u00fchrten mechanischen Bearbeitungen zu erfahren oder um uns zu besuchen!<\/strong>[\/vc_column_text][\/vc_column][\/vc_row][vc_row][vc_column][vc_gallery type=&#8220;image_grid&#8220; images=&#8220;5382,5374,5373,5359,5371,5372&#8243; img_size=&#8220;150&#215;100&#8243;][\/vc_column][\/vc_row]<\/p>\n","protected":false},"excerpt":{"rendered":"<p>[vc_row css=&#8220;.vc_custom_1627463040689{padding-top: 30px !important;padding-bottom: 30px !important;}&#8220;][vc_column][vc_column_text]Bearbeitungen Die Grundlagen eines Unternehmens beruhen darauf, dass sie in der Lage ist, die Ger\u00e4te herzustellen, mit denen die Welt funktioniert.<span class=\"excerpt-hellip\"> [\u2026]<\/span><\/p>\n","protected":false},"author":1,"featured_media":0,"parent":0,"menu_order":0,"comment_status":"closed","ping_status":"closed","template":"","meta":{"footnotes":""},"class_list":["post-5481","page","type-page","status-publish","hentry"],"yoast_head":"<!-- This site is optimized with the Yoast SEO plugin v27.5 - https:\/\/yoast.com\/product\/yoast-seo-wordpress\/ -->\n<title>Professionelle mechanische Bearbeitung bei CNC Tech<\/title>\n<meta name=\"description\" content=\"Der CNC-Tech f\u00fchrt mechanische Bearbeitungen auf numerisch gesteuerten Zentren und Drehb\u00e4nken durch. Wir erwarten Sie auf der Website f\u00fcr Details!\" \/>\n<meta name=\"robots\" content=\"index, follow, max-snippet:-1, max-image-preview:large, max-video-preview:-1\" \/>\n<link rel=\"canonical\" href=\"https:\/\/www.cnctech.ro\/prelucrari-mecanice-cnc\/\" \/>\n<meta property=\"og:locale\" content=\"de_DE\" \/>\n<meta property=\"og:type\" content=\"article\" \/>\n<meta property=\"og:title\" content=\"Professionelle mechanische Bearbeitung bei CNC Tech\" \/>\n<meta property=\"og:description\" content=\"Der CNC-Tech f\u00fchrt mechanische Bearbeitungen auf numerisch gesteuerten Zentren und Drehb\u00e4nken durch. Wir erwarten Sie auf der Website f\u00fcr Details!\" \/>\n<meta property=\"og:url\" content=\"https:\/\/www.cnctech.ro\/prelucrari-mecanice-cnc\/\" \/>\n<meta property=\"og:site_name\" content=\"CNC Tech\" \/>\n<meta property=\"article:modified_time\" content=\"2022-02-01T11:15:25+00:00\" \/>\n<meta name=\"twitter:card\" content=\"summary_large_image\" \/>\n<meta name=\"twitter:label1\" content=\"Gesch\u00e4tzte Lesezeit\" \/>\n\t<meta name=\"twitter:data1\" content=\"3\u00a0Minuten\" \/>\n<script type=\"application\/ld+json\" class=\"yoast-schema-graph\">{\"@context\":\"https:\\\/\\\/schema.org\",\"@graph\":[{\"@type\":\"WebPage\",\"@id\":\"https:\\\/\\\/www.cnctech.ro\\\/prelucrari-mecanice-cnc\\\/\",\"url\":\"https:\\\/\\\/www.cnctech.ro\\\/prelucrari-mecanice-cnc\\\/\",\"name\":\"[:ro]Prelucr\u0103ri mecanice profesionale la CNC Tech[:en]Professional mechanical machining at CNC Tech[:de]Professionelle mechanische Bearbeitung bei CNC Tech[:]\",\"isPartOf\":{\"@id\":\"https:\\\/\\\/www.cnctech.ro\\\/#website\"},\"datePublished\":\"2021-07-28T07:30:30+00:00\",\"dateModified\":\"2022-02-01T11:15:25+00:00\",\"description\":\"[:ro]CNC Tech realizeaza prelucr\u0103ri mecanice pe centre si strunguri cu comanda numerica. Va asteptam pe site pentru detalii![:en]CNC Tech makes mechanically machined parts, on centers and lathes with numerical control. Visit our website for more details![:de]Der CNC-Tech f\u00fchrt mechanische Bearbeitungen auf numerisch gesteuerten Zentren und Drehb\u00e4nken durch. Wir erwarten Sie auf der Website f\u00fcr Details![:]\",\"breadcrumb\":{\"@id\":\"https:\\\/\\\/www.cnctech.ro\\\/prelucrari-mecanice-cnc\\\/#breadcrumb\"},\"inLanguage\":\"de\",\"potentialAction\":[{\"@type\":\"ReadAction\",\"target\":[\"https:\\\/\\\/www.cnctech.ro\\\/prelucrari-mecanice-cnc\\\/\"]}]},{\"@type\":\"BreadcrumbList\",\"@id\":\"https:\\\/\\\/www.cnctech.ro\\\/prelucrari-mecanice-cnc\\\/#breadcrumb\",\"itemListElement\":[{\"@type\":\"ListItem\",\"position\":1,\"name\":\"Prima pagin\u0103\",\"item\":\"https:\\\/\\\/www.cnctech.ro\\\/\"},{\"@type\":\"ListItem\",\"position\":2,\"name\":\"Prelucr\u0103ri mecanice\"}]},{\"@type\":\"WebSite\",\"@id\":\"https:\\\/\\\/www.cnctech.ro\\\/#website\",\"url\":\"https:\\\/\\\/www.cnctech.ro\\\/\",\"name\":\"CNC Tech\",\"description\":\"Prelucrari mecanice cu CNC Tech\",\"potentialAction\":[{\"@type\":\"SearchAction\",\"target\":{\"@type\":\"EntryPoint\",\"urlTemplate\":\"https:\\\/\\\/www.cnctech.ro\\\/?s={search_term_string}\"},\"query-input\":{\"@type\":\"PropertyValueSpecification\",\"valueRequired\":true,\"valueName\":\"search_term_string\"}}],\"inLanguage\":\"de\"}]}<\/script>\n<!-- \/ Yoast SEO plugin. -->","yoast_head_json":{"title":"Professionelle mechanische Bearbeitung bei CNC Tech","description":"Der CNC-Tech f\u00fchrt mechanische Bearbeitungen auf numerisch gesteuerten Zentren und Drehb\u00e4nken durch. Wir erwarten Sie auf der Website f\u00fcr Details!","robots":{"index":"index","follow":"follow","max-snippet":"max-snippet:-1","max-image-preview":"max-image-preview:large","max-video-preview":"max-video-preview:-1"},"canonical":"https:\/\/www.cnctech.ro\/prelucrari-mecanice-cnc\/","og_locale":"de_DE","og_type":"article","og_title":"Professionelle mechanische Bearbeitung bei CNC Tech","og_description":"Der CNC-Tech f\u00fchrt mechanische Bearbeitungen auf numerisch gesteuerten Zentren und Drehb\u00e4nken durch. Wir erwarten Sie auf der Website f\u00fcr Details!","og_url":"https:\/\/www.cnctech.ro\/prelucrari-mecanice-cnc\/","og_site_name":"CNC Tech","article_modified_time":"2022-02-01T11:15:25+00:00","twitter_card":"summary_large_image","twitter_misc":{"Gesch\u00e4tzte Lesezeit":"3\u00a0Minuten"},"schema":{"@context":"https:\/\/schema.org","@graph":[{"@type":"WebPage","@id":"https:\/\/www.cnctech.ro\/prelucrari-mecanice-cnc\/","url":"https:\/\/www.cnctech.ro\/prelucrari-mecanice-cnc\/","name":"[:ro]Prelucr\u0103ri mecanice profesionale la CNC Tech[:en]Professional mechanical machining at CNC Tech[:de]Professionelle mechanische Bearbeitung bei CNC Tech[:]","isPartOf":{"@id":"https:\/\/www.cnctech.ro\/#website"},"datePublished":"2021-07-28T07:30:30+00:00","dateModified":"2022-02-01T11:15:25+00:00","description":"[:ro]CNC Tech realizeaza prelucr\u0103ri mecanice pe centre si strunguri cu comanda numerica. Va asteptam pe site pentru detalii![:en]CNC Tech makes mechanically machined parts, on centers and lathes with numerical control. Visit our website for more details![:de]Der CNC-Tech f\u00fchrt mechanische Bearbeitungen auf numerisch gesteuerten Zentren und Drehb\u00e4nken durch. Wir erwarten Sie auf der Website f\u00fcr Details![:]","breadcrumb":{"@id":"https:\/\/www.cnctech.ro\/prelucrari-mecanice-cnc\/#breadcrumb"},"inLanguage":"de","potentialAction":[{"@type":"ReadAction","target":["https:\/\/www.cnctech.ro\/prelucrari-mecanice-cnc\/"]}]},{"@type":"BreadcrumbList","@id":"https:\/\/www.cnctech.ro\/prelucrari-mecanice-cnc\/#breadcrumb","itemListElement":[{"@type":"ListItem","position":1,"name":"Prima pagin\u0103","item":"https:\/\/www.cnctech.ro\/"},{"@type":"ListItem","position":2,"name":"Prelucr\u0103ri mecanice"}]},{"@type":"WebSite","@id":"https:\/\/www.cnctech.ro\/#website","url":"https:\/\/www.cnctech.ro\/","name":"CNC Tech","description":"Prelucrari mecanice cu CNC Tech","potentialAction":[{"@type":"SearchAction","target":{"@type":"EntryPoint","urlTemplate":"https:\/\/www.cnctech.ro\/?s={search_term_string}"},"query-input":{"@type":"PropertyValueSpecification","valueRequired":true,"valueName":"search_term_string"}}],"inLanguage":"de"}]}},"_links":{"self":[{"href":"https:\/\/www.cnctech.ro\/de\/wp-json\/wp\/v2\/pages\/5481","targetHints":{"allow":["GET"]}}],"collection":[{"href":"https:\/\/www.cnctech.ro\/de\/wp-json\/wp\/v2\/pages"}],"about":[{"href":"https:\/\/www.cnctech.ro\/de\/wp-json\/wp\/v2\/types\/page"}],"author":[{"embeddable":true,"href":"https:\/\/www.cnctech.ro\/de\/wp-json\/wp\/v2\/users\/1"}],"replies":[{"embeddable":true,"href":"https:\/\/www.cnctech.ro\/de\/wp-json\/wp\/v2\/comments?post=5481"}],"version-history":[{"count":33,"href":"https:\/\/www.cnctech.ro\/de\/wp-json\/wp\/v2\/pages\/5481\/revisions"}],"predecessor-version":[{"id":6070,"href":"https:\/\/www.cnctech.ro\/de\/wp-json\/wp\/v2\/pages\/5481\/revisions\/6070"}],"wp:attachment":[{"href":"https:\/\/www.cnctech.ro\/de\/wp-json\/wp\/v2\/media?parent=5481"}],"curies":[{"name":"wp","href":"https:\/\/api.w.org\/{rel}","templated":true}]}}