{"id":5004,"date":"2018-08-22T09:53:19","date_gmt":"2018-08-22T09:53:19","guid":{"rendered":"https:\/\/www.cnctech.ro\/?page_id=5004"},"modified":"2018-08-22T09:53:19","modified_gmt":"2018-08-22T09:53:19","slug":"termeni-si-conditii","status":"publish","type":"page","link":"https:\/\/www.cnctech.ro\/de\/romana-termeni-si-conditii\/","title":{"rendered":"(Rom\u00e2n\u0103) Termeni si conditii"},"content":{"rendered":"<p class=\"qtranxs-available-languages-message qtranxs-available-languages-message-de\">Leider ist der Eintrag nur auf <a href=\"https:\/\/www.cnctech.ro\/ro\/wp-json\/wp\/v2\/pages\/5004\" class=\"qtranxs-available-language-link qtranxs-available-language-link-ro\" title=\"Rom\u00e2n\u0103\">Rom\u00e2n\u0103<\/a> verf\u00fcgbar.<\/p>\n","protected":false},"excerpt":{"rendered":"<p>Leider ist der Eintrag nur auf Rom\u00e2n\u0103 verf\u00fcgbar.<\/p>\n","protected":false},"author":1,"featured_media":0,"parent":0,"menu_order":0,"comment_status":"closed","ping_status":"closed","template":"","meta":{"footnotes":""},"class_list":["post-5004","page","type-page","status-publish","hentry"],"yoast_head":"<!-- This site is optimized with the Yoast SEO plugin v27.5 - https:\/\/yoast.com\/product\/yoast-seo-wordpress\/ -->\n<title>(Rom\u00e2n\u0103) Termeni si conditii - CNC Tech<\/title>\n<meta name=\"robots\" content=\"index, follow, max-snippet:-1, max-image-preview:large, max-video-preview:-1\" \/>\n<link rel=\"canonical\" href=\"https:\/\/www.cnctech.ro\/de\/romana-termeni-si-conditii\/\" \/>\n<meta property=\"og:locale\" content=\"de_DE\" \/>\n<meta property=\"og:type\" content=\"article\" \/>\n<meta property=\"og:title\" content=\"(Rom\u00e2n\u0103) Termeni si conditii - CNC Tech\" \/>\n<meta property=\"og:description\" content=\"Leider ist der Eintrag nur auf Rom\u00e2n\u0103 verf\u00fcgbar.\" \/>\n<meta property=\"og:url\" content=\"https:\/\/www.cnctech.ro\/de\/romana-termeni-si-conditii\/\" \/>\n<meta property=\"og:site_name\" content=\"CNC Tech\" \/>\n<meta name=\"twitter:card\" content=\"summary_large_image\" \/>\n<script type=\"application\/ld+json\" class=\"yoast-schema-graph\">{\"@context\":\"https:\\\/\\\/schema.org\",\"@graph\":[{\"@type\":\"WebPage\",\"@id\":\"https:\\\/\\\/www.cnctech.ro\\\/de\\\/romana-termeni-si-conditii\\\/\",\"url\":\"https:\\\/\\\/www.cnctech.ro\\\/de\\\/romana-termeni-si-conditii\\\/\",\"name\":\"(Rom\u00e2n\u0103) Termeni si conditii - CNC Tech\",\"isPartOf\":{\"@id\":\"https:\\\/\\\/www.cnctech.ro\\\/#website\"},\"datePublished\":\"2018-08-22T09:53:19+00:00\",\"breadcrumb\":{\"@id\":\"https:\\\/\\\/www.cnctech.ro\\\/de\\\/romana-termeni-si-conditii\\\/#breadcrumb\"},\"inLanguage\":\"de\",\"potentialAction\":[{\"@type\":\"ReadAction\",\"target\":[\"https:\\\/\\\/www.cnctech.ro\\\/de\\\/romana-termeni-si-conditii\\\/\"]}]},{\"@type\":\"BreadcrumbList\",\"@id\":\"https:\\\/\\\/www.cnctech.ro\\\/de\\\/romana-termeni-si-conditii\\\/#breadcrumb\",\"itemListElement\":[{\"@type\":\"ListItem\",\"position\":1,\"name\":\"Prima pagin\u0103\",\"item\":\"https:\\\/\\\/www.cnctech.ro\\\/\"},{\"@type\":\"ListItem\",\"position\":2,\"name\":\"(Rom\u00e2n\u0103) Termeni si conditii\"}]},{\"@type\":\"WebSite\",\"@id\":\"https:\\\/\\\/www.cnctech.ro\\\/#website\",\"url\":\"https:\\\/\\\/www.cnctech.ro\\\/\",\"name\":\"CNC Tech\",\"description\":\"Prelucrari mecanice cu CNC Tech\",\"potentialAction\":[{\"@type\":\"SearchAction\",\"target\":{\"@type\":\"EntryPoint\",\"urlTemplate\":\"https:\\\/\\\/www.cnctech.ro\\\/?s={search_term_string}\"},\"query-input\":{\"@type\":\"PropertyValueSpecification\",\"valueRequired\":true,\"valueName\":\"search_term_string\"}}],\"inLanguage\":\"de\"}]}<\/script>\n<!-- \/ Yoast SEO plugin. -->","yoast_head_json":{"title":"(Rom\u00e2n\u0103) Termeni si conditii - CNC Tech","robots":{"index":"index","follow":"follow","max-snippet":"max-snippet:-1","max-image-preview":"max-image-preview:large","max-video-preview":"max-video-preview:-1"},"canonical":"https:\/\/www.cnctech.ro\/de\/romana-termeni-si-conditii\/","og_locale":"de_DE","og_type":"article","og_title":"(Rom\u00e2n\u0103) Termeni si conditii - CNC Tech","og_description":"Leider ist der Eintrag nur auf Rom\u00e2n\u0103 verf\u00fcgbar.","og_url":"https:\/\/www.cnctech.ro\/de\/romana-termeni-si-conditii\/","og_site_name":"CNC Tech","twitter_card":"summary_large_image","schema":{"@context":"https:\/\/schema.org","@graph":[{"@type":"WebPage","@id":"https:\/\/www.cnctech.ro\/de\/romana-termeni-si-conditii\/","url":"https:\/\/www.cnctech.ro\/de\/romana-termeni-si-conditii\/","name":"(Rom\u00e2n\u0103) Termeni si conditii - CNC Tech","isPartOf":{"@id":"https:\/\/www.cnctech.ro\/#website"},"datePublished":"2018-08-22T09:53:19+00:00","breadcrumb":{"@id":"https:\/\/www.cnctech.ro\/de\/romana-termeni-si-conditii\/#breadcrumb"},"inLanguage":"de","potentialAction":[{"@type":"ReadAction","target":["https:\/\/www.cnctech.ro\/de\/romana-termeni-si-conditii\/"]}]},{"@type":"BreadcrumbList","@id":"https:\/\/www.cnctech.ro\/de\/romana-termeni-si-conditii\/#breadcrumb","itemListElement":[{"@type":"ListItem","position":1,"name":"Prima pagin\u0103","item":"https:\/\/www.cnctech.ro\/"},{"@type":"ListItem","position":2,"name":"(Rom\u00e2n\u0103) Termeni si conditii"}]},{"@type":"WebSite","@id":"https:\/\/www.cnctech.ro\/#website","url":"https:\/\/www.cnctech.ro\/","name":"CNC Tech","description":"Prelucrari mecanice cu CNC Tech","potentialAction":[{"@type":"SearchAction","target":{"@type":"EntryPoint","urlTemplate":"https:\/\/www.cnctech.ro\/?s={search_term_string}"},"query-input":{"@type":"PropertyValueSpecification","valueRequired":true,"valueName":"search_term_string"}}],"inLanguage":"de"}]}},"_links":{"self":[{"href":"https:\/\/www.cnctech.ro\/de\/wp-json\/wp\/v2\/pages\/5004","targetHints":{"allow":["GET"]}}],"collection":[{"href":"https:\/\/www.cnctech.ro\/de\/wp-json\/wp\/v2\/pages"}],"about":[{"href":"https:\/\/www.cnctech.ro\/de\/wp-json\/wp\/v2\/types\/page"}],"author":[{"embeddable":true,"href":"https:\/\/www.cnctech.ro\/de\/wp-json\/wp\/v2\/users\/1"}],"replies":[{"embeddable":true,"href":"https:\/\/www.cnctech.ro\/de\/wp-json\/wp\/v2\/comments?post=5004"}],"version-history":[{"count":1,"href":"https:\/\/www.cnctech.ro\/de\/wp-json\/wp\/v2\/pages\/5004\/revisions"}],"predecessor-version":[{"id":5005,"href":"https:\/\/www.cnctech.ro\/de\/wp-json\/wp\/v2\/pages\/5004\/revisions\/5005"}],"wp:attachment":[{"href":"https:\/\/www.cnctech.ro\/de\/wp-json\/wp\/v2\/media?parent=5004"}],"curies":[{"name":"wp","href":"https:\/\/api.w.org\/{rel}","templated":true}]}}