{"id":4167,"date":"2016-02-26T09:52:56","date_gmt":"2016-02-26T09:52:56","guid":{"rendered":"https:\/\/www.cnctech.ro\/v2\/?page_id=4167"},"modified":"2024-04-08T09:28:06","modified_gmt":"2024-04-08T09:28:06","slug":"dotarile-noastre-cnc-tech-bumbesti-jiu","status":"publish","type":"page","link":"https:\/\/www.cnctech.ro\/de\/eigenschaften\/","title":{"rendered":"Ausr\u00fcstungen"},"content":{"rendered":"<p>[vc_row][vc_column][vc_tta_tabs active_section=&#8220;1&#8243; title=&#8220;1. Mechanische Verarbeitungst\u00e4tigkeit:&#8220;][vc_tta_section title=&#8220;1.1. Fr\u00e4sen Abteilung&#8220; tab_id=&#8220;1627637076234-8d1ccb4d-5a3d&#8220;][vc_column_text]<\/p>\n<ul>\n<li style=\"list-style-type: none;\">\n<ul>\n<li>DOOSAN DNM6700-Vertikalzentrum, Fanuc i series-Steuerung, Werkzeugmagazin mit 30 Pl\u00e4tzen, ISO40<br \/>\nAbmessungen: x=1.300mm, y=670mm, z=625mm;<\/li>\n<li>VICTOR V center 205, Fanuc i-series Steuerung, 32-Stationen Werkzeugmagazin, ISO40<br \/>\nAbmessungen: x=2.050mm, y=550mm, z=560mm; ausgestattet mit 2 Achsen 4 (A und B)<\/li>\n<li>DOOSAN DNM6700-Vertikalzentrum, Fanuc i series-Steuerung, Werkzeugmagazin mit 30 Pl\u00e4tzen, ISO40<br \/>\nAbmessungen: x=1.300mm, y=670mm, z=625mm;<\/li>\n<li>KAFO-Vertikalzentrum, Fanuc-Steuerung, Werkzeugmagazin mit 28 Pl\u00e4tzen, ISO50<br \/>\nAbmessungen: x=1.200mm, y=600mm, z=600mm;<\/li>\n<li>NOVAR-Fr\u00e4ser, ECS-Steuerung, vertikal und horizontal (indexierbarer Fr\u00e4skopf), ISO50<br \/>\nAbmessungen: x=3.000mm, y=900mm, z=1.200mm;<\/li>\n<li>SECMU-Fr\u00e4ser, FAS-Steuerung, horizontal (vertikaler Fr\u00e4skopf kann auf Wunsch montiert werden), ISO50<br \/>\nAbmessungen: x=1.300mm, y=1.100mm, z=650mm;<\/li>\n<li>SECMU-Fr\u00e4ser, Z16 FAS-Steuerung, horizontal (vertikaler Fr\u00e4skopf kann bei Bedarf montiert werden), ISO50<br \/>\nAbmessungen: x=2.000mm, y=1.100mm, z=700mm;<\/li>\n<li>JHV1200 vertikales Zentrum, Steuerung Fanuc Oi-MF Serie, 30 Stationen, ISO40<br \/>\nAbmessungen: x=1200mm, y=500mm, z=550mm;<\/li>\n<li>Vertikales Zentrum JHV1020, FANUC Steuerung Serie Oi-MD, Werkzeugmagazin 24 Stationen, ISO40<br \/>\nAbmessungen: x=1020mm, y=500mm, z=550mm;<\/li>\n<li>Vertikales Zentrum JHV1020, FANUC Steuerung Serie Oi-MD, Werkzeugmagazin 24 Stationen, ISO40<br \/>\nAbmessungen: x=1020mm, y=500mm, z=550mm;<\/li>\n<\/ul>\n<\/li>\n<\/ul>\n<p>[\/vc_column_text][\/vc_tta_section][vc_tta_section title=&#8220;1.2. Abteilung Drehen&#8220; tab_id=&#8220;abteilung-drehen&#8220;][vc_column_text]<\/p>\n<ul>\n<li>DAEWOO PUMA 8S Drehmaschine, Fanuc Steuerung, Drehdurchmesser 200mm, L\u00e4nge 300mm.<\/li>\n<li>DOOSAN Lynx 210LB Drehmaschine, Fanuc Steuerung, Drehdurchmesser 250mm, L\u00e4nge 550mm.<\/li>\n<li>DOOSAN Lynx 2100LB Drehmaschine, Fanuc Steuerung, Drehdurchmesser 250mm, L\u00e4nge 560mm.<\/li>\n<\/ul>\n<p>[\/vc_column_text][\/vc_tta_section][vc_tta_section title=&#8220;1.3. Abteilung Qualit\u00e4tskontrolle&#8220; tab_id=&#8220;1627637216580-370ec0f4-3bda&#8220;][vc_column_text]<\/p>\n<ul>\n<li>Steuerung &#8211; TESA H\u00f6henmesser L max 700mm<\/li>\n<li>Messschieber &#8211; Messschieber, B\u00fcgelmessschrauben, Bohrs\u00e4tze<\/li>\n<\/ul>\n<p>[\/vc_column_text][\/vc_tta_section][\/vc_tta_tabs][\/vc_column][\/vc_row][vc_row][vc_column][vc_tta_tabs active_section=&#8220;1&#8243; title=&#8220;2. T\u00e4tigkeit der geschwei\u00dften Strukturen:&#8220;][vc_tta_section title=&#8220;2.1. Produktions- und Montaget\u00e4tigkeit&#8220; tab_id=&#8220;1627637311945-dd442fb3-cb13&#8243;][vc_column_text]<\/p>\n<ul>\n<li>CNC-Plasma- und Brennschneidanlage, 2m*6m Tisch, ausgestattet mit Hypertherm 260XD Plasmaquelle;<\/li>\n<li>M\u00f6glichkeit zum Schneiden von Stahl bis zu 32 mm Dicke, mit hoher Pr\u00e4zision und Qualit\u00e4t, maximale Schnittkapazit\u00e4t 60 mm;<\/li>\n<li>FDT 8*2500 Blechschere, M\u00f6glichkeit zum Schneiden von Blechen mit einer maximalen Dicke von 8mm und einer Breite von 2500mm;<\/li>\n<li>Mechanische S\u00e4gen mit unendlich vielen Bl\u00e4ttern, maximale Gr\u00f6\u00dfe 400*250mm;<\/li>\n<li>500A luft- und wassergek\u00fchlte MIG\/MAG-Schwei\u00dfger\u00e4te;<\/li>\n<li>WIG\/TIG-Schwei\u00dfanlage;<\/li>\n<li>Radialbohrmaschine;<\/li>\n<li>Verschiedene Bohrmaschinen;<\/li>\n<li>Hydraulische Presse 40Tf;<\/li>\n<li>100Tf mechanische Presse;<\/li>\n<\/ul>\n<p>[\/vc_column_text][\/vc_tta_section][vc_tta_section title=&#8220;2.2. Strahlen und Malen:&#8220; tab_id=&#8220;1627637311970-93e20738-7a1e&#8220;][vc_column_text]<\/p>\n<ul>\n<li>Strahlkabine mit den Ma\u00dfen 12m lang, 5,5m breit, 3m hoch;<\/li>\n<li>Lackier-\/Trockenkabine mit den Abmessungen 12 m L\u00e4nge, 5,5 m Breite und 3 m H\u00f6he;<\/li>\n<\/ul>\n<p>[\/vc_column_text][\/vc_tta_section][\/vc_tta_tabs][\/vc_column][\/vc_row]<\/p>\n","protected":false},"excerpt":{"rendered":"<p>[vc_row][vc_column][vc_tta_tabs active_section=&#8220;1&#8243; title=&#8220;1. Mechanische Verarbeitungst\u00e4tigkeit:&#8220;][vc_tta_section title=&#8220;1.1. Fr\u00e4sen Abteilung&#8220; tab_id=&#8220;1627637076234-8d1ccb4d-5a3d&#8220;][vc_column_text] DOOSAN DNM6700-Vertikalzentrum, Fanuc i series-Steuerung, Werkzeugmagazin mit 30 Pl\u00e4tzen, ISO40 Abmessungen: x=1.300mm, y=670mm, z=625mm; VICTOR V center<span class=\"excerpt-hellip\"> [\u2026]<\/span><\/p>\n","protected":false},"author":1,"featured_media":0,"parent":0,"menu_order":0,"comment_status":"closed","ping_status":"closed","template":"","meta":{"footnotes":""},"class_list":["post-4167","page","type-page","status-publish","hentry"],"yoast_head":"<!-- This site is optimized with the Yoast SEO plugin v27.5 - https:\/\/yoast.com\/product\/yoast-seo-wordpress\/ -->\n<title>Ausr\u00fcstung - SC CNC Tech SRL Bumbesti-Jiu<\/title>\n<meta name=\"description\" content=\"CNC-Tech-Ausr\u00fcstung f\u00fcr die Abteilung Fr\u00e4sen, Drehen und Qualit\u00e4tskontrolle. Wir erwarten Sie auf der Website f\u00fcr weitere Informationen!\" \/>\n<meta name=\"robots\" content=\"index, follow, max-snippet:-1, max-image-preview:large, max-video-preview:-1\" \/>\n<link rel=\"canonical\" href=\"https:\/\/www.cnctech.ro\/dotari\/\" \/>\n<meta property=\"og:locale\" content=\"de_DE\" \/>\n<meta property=\"og:type\" content=\"article\" \/>\n<meta property=\"og:title\" content=\"Ausr\u00fcstung - SC CNC Tech SRL Bumbesti-Jiu\" \/>\n<meta property=\"og:description\" content=\"CNC-Tech-Ausr\u00fcstung f\u00fcr die Abteilung Fr\u00e4sen, Drehen und Qualit\u00e4tskontrolle. Wir erwarten Sie auf der Website f\u00fcr weitere Informationen!\" \/>\n<meta property=\"og:url\" content=\"https:\/\/www.cnctech.ro\/dotari\/\" \/>\n<meta property=\"og:site_name\" content=\"CNC Tech\" \/>\n<meta property=\"article:modified_time\" content=\"2024-04-08T09:28:06+00:00\" \/>\n<meta property=\"og:image\" content=\"https:\/\/www.cnctech.ro\/wp-content\/uploads\/2016\/02\/Sigma-1_resize-150x150.jpg\" \/>\n<meta name=\"twitter:card\" content=\"summary_large_image\" \/>\n<meta name=\"twitter:label1\" content=\"Gesch\u00e4tzte Lesezeit\" \/>\n\t<meta name=\"twitter:data1\" content=\"3\u00a0Minuten\" \/>\n<script type=\"application\/ld+json\" class=\"yoast-schema-graph\">{\"@context\":\"https:\\\/\\\/schema.org\",\"@graph\":[{\"@type\":\"WebPage\",\"@id\":\"https:\\\/\\\/www.cnctech.ro\\\/dotari\\\/\",\"url\":\"https:\\\/\\\/www.cnctech.ro\\\/dotari\\\/\",\"name\":\"[:ro]Dot\u0103ri - SC CNC Tech SRL Bumbesti-Jiu[:en]Equipment - SC CNC Tech SRL Bumbesti-Jiu[:de]Ausr\u00fcstung - SC CNC Tech SRL Bumbesti-Jiu[:]\",\"isPartOf\":{\"@id\":\"https:\\\/\\\/www.cnctech.ro\\\/#website\"},\"datePublished\":\"2016-02-26T09:52:56+00:00\",\"dateModified\":\"2024-04-08T09:28:06+00:00\",\"description\":\"[:ro]Dotari CNC Tech pentru departamentul de frezare, strunjire si controlul calitatii. Va asteptam pe site pentru mai multe detalii![:en]CNC Tech equipment for the milling, turning and quality control department. Visit the CNC Tech website NOW![:de]CNC-Tech-Ausr\u00fcstung f\u00fcr die Abteilung Fr\u00e4sen, Drehen und Qualit\u00e4tskontrolle. Wir erwarten Sie auf der Website f\u00fcr weitere Informationen![:]\",\"breadcrumb\":{\"@id\":\"https:\\\/\\\/www.cnctech.ro\\\/dotari\\\/#breadcrumb\"},\"inLanguage\":\"de\",\"potentialAction\":[{\"@type\":\"ReadAction\",\"target\":[\"https:\\\/\\\/www.cnctech.ro\\\/dotari\\\/\"]}]},{\"@type\":\"BreadcrumbList\",\"@id\":\"https:\\\/\\\/www.cnctech.ro\\\/dotari\\\/#breadcrumb\",\"itemListElement\":[{\"@type\":\"ListItem\",\"position\":1,\"name\":\"Prima pagin\u0103\",\"item\":\"https:\\\/\\\/www.cnctech.ro\\\/\"},{\"@type\":\"ListItem\",\"position\":2,\"name\":\"Dot\u0103ri\"}]},{\"@type\":\"WebSite\",\"@id\":\"https:\\\/\\\/www.cnctech.ro\\\/#website\",\"url\":\"https:\\\/\\\/www.cnctech.ro\\\/\",\"name\":\"CNC Tech\",\"description\":\"Prelucrari mecanice cu CNC Tech\",\"potentialAction\":[{\"@type\":\"SearchAction\",\"target\":{\"@type\":\"EntryPoint\",\"urlTemplate\":\"https:\\\/\\\/www.cnctech.ro\\\/?s={search_term_string}\"},\"query-input\":{\"@type\":\"PropertyValueSpecification\",\"valueRequired\":true,\"valueName\":\"search_term_string\"}}],\"inLanguage\":\"de\"}]}<\/script>\n<!-- \/ Yoast SEO plugin. -->","yoast_head_json":{"title":"Ausr\u00fcstung - SC CNC Tech SRL Bumbesti-Jiu","description":"CNC-Tech-Ausr\u00fcstung f\u00fcr die Abteilung Fr\u00e4sen, Drehen und Qualit\u00e4tskontrolle. Wir erwarten Sie auf der Website f\u00fcr weitere Informationen!","robots":{"index":"index","follow":"follow","max-snippet":"max-snippet:-1","max-image-preview":"max-image-preview:large","max-video-preview":"max-video-preview:-1"},"canonical":"https:\/\/www.cnctech.ro\/dotari\/","og_locale":"de_DE","og_type":"article","og_title":"Ausr\u00fcstung - SC CNC Tech SRL Bumbesti-Jiu","og_description":"CNC-Tech-Ausr\u00fcstung f\u00fcr die Abteilung Fr\u00e4sen, Drehen und Qualit\u00e4tskontrolle. Wir erwarten Sie auf der Website f\u00fcr weitere Informationen!","og_url":"https:\/\/www.cnctech.ro\/dotari\/","og_site_name":"CNC Tech","article_modified_time":"2024-04-08T09:28:06+00:00","og_image":[{"url":"https:\/\/www.cnctech.ro\/wp-content\/uploads\/2016\/02\/Sigma-1_resize-150x150.jpg","type":"","width":"","height":""}],"twitter_card":"summary_large_image","twitter_misc":{"Gesch\u00e4tzte Lesezeit":"3\u00a0Minuten"},"schema":{"@context":"https:\/\/schema.org","@graph":[{"@type":"WebPage","@id":"https:\/\/www.cnctech.ro\/dotari\/","url":"https:\/\/www.cnctech.ro\/dotari\/","name":"[:ro]Dot\u0103ri - SC CNC Tech SRL Bumbesti-Jiu[:en]Equipment - SC CNC Tech SRL Bumbesti-Jiu[:de]Ausr\u00fcstung - SC CNC Tech SRL Bumbesti-Jiu[:]","isPartOf":{"@id":"https:\/\/www.cnctech.ro\/#website"},"datePublished":"2016-02-26T09:52:56+00:00","dateModified":"2024-04-08T09:28:06+00:00","description":"[:ro]Dotari CNC Tech pentru departamentul de frezare, strunjire si controlul calitatii. Va asteptam pe site pentru mai multe detalii![:en]CNC Tech equipment for the milling, turning and quality control department. Visit the CNC Tech website NOW![:de]CNC-Tech-Ausr\u00fcstung f\u00fcr die Abteilung Fr\u00e4sen, Drehen und Qualit\u00e4tskontrolle. Wir erwarten Sie auf der Website f\u00fcr weitere Informationen![:]","breadcrumb":{"@id":"https:\/\/www.cnctech.ro\/dotari\/#breadcrumb"},"inLanguage":"de","potentialAction":[{"@type":"ReadAction","target":["https:\/\/www.cnctech.ro\/dotari\/"]}]},{"@type":"BreadcrumbList","@id":"https:\/\/www.cnctech.ro\/dotari\/#breadcrumb","itemListElement":[{"@type":"ListItem","position":1,"name":"Prima pagin\u0103","item":"https:\/\/www.cnctech.ro\/"},{"@type":"ListItem","position":2,"name":"Dot\u0103ri"}]},{"@type":"WebSite","@id":"https:\/\/www.cnctech.ro\/#website","url":"https:\/\/www.cnctech.ro\/","name":"CNC Tech","description":"Prelucrari mecanice cu CNC Tech","potentialAction":[{"@type":"SearchAction","target":{"@type":"EntryPoint","urlTemplate":"https:\/\/www.cnctech.ro\/?s={search_term_string}"},"query-input":{"@type":"PropertyValueSpecification","valueRequired":true,"valueName":"search_term_string"}}],"inLanguage":"de"}]}},"_links":{"self":[{"href":"https:\/\/www.cnctech.ro\/de\/wp-json\/wp\/v2\/pages\/4167","targetHints":{"allow":["GET"]}}],"collection":[{"href":"https:\/\/www.cnctech.ro\/de\/wp-json\/wp\/v2\/pages"}],"about":[{"href":"https:\/\/www.cnctech.ro\/de\/wp-json\/wp\/v2\/types\/page"}],"author":[{"embeddable":true,"href":"https:\/\/www.cnctech.ro\/de\/wp-json\/wp\/v2\/users\/1"}],"replies":[{"embeddable":true,"href":"https:\/\/www.cnctech.ro\/de\/wp-json\/wp\/v2\/comments?post=4167"}],"version-history":[{"count":44,"href":"https:\/\/www.cnctech.ro\/de\/wp-json\/wp\/v2\/pages\/4167\/revisions"}],"predecessor-version":[{"id":9968,"href":"https:\/\/www.cnctech.ro\/de\/wp-json\/wp\/v2\/pages\/4167\/revisions\/9968"}],"wp:attachment":[{"href":"https:\/\/www.cnctech.ro\/de\/wp-json\/wp\/v2\/media?parent=4167"}],"curies":[{"name":"wp","href":"https:\/\/api.w.org\/{rel}","templated":true}]}}