{"id":2,"date":"2020-09-28T08:09:31","date_gmt":"2020-09-28T08:09:31","guid":{"rendered":"https:\/\/themes.muffingroup.com\/be\/carparts\/?page_id=2"},"modified":"2025-10-13T07:38:03","modified_gmt":"2025-10-13T07:38:03","slug":"cnc-tech-specialisti-in-prelucrari-mecanice","status":"publish","type":"page","link":"https:\/\/www.cnctech.ro\/de\/","title":{"rendered":"Home"},"content":{"rendered":"","protected":false},"excerpt":{"rendered":"","protected":false},"author":1,"featured_media":0,"parent":0,"menu_order":0,"comment_status":"closed","ping_status":"open","template":"","meta":{"footnotes":""},"class_list":["post-2","page","type-page","status-publish","hentry"],"yoast_head":"<!-- This site is optimized with the Yoast SEO plugin v27.5 - https:\/\/yoast.com\/product\/yoast-seo-wordpress\/ -->\n<title>CNC-Tech-nik bei sich zu Hause!<\/title>\n<meta name=\"description\" content=\"CNC Tech - Spezialist f\u00fcr mittelschwere bis schwere CNC-Bearbeitungen. Fr\u00e4sen, Drehen und komplexe Pr\u00e4zisionsbearbeitungen. Wir erwecken Ihre Projekte mit Erfahrung und moderner Ausr\u00fcstung zum Leben.\" \/>\n<meta name=\"robots\" content=\"index, follow, max-snippet:-1, max-image-preview:large, max-video-preview:-1\" \/>\n<link rel=\"canonical\" href=\"https:\/\/www.cnctech.ro\/\" \/>\n<meta property=\"og:locale\" content=\"de_DE\" \/>\n<meta property=\"og:type\" content=\"article\" \/>\n<meta property=\"og:title\" content=\"CNC-Tech-nik bei sich zu Hause!\" \/>\n<meta property=\"og:description\" content=\"CNC Tech - Spezialist f\u00fcr mittelschwere bis schwere CNC-Bearbeitungen. Fr\u00e4sen, Drehen und komplexe Pr\u00e4zisionsbearbeitungen. Wir erwecken Ihre Projekte mit Erfahrung und moderner Ausr\u00fcstung zum Leben.\" \/>\n<meta property=\"og:url\" content=\"https:\/\/www.cnctech.ro\/\" \/>\n<meta property=\"og:site_name\" content=\"CNC Tech\" \/>\n<meta property=\"article:modified_time\" content=\"2025-10-13T07:38:03+00:00\" \/>\n<meta name=\"twitter:card\" content=\"summary_large_image\" \/>\n<script type=\"application\/ld+json\" class=\"yoast-schema-graph\">{\"@context\":\"https:\\\/\\\/schema.org\",\"@graph\":[{\"@type\":\"WebPage\",\"@id\":\"https:\\\/\\\/www.cnctech.ro\\\/\",\"url\":\"https:\\\/\\\/www.cnctech.ro\\\/\",\"name\":\"[:ro]CNC Tech-nologia la ea acas\u0103[:en]CNC Tech-nology for everybody[:de]CNC-Tech-nik bei sich zu Hause![:]\",\"isPartOf\":{\"@id\":\"https:\\\/\\\/www.cnctech.ro\\\/#website\"},\"datePublished\":\"2020-09-28T08:09:31+00:00\",\"dateModified\":\"2025-10-13T07:38:03+00:00\",\"description\":\"[:ro]CNC Tech - speciali\u0219ti \u00een prelucr\u0103ri mecanice CNC de dificultate medie spre ridicat\u0103. Frezare, strunjire \u0219i prelucr\u0103ri complexe de precizie. D\u0103m via\u021b\u0103 proiectelor dumneavoastr\u0103 cu experien\u021b\u0103 \u0219i echipamente moderne.[:en]CNC Tech - specialists in medium to high difficulty CNC machining. Milling, turning, and complex precision processing. We bring your projects to life with expertise and modern equipment.[:de]CNC Tech - Spezialist f\u00fcr mittelschwere bis schwere CNC-Bearbeitungen. Fr\u00e4sen, Drehen und komplexe Pr\u00e4zisionsbearbeitungen. Wir erwecken Ihre Projekte mit Erfahrung und moderner Ausr\u00fcstung zum Leben.[:]\",\"breadcrumb\":{\"@id\":\"https:\\\/\\\/www.cnctech.ro\\\/#breadcrumb\"},\"inLanguage\":\"de\",\"potentialAction\":[{\"@type\":\"ReadAction\",\"target\":[\"https:\\\/\\\/www.cnctech.ro\\\/\"]}]},{\"@type\":\"BreadcrumbList\",\"@id\":\"https:\\\/\\\/www.cnctech.ro\\\/#breadcrumb\",\"itemListElement\":[{\"@type\":\"ListItem\",\"position\":1,\"name\":\"Prima pagin\u0103\",\"item\":\"https:\\\/\\\/www.cnctech.ro\\\/\"},{\"@type\":\"ListItem\",\"position\":2,\"name\":\"Acas\u0103\"}]},{\"@type\":\"WebSite\",\"@id\":\"https:\\\/\\\/www.cnctech.ro\\\/#website\",\"url\":\"https:\\\/\\\/www.cnctech.ro\\\/\",\"name\":\"CNC Tech\",\"description\":\"Prelucrari mecanice cu CNC Tech\",\"potentialAction\":[{\"@type\":\"SearchAction\",\"target\":{\"@type\":\"EntryPoint\",\"urlTemplate\":\"https:\\\/\\\/www.cnctech.ro\\\/?s={search_term_string}\"},\"query-input\":{\"@type\":\"PropertyValueSpecification\",\"valueRequired\":true,\"valueName\":\"search_term_string\"}}],\"inLanguage\":\"de\"}]}<\/script>\n<!-- \/ Yoast SEO plugin. -->","yoast_head_json":{"title":"CNC-Tech-nik bei sich zu Hause!","description":"CNC Tech - Spezialist f\u00fcr mittelschwere bis schwere CNC-Bearbeitungen. Fr\u00e4sen, Drehen und komplexe Pr\u00e4zisionsbearbeitungen. Wir erwecken Ihre Projekte mit Erfahrung und moderner Ausr\u00fcstung zum Leben.","robots":{"index":"index","follow":"follow","max-snippet":"max-snippet:-1","max-image-preview":"max-image-preview:large","max-video-preview":"max-video-preview:-1"},"canonical":"https:\/\/www.cnctech.ro\/","og_locale":"de_DE","og_type":"article","og_title":"CNC-Tech-nik bei sich zu Hause!","og_description":"CNC Tech - Spezialist f\u00fcr mittelschwere bis schwere CNC-Bearbeitungen. Fr\u00e4sen, Drehen und komplexe Pr\u00e4zisionsbearbeitungen. Wir erwecken Ihre Projekte mit Erfahrung und moderner Ausr\u00fcstung zum Leben.","og_url":"https:\/\/www.cnctech.ro\/","og_site_name":"CNC Tech","article_modified_time":"2025-10-13T07:38:03+00:00","twitter_card":"summary_large_image","schema":{"@context":"https:\/\/schema.org","@graph":[{"@type":"WebPage","@id":"https:\/\/www.cnctech.ro\/","url":"https:\/\/www.cnctech.ro\/","name":"[:ro]CNC Tech-nologia la ea acas\u0103[:en]CNC Tech-nology for everybody[:de]CNC-Tech-nik bei sich zu Hause![:]","isPartOf":{"@id":"https:\/\/www.cnctech.ro\/#website"},"datePublished":"2020-09-28T08:09:31+00:00","dateModified":"2025-10-13T07:38:03+00:00","description":"[:ro]CNC Tech - speciali\u0219ti \u00een prelucr\u0103ri mecanice CNC de dificultate medie spre ridicat\u0103. Frezare, strunjire \u0219i prelucr\u0103ri complexe de precizie. D\u0103m via\u021b\u0103 proiectelor dumneavoastr\u0103 cu experien\u021b\u0103 \u0219i echipamente moderne.[:en]CNC Tech - specialists in medium to high difficulty CNC machining. Milling, turning, and complex precision processing. We bring your projects to life with expertise and modern equipment.[:de]CNC Tech - Spezialist f\u00fcr mittelschwere bis schwere CNC-Bearbeitungen. Fr\u00e4sen, Drehen und komplexe Pr\u00e4zisionsbearbeitungen. Wir erwecken Ihre Projekte mit Erfahrung und moderner Ausr\u00fcstung zum Leben.[:]","breadcrumb":{"@id":"https:\/\/www.cnctech.ro\/#breadcrumb"},"inLanguage":"de","potentialAction":[{"@type":"ReadAction","target":["https:\/\/www.cnctech.ro\/"]}]},{"@type":"BreadcrumbList","@id":"https:\/\/www.cnctech.ro\/#breadcrumb","itemListElement":[{"@type":"ListItem","position":1,"name":"Prima pagin\u0103","item":"https:\/\/www.cnctech.ro\/"},{"@type":"ListItem","position":2,"name":"Acas\u0103"}]},{"@type":"WebSite","@id":"https:\/\/www.cnctech.ro\/#website","url":"https:\/\/www.cnctech.ro\/","name":"CNC Tech","description":"Prelucrari mecanice cu CNC Tech","potentialAction":[{"@type":"SearchAction","target":{"@type":"EntryPoint","urlTemplate":"https:\/\/www.cnctech.ro\/?s={search_term_string}"},"query-input":{"@type":"PropertyValueSpecification","valueRequired":true,"valueName":"search_term_string"}}],"inLanguage":"de"}]}},"_links":{"self":[{"href":"https:\/\/www.cnctech.ro\/de\/wp-json\/wp\/v2\/pages\/2","targetHints":{"allow":["GET"]}}],"collection":[{"href":"https:\/\/www.cnctech.ro\/de\/wp-json\/wp\/v2\/pages"}],"about":[{"href":"https:\/\/www.cnctech.ro\/de\/wp-json\/wp\/v2\/types\/page"}],"author":[{"embeddable":true,"href":"https:\/\/www.cnctech.ro\/de\/wp-json\/wp\/v2\/users\/1"}],"replies":[{"embeddable":true,"href":"https:\/\/www.cnctech.ro\/de\/wp-json\/wp\/v2\/comments?post=2"}],"version-history":[{"count":3,"href":"https:\/\/www.cnctech.ro\/de\/wp-json\/wp\/v2\/pages\/2\/revisions"}],"predecessor-version":[{"id":5724,"href":"https:\/\/www.cnctech.ro\/de\/wp-json\/wp\/v2\/pages\/2\/revisions\/5724"}],"wp:attachment":[{"href":"https:\/\/www.cnctech.ro\/de\/wp-json\/wp\/v2\/media?parent=2"}],"curies":[{"name":"wp","href":"https:\/\/api.w.org\/{rel}","templated":true}]}}