{"id":1122,"date":"2013-12-11T07:21:51","date_gmt":"2013-12-11T07:21:51","guid":{"rendered":"http:\/\/themes.goodlayers2.com\/flawless\/?page_id=1122"},"modified":"2023-10-12T09:03:15","modified_gmt":"2023-10-12T09:03:15","slug":"despre-prelucrari-mecanice-cu-cnc-tech-bumbesti-jiu","status":"publish","type":"page","link":"https:\/\/www.cnctech.ro\/de\/uber\/","title":{"rendered":"\u00dcber uns"},"content":{"rendered":"<p>[vc_row][vc_column][vc_column_text]<img fetchpriority=\"high\" decoding=\"async\" class=\"alignleft size-medium wp-image-5683\" src=\"https:\/\/www.cnctech.ro\/wp-content\/uploads\/2021\/11\/hala1-300x200.jpg\" alt=\"\" width=\"300\" height=\"200\" srcset=\"https:\/\/www.cnctech.ro\/wp-content\/uploads\/2021\/11\/hala1-300x200.jpg 300w, https:\/\/www.cnctech.ro\/wp-content\/uploads\/2021\/11\/hala1-219x146.jpg 219w, https:\/\/www.cnctech.ro\/wp-content\/uploads\/2021\/11\/hala1-50x33.jpg 50w, https:\/\/www.cnctech.ro\/wp-content\/uploads\/2021\/11\/hala1-113x75.jpg 113w, https:\/\/www.cnctech.ro\/wp-content\/uploads\/2021\/11\/hala1.jpg 600w\" sizes=\"(max-width: 300px) 100vw, 300px\" \/>CNC Tech &#8211; ein auf mechanische Bearbeitungen und Metallstrukturen spezialisiertes Unternehmen &#8211; wurde 2005 gegr\u00fcndet und entspricht der ISO 9001:2015. Von Anfang an konnte sich das neue Unternehmen auf seine umfangreichen Erfahrungen in beiden Bereichen st\u00fctzen, denn CNC Tech ist das symbiotische Produkt zweier Unternehmen, die auf mechanische Bearbeitung und Metallstrukturen spezialisiert sind.<\/p>\n<p>SC SERES PROD COM SRL, die rum\u00e4nische Niederlassung von CNC Tech, wurde 1998 gegr\u00fcndet und stellt geschwei\u00dfte Strukturen und mechanische Konstruktionen her. Im Laufe der Zeit hat sich das Unternehmen auf die Herstellung von Metallstrukturen f\u00fcr industrielle Ma\u00dfst\u00e4be spezialisiert, wobei der Schwerpunkt auf der Automobil- und Bekleidungsindustrie liegt.<\/p>\n<p>Im Jahr 2005 begann die Zusammenarbeit mit dem Unternehmen Mimo SRL. MIMO wurde 1984 in der Region Padua (Italien) gegr\u00fcndet. MIMO ist auf die mechanische Bearbeitung durch Zerspanung spezialisiert. Die Partnerschaft der beiden Unternehmen war von Anfang an erfolgreich, so dass noch im selben Jahr die CNC Tech SRL mit der Er\u00f6ffnung einer kleinen mechanischen Werkstatt gegr\u00fcndet wurde.<br \/>\n<img decoding=\"async\" class=\"alignright size-medium wp-image-5684\" src=\"https:\/\/www.cnctech.ro\/wp-content\/uploads\/2021\/11\/hala2-300x200.jpg\" alt=\"\" width=\"300\" height=\"200\" srcset=\"https:\/\/www.cnctech.ro\/wp-content\/uploads\/2021\/11\/hala2-300x200.jpg 300w, https:\/\/www.cnctech.ro\/wp-content\/uploads\/2021\/11\/hala2-219x146.jpg 219w, https:\/\/www.cnctech.ro\/wp-content\/uploads\/2021\/11\/hala2-50x33.jpg 50w, https:\/\/www.cnctech.ro\/wp-content\/uploads\/2021\/11\/hala2-113x75.jpg 113w, https:\/\/www.cnctech.ro\/wp-content\/uploads\/2021\/11\/hala2.jpg 600w\" sizes=\"(max-width: 300px) 100vw, 300px\" \/>Als die CNC Tech gegr\u00fcndet wurde, war ihr Hauptt\u00e4tigkeitsfeld die Bearbeitung von Metallen mit Hilfe von CNC-Maschinen durch Drehen und Fr\u00e4sen.<\/p>\n<p>Zwei Jahre nach der Gr\u00fcndung der kleinen Maschinenwerkstatt erforderte das Wachstum des Unternehmens einen Umzug in gr\u00f6\u00dfere R\u00e4umlichkeiten. Seit 2007 ist CNC Tech in eine neu gebaute Halle mit einer Nutzfl\u00e4che von 500 m\u00b2 umgezogen, die mit 2 Br\u00fcckenkr\u00e4ne mit einer Tragf\u00e4higkeit von je 2 Tonnen ausgestattet ist.[\/vc_column_text][\/vc_column][\/vc_row][vc_row][vc_column][vc_column_text]<\/p>\n<p>[\/vc_column_text][vc_gallery type=&#8220;image_grid&#8220; images=&#8220;5332,5331,5330,5329,5328,5327&#8243; img_size=&#8220;150&#215;100&#8243;][\/vc_column][\/vc_row]<\/p>\n","protected":false},"excerpt":{"rendered":"<p>[vc_row][vc_column][vc_column_text]CNC Tech &#8211; ein auf mechanische Bearbeitungen und Metallstrukturen spezialisiertes Unternehmen &#8211; wurde 2005 gegr\u00fcndet und entspricht der ISO 9001:2015. Von Anfang an konnte sich das<span class=\"excerpt-hellip\"> [\u2026]<\/span><\/p>\n","protected":false},"author":1,"featured_media":0,"parent":0,"menu_order":0,"comment_status":"closed","ping_status":"open","template":"","meta":{"footnotes":""},"class_list":["post-1122","page","type-page","status-publish","hentry"],"yoast_head":"<!-- This site is optimized with the Yoast SEO plugin v27.5 - https:\/\/yoast.com\/product\/yoast-seo-wordpress\/ -->\n<title>CNC Tech SRL - Mechanische Bearbeitung - \u00dcber uns<\/title>\n<meta name=\"description\" content=\"\u00dcber uns - CNC Tech - Maximale Qualit\u00e4t zu minimalem Preis. Wir erwarten Sie auf unserer Website f\u00fcr weitere Informationen!\" \/>\n<meta name=\"robots\" content=\"index, follow, max-snippet:-1, max-image-preview:large, max-video-preview:-1\" \/>\n<link rel=\"canonical\" href=\"https:\/\/www.cnctech.ro\/despre\/\" \/>\n<meta property=\"og:locale\" content=\"de_DE\" \/>\n<meta property=\"og:type\" content=\"article\" \/>\n<meta property=\"og:title\" content=\"CNC Tech SRL - Mechanische Bearbeitung - \u00dcber uns\" \/>\n<meta property=\"og:description\" content=\"\u00dcber uns - CNC Tech - Maximale Qualit\u00e4t zu minimalem Preis. Wir erwarten Sie auf unserer Website f\u00fcr weitere Informationen!\" \/>\n<meta property=\"og:url\" content=\"https:\/\/www.cnctech.ro\/despre\/\" \/>\n<meta property=\"og:site_name\" content=\"CNC Tech\" \/>\n<meta property=\"article:modified_time\" content=\"2023-10-12T09:03:15+00:00\" \/>\n<meta property=\"og:image\" content=\"https:\/\/www.cnctech.ro\/wp-content\/uploads\/2021\/11\/hala1-300x200.jpg\" \/>\n<meta name=\"twitter:card\" content=\"summary_large_image\" \/>\n<meta name=\"twitter:label1\" content=\"Gesch\u00e4tzte Lesezeit\" \/>\n\t<meta name=\"twitter:data1\" content=\"3\u00a0Minuten\" \/>\n<script type=\"application\/ld+json\" class=\"yoast-schema-graph\">{\"@context\":\"https:\\\/\\\/schema.org\",\"@graph\":[{\"@type\":\"WebPage\",\"@id\":\"https:\\\/\\\/www.cnctech.ro\\\/despre\\\/\",\"url\":\"https:\\\/\\\/www.cnctech.ro\\\/despre\\\/\",\"name\":\"[:ro]CNC Tech SRL - Prelucrari mecanice - Despre noi[:en]CNC Tech SRL - Mechanical Processing - About Us[:de]CNC Tech SRL - Mechanische Bearbeitung - \u00dcber uns[:]\",\"isPartOf\":{\"@id\":\"https:\\\/\\\/www.cnctech.ro\\\/#website\"},\"primaryImageOfPage\":{\"@id\":\"https:\\\/\\\/www.cnctech.ro\\\/despre\\\/#primaryimage\"},\"image\":{\"@id\":\"https:\\\/\\\/www.cnctech.ro\\\/despre\\\/#primaryimage\"},\"thumbnailUrl\":\"https:\\\/\\\/www.cnctech.ro\\\/wp-content\\\/uploads\\\/2021\\\/11\\\/hala1-300x200.jpg\",\"datePublished\":\"2013-12-11T07:21:51+00:00\",\"dateModified\":\"2023-10-12T09:03:15+00:00\",\"description\":\"[:ro]Despre Noi - CNC Tech - Calitate maxima la pret minim. Va asteptam pe site-ul nostru pentru mai multe detalii![:en]About Us - CNC Tech - Maximum quality at minimum price. Visit our website for more information![:de]\u00dcber uns - CNC Tech - Maximale Qualit\u00e4t zu minimalem Preis. Wir erwarten Sie auf unserer Website f\u00fcr weitere Informationen![:]\",\"breadcrumb\":{\"@id\":\"https:\\\/\\\/www.cnctech.ro\\\/despre\\\/#breadcrumb\"},\"inLanguage\":\"de\",\"potentialAction\":[{\"@type\":\"ReadAction\",\"target\":[\"https:\\\/\\\/www.cnctech.ro\\\/despre\\\/\"]}]},{\"@type\":\"ImageObject\",\"inLanguage\":\"de\",\"@id\":\"https:\\\/\\\/www.cnctech.ro\\\/despre\\\/#primaryimage\",\"url\":\"https:\\\/\\\/www.cnctech.ro\\\/wp-content\\\/uploads\\\/2021\\\/11\\\/hala1-300x200.jpg\",\"contentUrl\":\"https:\\\/\\\/www.cnctech.ro\\\/wp-content\\\/uploads\\\/2021\\\/11\\\/hala1-300x200.jpg\"},{\"@type\":\"BreadcrumbList\",\"@id\":\"https:\\\/\\\/www.cnctech.ro\\\/despre\\\/#breadcrumb\",\"itemListElement\":[{\"@type\":\"ListItem\",\"position\":1,\"name\":\"Prima pagin\u0103\",\"item\":\"https:\\\/\\\/www.cnctech.ro\\\/\"},{\"@type\":\"ListItem\",\"position\":2,\"name\":\"Despre\"}]},{\"@type\":\"WebSite\",\"@id\":\"https:\\\/\\\/www.cnctech.ro\\\/#website\",\"url\":\"https:\\\/\\\/www.cnctech.ro\\\/\",\"name\":\"CNC Tech\",\"description\":\"Prelucrari mecanice cu CNC Tech\",\"potentialAction\":[{\"@type\":\"SearchAction\",\"target\":{\"@type\":\"EntryPoint\",\"urlTemplate\":\"https:\\\/\\\/www.cnctech.ro\\\/?s={search_term_string}\"},\"query-input\":{\"@type\":\"PropertyValueSpecification\",\"valueRequired\":true,\"valueName\":\"search_term_string\"}}],\"inLanguage\":\"de\"}]}<\/script>\n<!-- \/ Yoast SEO plugin. -->","yoast_head_json":{"title":"CNC Tech SRL - Mechanische Bearbeitung - \u00dcber uns","description":"\u00dcber uns - CNC Tech - Maximale Qualit\u00e4t zu minimalem Preis. Wir erwarten Sie auf unserer Website f\u00fcr weitere Informationen!","robots":{"index":"index","follow":"follow","max-snippet":"max-snippet:-1","max-image-preview":"max-image-preview:large","max-video-preview":"max-video-preview:-1"},"canonical":"https:\/\/www.cnctech.ro\/despre\/","og_locale":"de_DE","og_type":"article","og_title":"CNC Tech SRL - Mechanische Bearbeitung - \u00dcber uns","og_description":"\u00dcber uns - CNC Tech - Maximale Qualit\u00e4t zu minimalem Preis. Wir erwarten Sie auf unserer Website f\u00fcr weitere Informationen!","og_url":"https:\/\/www.cnctech.ro\/despre\/","og_site_name":"CNC Tech","article_modified_time":"2023-10-12T09:03:15+00:00","og_image":[{"url":"https:\/\/www.cnctech.ro\/wp-content\/uploads\/2021\/11\/hala1-300x200.jpg","type":"","width":"","height":""}],"twitter_card":"summary_large_image","twitter_misc":{"Gesch\u00e4tzte Lesezeit":"3\u00a0Minuten"},"schema":{"@context":"https:\/\/schema.org","@graph":[{"@type":"WebPage","@id":"https:\/\/www.cnctech.ro\/despre\/","url":"https:\/\/www.cnctech.ro\/despre\/","name":"[:ro]CNC Tech SRL - Prelucrari mecanice - Despre noi[:en]CNC Tech SRL - Mechanical Processing - About Us[:de]CNC Tech SRL - Mechanische Bearbeitung - \u00dcber uns[:]","isPartOf":{"@id":"https:\/\/www.cnctech.ro\/#website"},"primaryImageOfPage":{"@id":"https:\/\/www.cnctech.ro\/despre\/#primaryimage"},"image":{"@id":"https:\/\/www.cnctech.ro\/despre\/#primaryimage"},"thumbnailUrl":"https:\/\/www.cnctech.ro\/wp-content\/uploads\/2021\/11\/hala1-300x200.jpg","datePublished":"2013-12-11T07:21:51+00:00","dateModified":"2023-10-12T09:03:15+00:00","description":"[:ro]Despre Noi - CNC Tech - Calitate maxima la pret minim. Va asteptam pe site-ul nostru pentru mai multe detalii![:en]About Us - CNC Tech - Maximum quality at minimum price. Visit our website for more information![:de]\u00dcber uns - CNC Tech - Maximale Qualit\u00e4t zu minimalem Preis. Wir erwarten Sie auf unserer Website f\u00fcr weitere Informationen![:]","breadcrumb":{"@id":"https:\/\/www.cnctech.ro\/despre\/#breadcrumb"},"inLanguage":"de","potentialAction":[{"@type":"ReadAction","target":["https:\/\/www.cnctech.ro\/despre\/"]}]},{"@type":"ImageObject","inLanguage":"de","@id":"https:\/\/www.cnctech.ro\/despre\/#primaryimage","url":"https:\/\/www.cnctech.ro\/wp-content\/uploads\/2021\/11\/hala1-300x200.jpg","contentUrl":"https:\/\/www.cnctech.ro\/wp-content\/uploads\/2021\/11\/hala1-300x200.jpg"},{"@type":"BreadcrumbList","@id":"https:\/\/www.cnctech.ro\/despre\/#breadcrumb","itemListElement":[{"@type":"ListItem","position":1,"name":"Prima pagin\u0103","item":"https:\/\/www.cnctech.ro\/"},{"@type":"ListItem","position":2,"name":"Despre"}]},{"@type":"WebSite","@id":"https:\/\/www.cnctech.ro\/#website","url":"https:\/\/www.cnctech.ro\/","name":"CNC Tech","description":"Prelucrari mecanice cu CNC Tech","potentialAction":[{"@type":"SearchAction","target":{"@type":"EntryPoint","urlTemplate":"https:\/\/www.cnctech.ro\/?s={search_term_string}"},"query-input":{"@type":"PropertyValueSpecification","valueRequired":true,"valueName":"search_term_string"}}],"inLanguage":"de"}]}},"_links":{"self":[{"href":"https:\/\/www.cnctech.ro\/de\/wp-json\/wp\/v2\/pages\/1122","targetHints":{"allow":["GET"]}}],"collection":[{"href":"https:\/\/www.cnctech.ro\/de\/wp-json\/wp\/v2\/pages"}],"about":[{"href":"https:\/\/www.cnctech.ro\/de\/wp-json\/wp\/v2\/types\/page"}],"author":[{"embeddable":true,"href":"https:\/\/www.cnctech.ro\/de\/wp-json\/wp\/v2\/users\/1"}],"replies":[{"embeddable":true,"href":"https:\/\/www.cnctech.ro\/de\/wp-json\/wp\/v2\/comments?post=1122"}],"version-history":[{"count":33,"href":"https:\/\/www.cnctech.ro\/de\/wp-json\/wp\/v2\/pages\/1122\/revisions"}],"predecessor-version":[{"id":9919,"href":"https:\/\/www.cnctech.ro\/de\/wp-json\/wp\/v2\/pages\/1122\/revisions\/9919"}],"wp:attachment":[{"href":"https:\/\/www.cnctech.ro\/de\/wp-json\/wp\/v2\/media?parent=1122"}],"curies":[{"name":"wp","href":"https:\/\/api.w.org\/{rel}","templated":true}]}}